{"id":8248,"date":"2021-09-18T13:39:42","date_gmt":"2021-09-18T11:39:42","guid":{"rendered":"http:\/\/webnativa.hu\/?page_id=8248"},"modified":"2025-02-18T16:40:36","modified_gmt":"2025-02-18T15:40:36","slug":"technologiak-a-raba-sarvari-uzemeben","status":"publish","type":"page","link":"\/en\/technologies\/technologiak-a-raba-sarvari-uzemeben\/","title":{"rendered":"Technol\u00f3gi\u00e1k a R\u00e1ba s\u00e1rv\u00e1ri \u00fczem\u00e9ben"},"content":{"rendered":"\t\t<div data-elementor-type=\"wp-page\" data-elementor-id=\"8248\" class=\"elementor elementor-8248\" data-elementor-post-type=\"page\">\n\t\t\t\t\t\t<section class=\"elementor-section elementor-top-section elementor-element elementor-element-1359c66 elementor-section-stretched elementor-section-height-min-height elementor-section-boxed elementor-section-height-default elementor-section-items-middle\" data-id=\"1359c66\" data-element_type=\"section\" data-e-type=\"section\" data-settings=\"{&quot;stretch_section&quot;:&quot;section-stretched&quot;,&quot;background_background&quot;:&quot;classic&quot;,&quot;jet_parallax_layout_list&quot;:[{&quot;jet_parallax_layout_image&quot;:{&quot;url&quot;:&quot;&quot;,&quot;id&quot;:&quot;&quot;,&quot;size&quot;:&quot;&quot;},&quot;_id&quot;:&quot;39c51d6&quot;,&quot;jet_parallax_layout_image_tablet&quot;:{&quot;url&quot;:&quot;&quot;,&quot;id&quot;:&quot;&quot;,&quot;size&quot;:&quot;&quot;},&quot;jet_parallax_layout_image_mobile&quot;:{&quot;url&quot;:&quot;&quot;,&quot;id&quot;:&quot;&quot;,&quot;size&quot;:&quot;&quot;},&quot;jet_parallax_layout_speed&quot;:{&quot;unit&quot;:&quot;%&quot;,&quot;size&quot;:50,&quot;sizes&quot;:[]},&quot;jet_parallax_layout_type&quot;:&quot;scroll&quot;,&quot;jet_parallax_layout_direction&quot;:&quot;1&quot;,&quot;jet_parallax_layout_fx_direction&quot;:null,&quot;jet_parallax_layout_z_index&quot;:&quot;&quot;,&quot;jet_parallax_layout_bg_x&quot;:50,&quot;jet_parallax_layout_bg_x_tablet&quot;:&quot;&quot;,&quot;jet_parallax_layout_bg_x_mobile&quot;:&quot;&quot;,&quot;jet_parallax_layout_bg_y&quot;:50,&quot;jet_parallax_layout_bg_y_tablet&quot;:&quot;&quot;,&quot;jet_parallax_layout_bg_y_mobile&quot;:&quot;&quot;,&quot;jet_parallax_layout_bg_size&quot;:&quot;auto&quot;,&quot;jet_parallax_layout_bg_size_tablet&quot;:&quot;&quot;,&quot;jet_parallax_layout_bg_size_mobile&quot;:&quot;&quot;,&quot;jet_parallax_layout_animation_prop&quot;:&quot;transform&quot;,&quot;jet_parallax_layout_on&quot;:[&quot;desktop&quot;,&quot;tablet&quot;]}]}\">\n\t\t\t\t\t\t\t<div class=\"elementor-background-overlay\"><\/div>\n\t\t\t\t\t\t\t<div class=\"elementor-container elementor-column-gap-default\">\n\t\t\t\t\t<div class=\"elementor-column elementor-col-100 elementor-top-column elementor-element elementor-element-0e90bdb\" data-id=\"0e90bdb\" data-element_type=\"column\" data-e-type=\"column\">\n\t\t\t<div class=\"elementor-widget-wrap elementor-element-populated\">\n\t\t\t\t\t\t<div class=\"elementor-element elementor-element-7f4b48b elementor-widget elementor-widget-heading\" data-id=\"7f4b48b\" data-element_type=\"widget\" data-e-type=\"widget\" data-widget_type=\"heading.default\">\n\t\t\t\t<div class=\"elementor-widget-container\">\n\t\t\t\t\t<h1 class=\"elementor-heading-title elementor-size-default\">technol\u00f3gi\u00e1k<\/h1>\t\t\t\t<\/div>\n\t\t\t\t<\/div>\n\t\t\t\t\t<\/div>\n\t\t<\/div>\n\t\t\t\t\t<\/div>\n\t\t<\/section>\n\t\t\t\t<section class=\"elementor-section elementor-top-section elementor-element elementor-element-342f8eb elementor-section-boxed elementor-section-height-default elementor-section-height-default\" data-id=\"342f8eb\" data-element_type=\"section\" data-e-type=\"section\" data-settings=\"{&quot;jet_parallax_layout_list&quot;:[{&quot;jet_parallax_layout_image&quot;:{&quot;url&quot;:&quot;&quot;,&quot;id&quot;:&quot;&quot;,&quot;size&quot;:&quot;&quot;},&quot;_id&quot;:&quot;50ce2db&quot;,&quot;jet_parallax_layout_image_tablet&quot;:{&quot;url&quot;:&quot;&quot;,&quot;id&quot;:&quot;&quot;,&quot;size&quot;:&quot;&quot;},&quot;jet_parallax_layout_image_mobile&quot;:{&quot;url&quot;:&quot;&quot;,&quot;id&quot;:&quot;&quot;,&quot;size&quot;:&quot;&quot;},&quot;jet_parallax_layout_speed&quot;:{&quot;unit&quot;:&quot;%&quot;,&quot;size&quot;:50,&quot;sizes&quot;:[]},&quot;jet_parallax_layout_type&quot;:&quot;scroll&quot;,&quot;jet_parallax_layout_direction&quot;:&quot;1&quot;,&quot;jet_parallax_layout_fx_direction&quot;:null,&quot;jet_parallax_layout_z_index&quot;:&quot;&quot;,&quot;jet_parallax_layout_bg_x&quot;:50,&quot;jet_parallax_layout_bg_x_tablet&quot;:&quot;&quot;,&quot;jet_parallax_layout_bg_x_mobile&quot;:&quot;&quot;,&quot;jet_parallax_layout_bg_y&quot;:50,&quot;jet_parallax_layout_bg_y_tablet&quot;:&quot;&quot;,&quot;jet_parallax_layout_bg_y_mobile&quot;:&quot;&quot;,&quot;jet_parallax_layout_bg_size&quot;:&quot;auto&quot;,&quot;jet_parallax_layout_bg_size_tablet&quot;:&quot;&quot;,&quot;jet_parallax_layout_bg_size_mobile&quot;:&quot;&quot;,&quot;jet_parallax_layout_animation_prop&quot;:&quot;transform&quot;,&quot;jet_parallax_layout_on&quot;:[&quot;desktop&quot;,&quot;tablet&quot;]}]}\">\n\t\t\t\t\t\t<div class=\"elementor-container elementor-column-gap-default\">\n\t\t\t\t\t<div class=\"elementor-column elementor-col-100 elementor-top-column elementor-element elementor-element-8cf2423\" data-id=\"8cf2423\" data-element_type=\"column\" data-e-type=\"column\">\n\t\t\t<div class=\"elementor-widget-wrap elementor-element-populated\">\n\t\t\t\t\t\t<div class=\"elementor-element elementor-element-101c3c4 elementor-widget__width-initial elementor-widget elementor-widget-heading\" data-id=\"101c3c4\" data-element_type=\"widget\" data-e-type=\"widget\" data-widget_type=\"heading.default\">\n\t\t\t\t<div class=\"elementor-widget-container\">\n\t\t\t\t\t<h2 class=\"elementor-heading-title elementor-size-default\">TECHNOL\u00d3GI\u00c1K  A R\u00c1BA s\u00e1rv\u00e1ri \u00dcZEM\u00c9BEN<\/h2>\t\t\t\t<\/div>\n\t\t\t\t<\/div>\n\t\t\t\t<div class=\"elementor-element elementor-element-47be4e1 elementor-widget__width-initial elementor-widget elementor-widget-heading\" data-id=\"47be4e1\" data-element_type=\"widget\" data-e-type=\"widget\" data-widget_type=\"heading.default\">\n\t\t\t\t<div class=\"elementor-widget-container\">\n\t\t\t\t\t<div class=\"elementor-heading-title elementor-size-default\">R\u00e1ba Fut\u00f3m\u0171 Gy\u00e1rt\u00f3 \u00e9s Kereskedelmi Kft.\n<\/div>\t\t\t\t<\/div>\n\t\t\t\t<\/div>\n\t\t\t\t<div class=\"elementor-element elementor-element-e4a0cdd elementor-widget__width-initial elementor-widget-mobile__width-inherit elementor-widget elementor-widget-text-editor\" data-id=\"e4a0cdd\" data-element_type=\"widget\" data-e-type=\"widget\" data-widget_type=\"text-editor.default\">\n\t\t\t\t<div class=\"elementor-widget-container\">\n\t\t\t\t\t\t\t\t\t<p>A R\u00e1ba s\u00e1rv\u00e1ri \u00fczem\u00e9nek folyamatosan meg\u00fajul\u00f3 technol\u00f3gi\u00e1ja \u00e9s g\u00e9pparkja NC, CNC megmunk\u00e1l\u00f3 k\u00f6zpontokat, NC, CNC eszterga-, mar\u00f3- \u00e9s tradicion\u00e1lis eszterga-, f\u00far\u00f3-, mar\u00f3-, k\u00f6sz\u00f6r\u0171- \u00e9s csiszol\u00f3g\u00e9peket, \u00fcregel\u0151 g\u00e9peket, illetve h\u0151kezel\u0151 berendez\u00e9seket foglal mag\u00e1ban.<\/p><p><u>Eszterg\u00e1l\u00e1s<\/u> <strong><br \/><\/strong>Eszterga megmunk\u00e1l\u00e1sainkat jellemz\u0151en <strong>10-600 mm-es \u00e1tm\u00e9r\u0151ben \u00e9s maximum 1000 mm hosszban v\u00e9gezz\u00fck,<\/strong> hagyom\u00e1nyos, illetve NC, CNC vez\u00e9rl\u00e9s\u0171 eszterg\u00e1kon<\/p>\t\t\t\t\t\t\t\t<\/div>\n\t\t\t\t<\/div>\n\t\t\t\t<div class=\"elementor-element elementor-element-c157ad9 elementor-widget__width-initial elementor-widget elementor-widget-gallery\" data-id=\"c157ad9\" data-element_type=\"widget\" data-e-type=\"widget\" data-settings=\"{&quot;lazyload&quot;:&quot;yes&quot;,&quot;gallery_layout&quot;:&quot;grid&quot;,&quot;columns&quot;:4,&quot;columns_tablet&quot;:2,&quot;columns_mobile&quot;:1,&quot;gap&quot;:{&quot;unit&quot;:&quot;px&quot;,&quot;size&quot;:10,&quot;sizes&quot;:[]},&quot;gap_tablet&quot;:{&quot;unit&quot;:&quot;px&quot;,&quot;size&quot;:10,&quot;sizes&quot;:[]},&quot;gap_mobile&quot;:{&quot;unit&quot;:&quot;px&quot;,&quot;size&quot;:10,&quot;sizes&quot;:[]},&quot;link_to&quot;:&quot;file&quot;,&quot;aspect_ratio&quot;:&quot;3:2&quot;,&quot;overlay_background&quot;:&quot;yes&quot;,&quot;content_hover_animation&quot;:&quot;fade-in&quot;}\" data-widget_type=\"gallery.default\">\n\t\t\t\t<div class=\"elementor-widget-container\">\n\t\t\t\t\t\t\t<div class=\"elementor-gallery__container\">\n\t\t\t\t\t\t\t<a class=\"e-gallery-item elementor-gallery-item elementor-animated-content\" href=\"https:\/\/raba.hu\/wp-content\/uploads\/2022\/01\/raba_Esztergalas_1.jpg\" data-elementor-open-lightbox=\"yes\" data-elementor-lightbox-slideshow=\"c157ad9\" data-elementor-lightbox-title=\"raba_Eszterg\u00e1l\u00e1s_1\" data-e-action-hash=\"#elementor-action%3Aaction%3Dlightbox%26settings%3DeyJpZCI6OTc1NywidXJsIjoiaHR0cHM6XC9cL3JhYmEuaHVcL3dwLWNvbnRlbnRcL3VwbG9hZHNcLzIwMjJcLzAxXC9yYWJhX0VzenRlcmdhbGFzXzEuanBnIiwic2xpZGVzaG93IjoiYzE1N2FkOSJ9\">\n\t\t\t\t\t<div class=\"e-gallery-image elementor-gallery-item__image\" data-thumbnail=\"https:\/\/raba.hu\/wp-content\/uploads\/2022\/01\/raba_Esztergalas_1-300x169.jpg\" data-width=\"300\" data-height=\"169\" aria-label=\"\" role=\"img\" ><\/div>\n\t\t\t\t\t\t\t\t\t\t\t<div class=\"elementor-gallery-item__overlay\"><\/div>\n\t\t\t\t\t\t\t\t\t\t\t\t\t\t<\/a>\n\t\t\t\t\t<\/div>\n\t\t\t\t\t<\/div>\n\t\t\t\t<\/div>\n\t\t\t\t<div class=\"elementor-element elementor-element-60d98d4 elementor-widget__width-initial elementor-widget-mobile__width-inherit elementor-widget elementor-widget-text-editor\" data-id=\"60d98d4\" data-element_type=\"widget\" data-e-type=\"widget\" data-widget_type=\"text-editor.default\">\n\t\t\t\t<div class=\"elementor-widget-container\">\n\t\t\t\t\t\t\t\t\t<p><u>F\u00far\u00e1s, mar\u00e1s<\/u> <strong><br \/><\/strong>A f\u00far\u00e1si,\u00a0 mar\u00e1si tev\u00e9kenys\u00e9geket <strong>maximum 700x 800x 900 mm-es befoglal\u00f3 m\u00e9retben<\/strong> tudjuk v\u00e9gezni. hagyom\u00e1nyos, illetve NC, CNC vez\u00e9rl\u00e9s\u0171 berendez\u00e9seken<\/p>\t\t\t\t\t\t\t\t<\/div>\n\t\t\t\t<\/div>\n\t\t\t\t<div class=\"elementor-element elementor-element-abfd7c6 elementor-widget__width-initial elementor-widget elementor-widget-gallery\" data-id=\"abfd7c6\" data-element_type=\"widget\" data-e-type=\"widget\" data-settings=\"{&quot;lazyload&quot;:&quot;yes&quot;,&quot;gallery_layout&quot;:&quot;grid&quot;,&quot;columns&quot;:4,&quot;columns_tablet&quot;:2,&quot;columns_mobile&quot;:1,&quot;gap&quot;:{&quot;unit&quot;:&quot;px&quot;,&quot;size&quot;:10,&quot;sizes&quot;:[]},&quot;gap_tablet&quot;:{&quot;unit&quot;:&quot;px&quot;,&quot;size&quot;:10,&quot;sizes&quot;:[]},&quot;gap_mobile&quot;:{&quot;unit&quot;:&quot;px&quot;,&quot;size&quot;:10,&quot;sizes&quot;:[]},&quot;link_to&quot;:&quot;file&quot;,&quot;aspect_ratio&quot;:&quot;3:2&quot;,&quot;overlay_background&quot;:&quot;yes&quot;,&quot;content_hover_animation&quot;:&quot;fade-in&quot;}\" data-widget_type=\"gallery.default\">\n\t\t\t\t<div class=\"elementor-widget-container\">\n\t\t\t\t\t\t\t<div class=\"elementor-gallery__container\">\n\t\t\t\t\t\t\t<a class=\"e-gallery-item elementor-gallery-item elementor-animated-content\" href=\"https:\/\/raba.hu\/wp-content\/uploads\/2022\/01\/raba_Furas-maras-2.jpg\" data-elementor-open-lightbox=\"yes\" data-elementor-lightbox-slideshow=\"abfd7c6\" data-elementor-lightbox-title=\"raba_F\u00far\u00e1s-mar\u00e1s 2\" data-e-action-hash=\"#elementor-action%3Aaction%3Dlightbox%26settings%3DeyJpZCI6OTc2MSwidXJsIjoiaHR0cHM6XC9cL3JhYmEuaHVcL3dwLWNvbnRlbnRcL3VwbG9hZHNcLzIwMjJcLzAxXC9yYWJhX0Z1cmFzLW1hcmFzLTIuanBnIiwic2xpZGVzaG93IjoiYWJmZDdjNiJ9\">\n\t\t\t\t\t<div class=\"e-gallery-image elementor-gallery-item__image\" data-thumbnail=\"https:\/\/raba.hu\/wp-content\/uploads\/2022\/01\/raba_Furas-maras-2-300x200.jpg\" data-width=\"300\" data-height=\"200\" aria-label=\"\" role=\"img\" ><\/div>\n\t\t\t\t\t\t\t\t\t\t\t<div class=\"elementor-gallery-item__overlay\"><\/div>\n\t\t\t\t\t\t\t\t\t\t\t\t\t\t<\/a>\n\t\t\t\t\t\t\t<a class=\"e-gallery-item elementor-gallery-item elementor-animated-content\" href=\"https:\/\/raba.hu\/wp-content\/uploads\/2022\/01\/raba_Furasmaras-3.jpg\" data-elementor-open-lightbox=\"yes\" data-elementor-lightbox-slideshow=\"abfd7c6\" data-elementor-lightbox-title=\"raba_Fur\u00e1smar\u00e1s 3\" data-e-action-hash=\"#elementor-action%3Aaction%3Dlightbox%26settings%3DeyJpZCI6OTc2MywidXJsIjoiaHR0cHM6XC9cL3JhYmEuaHVcL3dwLWNvbnRlbnRcL3VwbG9hZHNcLzIwMjJcLzAxXC9yYWJhX0Z1cmFzbWFyYXMtMy5qcGciLCJzbGlkZXNob3ciOiJhYmZkN2M2In0%3D\">\n\t\t\t\t\t<div class=\"e-gallery-image elementor-gallery-item__image\" data-thumbnail=\"https:\/\/raba.hu\/wp-content\/uploads\/2022\/01\/raba_Furasmaras-3-300x200.jpg\" data-width=\"300\" data-height=\"200\" aria-label=\"\" role=\"img\" ><\/div>\n\t\t\t\t\t\t\t\t\t\t\t<div class=\"elementor-gallery-item__overlay\"><\/div>\n\t\t\t\t\t\t\t\t\t\t\t\t\t\t<\/a>\n\t\t\t\t\t\t\t<a class=\"e-gallery-item elementor-gallery-item elementor-animated-content\" href=\"https:\/\/raba.hu\/wp-content\/uploads\/2022\/01\/raba_Furas.maras_.jpg\" data-elementor-open-lightbox=\"yes\" data-elementor-lightbox-slideshow=\"abfd7c6\" data-elementor-lightbox-title=\"raba_F\u00far\u00e1s.mar\u00e1s\" data-e-action-hash=\"#elementor-action%3Aaction%3Dlightbox%26settings%3DeyJpZCI6OTc1OSwidXJsIjoiaHR0cHM6XC9cL3JhYmEuaHVcL3dwLWNvbnRlbnRcL3VwbG9hZHNcLzIwMjJcLzAxXC9yYWJhX0Z1cmFzLm1hcmFzXy5qcGciLCJzbGlkZXNob3ciOiJhYmZkN2M2In0%3D\">\n\t\t\t\t\t<div class=\"e-gallery-image elementor-gallery-item__image\" data-thumbnail=\"https:\/\/raba.hu\/wp-content\/uploads\/2022\/01\/raba_Furas.maras_-300x169.jpg\" data-width=\"300\" data-height=\"169\" aria-label=\"\" role=\"img\" ><\/div>\n\t\t\t\t\t\t\t\t\t\t\t<div class=\"elementor-gallery-item__overlay\"><\/div>\n\t\t\t\t\t\t\t\t\t\t\t\t\t\t<\/a>\n\t\t\t\t\t<\/div>\n\t\t\t\t\t<\/div>\n\t\t\t\t<\/div>\n\t\t\t\t<div class=\"elementor-element elementor-element-113d8d2 elementor-widget__width-initial elementor-widget-mobile__width-inherit elementor-widget elementor-widget-text-editor\" data-id=\"113d8d2\" data-element_type=\"widget\" data-e-type=\"widget\" data-widget_type=\"text-editor.default\">\n\t\t\t\t<div class=\"elementor-widget-container\">\n\t\t\t\t\t\t\t\t\t<p><u>Finom megmunk\u00e1l\u00e1s, k\u00f6sz\u00f6r\u00fcl\u00e9s<\/u> <strong><br \/><\/strong>Finom megmunk\u00e1l\u00e1sokat, k\u00f6sz\u00f6r\u00fcl\u00e9seket <strong>cs\u00facs\u2013 \u00e9s cs\u00facs n\u00e9lk\u00fcli kivitelben 4 mm-es \u00e1tm\u00e9r\u0151t\u0151l 300 mm-ig \u00e9s 800 mm hosszban<\/strong> tudunk v\u00e9gezni.<\/p><p><u>K\u00fcl\u00f6nleges technol\u00f3gi\u00e1k<\/u> <strong><br \/>Bordafogazat k\u00e9sz\u00edt\u00e9se k\u00e9pl\u00e9keny (GROB) alak\u00edt\u00e1ssal<\/strong>, melyet 120 mm-es \u00e1tm\u00e9r\u0151ig, 450 mm hosszban alkalmazunk. <strong>Bels\u0151 \u00fcregel\u00e9si technol\u00f3gi\u00e1val<\/strong> maximum 150X \u00d8220 m\u00e9ret\u0171 darabok bels\u0151 fogazat\u00e1t tudjuk elk\u00e9sz\u00edteni.\u00a0<\/p>\t\t\t\t\t\t\t\t<\/div>\n\t\t\t\t<\/div>\n\t\t\t\t<div class=\"elementor-element elementor-element-6d8fdda elementor-widget__width-initial elementor-widget elementor-widget-gallery\" data-id=\"6d8fdda\" data-element_type=\"widget\" data-e-type=\"widget\" data-settings=\"{&quot;lazyload&quot;:&quot;yes&quot;,&quot;gallery_layout&quot;:&quot;grid&quot;,&quot;columns&quot;:4,&quot;columns_tablet&quot;:2,&quot;columns_mobile&quot;:1,&quot;gap&quot;:{&quot;unit&quot;:&quot;px&quot;,&quot;size&quot;:10,&quot;sizes&quot;:[]},&quot;gap_tablet&quot;:{&quot;unit&quot;:&quot;px&quot;,&quot;size&quot;:10,&quot;sizes&quot;:[]},&quot;gap_mobile&quot;:{&quot;unit&quot;:&quot;px&quot;,&quot;size&quot;:10,&quot;sizes&quot;:[]},&quot;link_to&quot;:&quot;file&quot;,&quot;aspect_ratio&quot;:&quot;3:2&quot;,&quot;overlay_background&quot;:&quot;yes&quot;,&quot;content_hover_animation&quot;:&quot;fade-in&quot;}\" data-widget_type=\"gallery.default\">\n\t\t\t\t<div class=\"elementor-widget-container\">\n\t\t\t\t\t\t\t<div class=\"elementor-gallery__container\">\n\t\t\t\t\t\t\t<a class=\"e-gallery-item elementor-gallery-item elementor-animated-content\" href=\"https:\/\/raba.hu\/wp-content\/uploads\/2022\/01\/raba_kulonleges.techn_.gyartocella2.jpg\" data-elementor-open-lightbox=\"yes\" data-elementor-lightbox-slideshow=\"6d8fdda\" data-elementor-lightbox-title=\"raba_k\u00fcl\u00f6nleges.techn.gy\u00e1rt\u00f3cella2\" data-e-action-hash=\"#elementor-action%3Aaction%3Dlightbox%26settings%3DeyJpZCI6OTc3NSwidXJsIjoiaHR0cHM6XC9cL3JhYmEuaHVcL3dwLWNvbnRlbnRcL3VwbG9hZHNcLzIwMjJcLzAxXC9yYWJhX2t1bG9ubGVnZXMudGVjaG5fLmd5YXJ0b2NlbGxhMi5qcGciLCJzbGlkZXNob3ciOiI2ZDhmZGRhIn0%3D\">\n\t\t\t\t\t<div class=\"e-gallery-image elementor-gallery-item__image\" data-thumbnail=\"https:\/\/raba.hu\/wp-content\/uploads\/2022\/01\/raba_kulonleges.techn_.gyartocella2-300x169.jpg\" data-width=\"300\" data-height=\"169\" aria-label=\"\" role=\"img\" ><\/div>\n\t\t\t\t\t\t\t\t\t\t\t<div class=\"elementor-gallery-item__overlay\"><\/div>\n\t\t\t\t\t\t\t\t\t\t\t\t\t\t<\/a>\n\t\t\t\t\t\t\t<a class=\"e-gallery-item elementor-gallery-item elementor-animated-content\" href=\"https:\/\/raba.hu\/wp-content\/uploads\/2022\/01\/raba_Kulonleges-techn-bordaveres_gep.jpg\" data-elementor-open-lightbox=\"yes\" data-elementor-lightbox-slideshow=\"6d8fdda\" data-elementor-lightbox-title=\"raba_K\u00fcl\u00f6nleges techn bordaveres_gep\" data-e-action-hash=\"#elementor-action%3Aaction%3Dlightbox%26settings%3DeyJpZCI6OTc3MywidXJsIjoiaHR0cHM6XC9cL3JhYmEuaHVcL3dwLWNvbnRlbnRcL3VwbG9hZHNcLzIwMjJcLzAxXC9yYWJhX0t1bG9ubGVnZXMtdGVjaG4tYm9yZGF2ZXJlc19nZXAuanBnIiwic2xpZGVzaG93IjoiNmQ4ZmRkYSJ9\">\n\t\t\t\t\t<div class=\"e-gallery-image elementor-gallery-item__image\" data-thumbnail=\"https:\/\/raba.hu\/wp-content\/uploads\/2022\/01\/raba_Kulonleges-techn-bordaveres_gep-300x244.jpg\" data-width=\"300\" data-height=\"244\" aria-label=\"\" role=\"img\" ><\/div>\n\t\t\t\t\t\t\t\t\t\t\t<div class=\"elementor-gallery-item__overlay\"><\/div>\n\t\t\t\t\t\t\t\t\t\t\t\t\t\t<\/a>\n\t\t\t\t\t<\/div>\n\t\t\t\t\t<\/div>\n\t\t\t\t<\/div>\n\t\t\t\t<div class=\"elementor-element elementor-element-3302b41 elementor-widget__width-initial elementor-widget-mobile__width-inherit elementor-widget elementor-widget-text-editor\" data-id=\"3302b41\" data-element_type=\"widget\" data-e-type=\"widget\" data-widget_type=\"text-editor.default\">\n\t\t\t\t<div class=\"elementor-widget-container\">\n\t\t\t\t\t\t\t\t\t<p><u>H\u0151kezel\u00e9si technol\u00f3gia<\/u> <strong><br \/><\/strong>H\u0151kezel\u00e9si technol\u00f3gi\u00e1nk mag\u00e1ban foglalja az edz\u00e9st, indukci\u00f3s edz\u00e9st \u00e9s a megereszt\u00e9st, tengely \u00e9s t\u00e1rcsa jelleg\u0171 term\u00e9keken egyar\u00e1nt.<\/p>\t\t\t\t\t\t\t\t<\/div>\n\t\t\t\t<\/div>\n\t\t\t\t<div class=\"elementor-element elementor-element-faad7de elementor-widget__width-initial elementor-widget elementor-widget-gallery\" data-id=\"faad7de\" data-element_type=\"widget\" data-e-type=\"widget\" data-settings=\"{&quot;lazyload&quot;:&quot;yes&quot;,&quot;gallery_layout&quot;:&quot;grid&quot;,&quot;columns&quot;:4,&quot;columns_tablet&quot;:2,&quot;columns_mobile&quot;:1,&quot;gap&quot;:{&quot;unit&quot;:&quot;px&quot;,&quot;size&quot;:10,&quot;sizes&quot;:[]},&quot;gap_tablet&quot;:{&quot;unit&quot;:&quot;px&quot;,&quot;size&quot;:10,&quot;sizes&quot;:[]},&quot;gap_mobile&quot;:{&quot;unit&quot;:&quot;px&quot;,&quot;size&quot;:10,&quot;sizes&quot;:[]},&quot;link_to&quot;:&quot;file&quot;,&quot;aspect_ratio&quot;:&quot;3:2&quot;,&quot;overlay_background&quot;:&quot;yes&quot;,&quot;content_hover_animation&quot;:&quot;fade-in&quot;}\" data-widget_type=\"gallery.default\">\n\t\t\t\t<div class=\"elementor-widget-container\">\n\t\t\t\t\t\t\t<div class=\"elementor-gallery__container\">\n\t\t\t\t\t\t\t<a class=\"e-gallery-item elementor-gallery-item elementor-animated-content\" href=\"https:\/\/raba.hu\/wp-content\/uploads\/2022\/01\/raba_Hokezeles_edzes.jpg\" data-elementor-open-lightbox=\"yes\" data-elementor-lightbox-slideshow=\"faad7de\" data-elementor-lightbox-title=\"raba_Hokezel\u00e9s_edzes\" data-e-action-hash=\"#elementor-action%3Aaction%3Dlightbox%26settings%3DeyJpZCI6OTc2OSwidXJsIjoiaHR0cHM6XC9cL3JhYmEuaHVcL3dwLWNvbnRlbnRcL3VwbG9hZHNcLzIwMjJcLzAxXC9yYWJhX0hva2V6ZWxlc19lZHplcy5qcGciLCJzbGlkZXNob3ciOiJmYWFkN2RlIn0%3D\">\n\t\t\t\t\t<div class=\"e-gallery-image elementor-gallery-item__image\" data-thumbnail=\"https:\/\/raba.hu\/wp-content\/uploads\/2022\/01\/raba_Hokezeles_edzes-300x225.jpg\" data-width=\"300\" data-height=\"225\" aria-label=\"\" role=\"img\" ><\/div>\n\t\t\t\t\t\t\t\t\t\t\t<div class=\"elementor-gallery-item__overlay\"><\/div>\n\t\t\t\t\t\t\t\t\t\t\t\t\t\t<\/a>\n\t\t\t\t\t\t\t<a class=\"e-gallery-item elementor-gallery-item elementor-animated-content\" href=\"https:\/\/raba.hu\/wp-content\/uploads\/2022\/01\/raba_Hokezeles.jpg\" data-elementor-open-lightbox=\"yes\" data-elementor-lightbox-slideshow=\"faad7de\" data-elementor-lightbox-title=\"raba_Hokezeles\" data-e-action-hash=\"#elementor-action%3Aaction%3Dlightbox%26settings%3DeyJpZCI6OTc2NywidXJsIjoiaHR0cHM6XC9cL3JhYmEuaHVcL3dwLWNvbnRlbnRcL3VwbG9hZHNcLzIwMjJcLzAxXC9yYWJhX0hva2V6ZWxlcy5qcGciLCJzbGlkZXNob3ciOiJmYWFkN2RlIn0%3D\">\n\t\t\t\t\t<div class=\"e-gallery-image elementor-gallery-item__image\" data-thumbnail=\"https:\/\/raba.hu\/wp-content\/uploads\/2022\/01\/raba_Hokezeles-228x300.jpg\" data-width=\"228\" data-height=\"300\" aria-label=\"\" role=\"img\" ><\/div>\n\t\t\t\t\t\t\t\t\t\t\t<div class=\"elementor-gallery-item__overlay\"><\/div>\n\t\t\t\t\t\t\t\t\t\t\t\t\t\t<\/a>\n\t\t\t\t\t\t\t<a class=\"e-gallery-item elementor-gallery-item elementor-animated-content\" href=\"https:\/\/raba.hu\/wp-content\/uploads\/2022\/01\/raba_Hokezeles-3.jpg\" data-elementor-open-lightbox=\"yes\" data-elementor-lightbox-slideshow=\"faad7de\" data-elementor-lightbox-title=\"raba_Hokezel\u00e9s 3\" data-e-action-hash=\"#elementor-action%3Aaction%3Dlightbox%26settings%3DeyJpZCI6OTc2NSwidXJsIjoiaHR0cHM6XC9cL3JhYmEuaHVcL3dwLWNvbnRlbnRcL3VwbG9hZHNcLzIwMjJcLzAxXC9yYWJhX0hva2V6ZWxlcy0zLmpwZyIsInNsaWRlc2hvdyI6ImZhYWQ3ZGUifQ%3D%3D\">\n\t\t\t\t\t<div class=\"e-gallery-image elementor-gallery-item__image\" data-thumbnail=\"https:\/\/raba.hu\/wp-content\/uploads\/2022\/01\/raba_Hokezeles-3-300x225.jpg\" data-width=\"300\" data-height=\"225\" aria-label=\"\" role=\"img\" ><\/div>\n\t\t\t\t\t\t\t\t\t\t\t<div class=\"elementor-gallery-item__overlay\"><\/div>\n\t\t\t\t\t\t\t\t\t\t\t\t\t\t<\/a>\n\t\t\t\t\t<\/div>\n\t\t\t\t\t<\/div>\n\t\t\t\t<\/div>\n\t\t\t\t<div class=\"elementor-element elementor-element-a2df103 elementor-widget__width-initial elementor-widget-mobile__width-inherit elementor-widget elementor-widget-text-editor\" data-id=\"a2df103\" data-element_type=\"widget\" data-e-type=\"widget\" data-widget_type=\"text-editor.default\">\n\t\t\t\t<div class=\"elementor-widget-container\">\n\t\t\t\t\t\t\t\t\t<p><u>Szerel\u00e9si technol\u00f3gia<\/u> <br \/>Szerel\u00e9si technol\u00f3gi\u00e1nkkal egyre \u00f6sszetettebb r\u00e9szegys\u00e9get tudunk el\u0151\u00e1ll\u00edtani az \u00e1ltalunk gy\u00e1rtott term\u00e9kekb\u0151l vev\u0151ink sz\u00e9lesebb k\u00f6r\u0171 kiszolg\u00e1l\u00e1sa \u00e9rdek\u00e9ben\u00a0\u00a0<\/p>\t\t\t\t\t\t\t\t<\/div>\n\t\t\t\t<\/div>\n\t\t\t\t<div class=\"elementor-element elementor-element-2fd0c47 elementor-widget__width-initial elementor-absolute elementor-widget elementor-widget-image\" data-id=\"2fd0c47\" data-element_type=\"widget\" data-e-type=\"widget\" data-settings=\"{&quot;_position&quot;:&quot;absolute&quot;}\" data-widget_type=\"image.default\">\n\t\t\t\t<div class=\"elementor-widget-container\">\n\t\t\t\t\t\t\t\t\t\t\t\t\t\t\t<img decoding=\"async\" width=\"161\" height=\"277\" src=\"https:\/\/raba.hu\/wp-content\/uploads\/2021\/04\/Shape-38-copy.png\" class=\"attachment-large size-large wp-image-389\" alt=\"\" \/>\t\t\t\t\t\t\t\t\t\t\t\t\t\t\t<\/div>\n\t\t\t\t<\/div>\n\t\t\t\t<div class=\"elementor-element elementor-element-1eab8e6 elementor-widget__width-initial elementor-absolute elementor-widget elementor-widget-image\" data-id=\"1eab8e6\" data-element_type=\"widget\" data-e-type=\"widget\" data-settings=\"{&quot;_position&quot;:&quot;absolute&quot;}\" data-widget_type=\"image.default\">\n\t\t\t\t<div class=\"elementor-widget-container\">\n\t\t\t\t\t\t\t\t\t\t\t\t\t\t\t<img decoding=\"async\" width=\"277\" height=\"161\" src=\"https:\/\/raba.hu\/wp-content\/uploads\/2021\/03\/Shape-38.png\" class=\"attachment-large size-large wp-image-92\" alt=\"\" \/>\t\t\t\t\t\t\t\t\t\t\t\t\t\t\t<\/div>\n\t\t\t\t<\/div>\n\t\t\t\t\t<\/div>\n\t\t<\/div>\n\t\t\t\t\t<\/div>\n\t\t<\/section>\n\t\t\t\t<\/div>\n\t\t","protected":false},"excerpt":{"rendered":"<p>technol\u00f3gi\u00e1k TECHNOL\u00d3GI\u00c1K A R\u00c1BA s\u00e1rv\u00e1ri \u00dcZEM\u00c9BEN R\u00e1ba Fut\u00f3m\u0171 Gy\u00e1rt\u00f3 \u00e9s Kereskedelmi Kft. A R\u00e1ba s\u00e1rv\u00e1ri \u00fczem\u00e9nek folyamatosan meg\u00fajul\u00f3 technol\u00f3gi\u00e1ja \u00e9s g\u00e9pparkja NC, CNC megmunk\u00e1l\u00f3 k\u00f6zpontokat, NC, CNC eszterga-, mar\u00f3- \u00e9s tradicion\u00e1lis eszterga-, f\u00far\u00f3-, mar\u00f3-, k\u00f6sz\u00f6r\u0171- \u00e9s csiszol\u00f3g\u00e9peket, \u00fcregel\u0151 g\u00e9peket, illetve h\u0151kezel\u0151 berendez\u00e9seket foglal mag\u00e1ban. Eszterg\u00e1l\u00e1s Eszterga megmunk\u00e1l\u00e1sainkat jellemz\u0151en 10-600 mm-es \u00e1tm\u00e9r\u0151ben \u00e9s maximum 1000 mm &#8230; <a title=\"Technol\u00f3gi\u00e1k a R\u00e1ba s\u00e1rv\u00e1ri \u00fczem\u00e9ben\" class=\"read-more\" href=\"\/en\/technologies\/technologiak-a-raba-sarvari-uzemeben\/\" aria-label=\"Read more about Technol\u00f3gi\u00e1k a R\u00e1ba s\u00e1rv\u00e1ri \u00fczem\u00e9ben\">Read more<\/a><\/p>","protected":false},"author":1,"featured_media":0,"parent":1469,"menu_order":0,"comment_status":"closed","ping_status":"closed","template":"elementor_header_footer","meta":{"footnotes":""},"class_list":["post-8248","page","type-page","status-publish"],"publishpress_future_action":{"enabled":false,"date":"2026-05-21 15:19:47","action":"change-status","newStatus":"draft","terms":[],"taxonomy":"","extraData":[]},"publishpress_future_workflow_manual_trigger":{"enabledWorkflows":[]},"_links":{"self":[{"href":"\/en\/wp-json\/wp\/v2\/pages\/8248","targetHints":{"allow":["GET"]}}],"collection":[{"href":"\/en\/wp-json\/wp\/v2\/pages"}],"about":[{"href":"\/en\/wp-json\/wp\/v2\/types\/page"}],"author":[{"embeddable":true,"href":"\/en\/wp-json\/wp\/v2\/users\/1"}],"replies":[{"embeddable":true,"href":"\/en\/wp-json\/wp\/v2\/comments?post=8248"}],"version-history":[{"count":6,"href":"\/en\/wp-json\/wp\/v2\/pages\/8248\/revisions"}],"predecessor-version":[{"id":14071,"href":"\/en\/wp-json\/wp\/v2\/pages\/8248\/revisions\/14071"}],"up":[{"embeddable":true,"href":"\/en\/wp-json\/wp\/v2\/pages\/1469"}],"wp:attachment":[{"href":"\/en\/wp-json\/wp\/v2\/media?parent=8248"}],"curies":[{"name":"wp","href":"https:\/\/api.w.org\/{rel}","templated":true}]}}