{"id":1946,"date":"2021-05-13T10:57:10","date_gmt":"2021-05-13T08:57:10","guid":{"rendered":"http:\/\/webnativa.hu\/?page_id=1946"},"modified":"2025-04-15T11:00:14","modified_gmt":"2025-04-15T09:00:14","slug":"raba-jarmu-kft","status":"publish","type":"page","link":"\/en\/iranyitasi-systems\/raba-jarmu-kft\/","title":{"rendered":"R\u00e1ba J\u00e1rm\u0171 Kft"},"content":{"rendered":"\t\t<div data-elementor-type=\"wp-page\" data-elementor-id=\"1946\" class=\"elementor elementor-1946\" data-elementor-post-type=\"page\">\n\t\t\t\t\t\t<section class=\"elementor-section elementor-top-section elementor-element elementor-element-b278d86 elementor-section-stretched elementor-section-height-min-height elementor-section-boxed elementor-section-height-default elementor-section-items-middle\" data-id=\"b278d86\" data-element_type=\"section\" data-e-type=\"section\" data-settings=\"{&quot;stretch_section&quot;:&quot;section-stretched&quot;,&quot;background_background&quot;:&quot;classic&quot;,&quot;jet_parallax_layout_list&quot;:[{&quot;jet_parallax_layout_image&quot;:{&quot;url&quot;:&quot;&quot;,&quot;id&quot;:&quot;&quot;,&quot;size&quot;:&quot;&quot;},&quot;_id&quot;:&quot;70187c2&quot;,&quot;jet_parallax_layout_image_tablet&quot;:{&quot;url&quot;:&quot;&quot;,&quot;id&quot;:&quot;&quot;,&quot;size&quot;:&quot;&quot;},&quot;jet_parallax_layout_image_mobile&quot;:{&quot;url&quot;:&quot;&quot;,&quot;id&quot;:&quot;&quot;,&quot;size&quot;:&quot;&quot;},&quot;jet_parallax_layout_speed&quot;:{&quot;unit&quot;:&quot;%&quot;,&quot;size&quot;:50,&quot;sizes&quot;:[]},&quot;jet_parallax_layout_type&quot;:&quot;scroll&quot;,&quot;jet_parallax_layout_direction&quot;:&quot;1&quot;,&quot;jet_parallax_layout_fx_direction&quot;:null,&quot;jet_parallax_layout_z_index&quot;:&quot;&quot;,&quot;jet_parallax_layout_bg_x&quot;:50,&quot;jet_parallax_layout_bg_x_tablet&quot;:&quot;&quot;,&quot;jet_parallax_layout_bg_x_mobile&quot;:&quot;&quot;,&quot;jet_parallax_layout_bg_y&quot;:50,&quot;jet_parallax_layout_bg_y_tablet&quot;:&quot;&quot;,&quot;jet_parallax_layout_bg_y_mobile&quot;:&quot;&quot;,&quot;jet_parallax_layout_bg_size&quot;:&quot;auto&quot;,&quot;jet_parallax_layout_bg_size_tablet&quot;:&quot;&quot;,&quot;jet_parallax_layout_bg_size_mobile&quot;:&quot;&quot;,&quot;jet_parallax_layout_animation_prop&quot;:&quot;transform&quot;,&quot;jet_parallax_layout_on&quot;:[&quot;desktop&quot;,&quot;tablet&quot;]}]}\">\n\t\t\t\t\t\t\t<div class=\"elementor-background-overlay\"><\/div>\n\t\t\t\t\t\t\t<div class=\"elementor-container elementor-column-gap-default\">\n\t\t\t\t\t<div class=\"elementor-column elementor-col-100 elementor-top-column elementor-element elementor-element-ecbc40d\" data-id=\"ecbc40d\" data-element_type=\"column\" data-e-type=\"column\">\n\t\t\t<div class=\"elementor-widget-wrap elementor-element-populated\">\n\t\t\t\t\t\t<div class=\"elementor-element elementor-element-fcd9654 elementor-widget elementor-widget-heading\" data-id=\"fcd9654\" data-element_type=\"widget\" data-e-type=\"widget\" data-widget_type=\"heading.default\">\n\t\t\t\t<div class=\"elementor-widget-container\">\n\t\t\t\t\t<h1 class=\"elementor-heading-title elementor-size-default\">ir\u00e1ny\u00edt\u00e1si rendszerek<\/h1>\t\t\t\t<\/div>\n\t\t\t\t<\/div>\n\t\t\t\t\t<\/div>\n\t\t<\/div>\n\t\t\t\t\t<\/div>\n\t\t<\/section>\n\t\t\t\t<section class=\"elementor-section elementor-top-section elementor-element elementor-element-c4e82e6 elementor-section-full_width elementor-section-height-default elementor-section-height-default\" data-id=\"c4e82e6\" data-element_type=\"section\" data-e-type=\"section\" data-settings=\"{&quot;jet_parallax_layout_list&quot;:[{&quot;jet_parallax_layout_image&quot;:{&quot;url&quot;:&quot;&quot;,&quot;id&quot;:&quot;&quot;,&quot;size&quot;:&quot;&quot;},&quot;_id&quot;:&quot;37bf07a&quot;,&quot;jet_parallax_layout_image_tablet&quot;:{&quot;url&quot;:&quot;&quot;,&quot;id&quot;:&quot;&quot;,&quot;size&quot;:&quot;&quot;},&quot;jet_parallax_layout_image_mobile&quot;:{&quot;url&quot;:&quot;&quot;,&quot;id&quot;:&quot;&quot;,&quot;size&quot;:&quot;&quot;},&quot;jet_parallax_layout_speed&quot;:{&quot;unit&quot;:&quot;%&quot;,&quot;size&quot;:50,&quot;sizes&quot;:[]},&quot;jet_parallax_layout_type&quot;:&quot;scroll&quot;,&quot;jet_parallax_layout_direction&quot;:&quot;1&quot;,&quot;jet_parallax_layout_fx_direction&quot;:null,&quot;jet_parallax_layout_z_index&quot;:&quot;&quot;,&quot;jet_parallax_layout_bg_x&quot;:50,&quot;jet_parallax_layout_bg_x_tablet&quot;:&quot;&quot;,&quot;jet_parallax_layout_bg_x_mobile&quot;:&quot;&quot;,&quot;jet_parallax_layout_bg_y&quot;:50,&quot;jet_parallax_layout_bg_y_tablet&quot;:&quot;&quot;,&quot;jet_parallax_layout_bg_y_mobile&quot;:&quot;&quot;,&quot;jet_parallax_layout_bg_size&quot;:&quot;auto&quot;,&quot;jet_parallax_layout_bg_size_tablet&quot;:&quot;&quot;,&quot;jet_parallax_layout_bg_size_mobile&quot;:&quot;&quot;,&quot;jet_parallax_layout_animation_prop&quot;:&quot;transform&quot;,&quot;jet_parallax_layout_on&quot;:[&quot;desktop&quot;,&quot;tablet&quot;]}]}\">\n\t\t\t\t\t\t<div class=\"elementor-container elementor-column-gap-default\">\n\t\t\t\t\t<div class=\"elementor-column elementor-col-50 elementor-top-column elementor-element elementor-element-74dc186\" data-id=\"74dc186\" data-element_type=\"column\" data-e-type=\"column\">\n\t\t\t<div class=\"elementor-widget-wrap elementor-element-populated\">\n\t\t\t\t\t\t<div class=\"elementor-element elementor-element-02be576 elementor-widget elementor-widget-heading\" data-id=\"02be576\" data-element_type=\"widget\" data-e-type=\"widget\" data-widget_type=\"heading.default\">\n\t\t\t\t<div class=\"elementor-widget-container\">\n\t\t\t\t\t<h2 class=\"elementor-heading-title elementor-size-default\">Ir\u00e1ny\u00edt\u00e1si rendszerek R\u00e1ba J\u00e1rm\u0171 Kft.<\/h2>\t\t\t\t<\/div>\n\t\t\t\t<\/div>\n\t\t\t\t<div class=\"elementor-element elementor-element-2a069e8 elementor-widget elementor-widget-text-editor\" data-id=\"2a069e8\" data-element_type=\"widget\" data-e-type=\"widget\" data-widget_type=\"text-editor.default\">\n\t\t\t\t<div class=\"elementor-widget-container\">\n\t\t\t\t\t\t\t\t\t<p>A R\u00e1ba hagyom\u00e1nyai alapj\u00e1n a min\u0151s\u00e9g mindig is hangs\u00falyos szerepet kapott. A min\u0151s\u00e9g fogalm\u00e1t strat\u00e9giai koncepci\u00f3k\u00e9nt \u00e9rtelmezi term\u00e9keire, bels\u0151 \u00e9s k\u00fcls\u0151 folyamataira \u00e9s nem utols\u00f3 sorban valamennyi \u00e9rintett f\u00e9llel kapcsolatos tev\u00e9kenys\u00e9geire. A R\u00e1ba minden munka- \u00e9s \u00fczleti folyamata sor\u00e1n teljes m\u00e9rt\u00e9kben t\u00f6rekszik a hat\u00e9konys\u00e1g optim\u00e1lis szintj\u00e9nek el\u00e9r\u00e9s\u00e9re \u00e9s megtart\u00e1s\u00e1ra.<\/p><p>A R\u00e1ba J\u00e1rm\u0171 Kft. elk\u00f6telezett a fenntarthat\u00f3 fejl\u0151d\u00e9s, a k\u00f6rnyezeti teljes\u00edt\u00e9s folyamatos jav\u00edt\u00e1sa, biztons\u00e1gos munkahely, munkaeszk\u00f6z\u00f6k, munkak\u00f6rnyezet valamint az eg\u00e9szs\u00e9get nem vesz\u00e9lyeztet\u0151 munkahely kialak\u00edt\u00e1sa, fenntart\u00e1sa \u00e9s folyamatos fejleszt\u00e9se mellett. A t\u00e1rsas\u00e1g m\u0171k\u00f6d\u00e9se sor\u00e1n a fenntarthat\u00f3 fejl\u0151d\u00e9s szempontjainak \u00e9rv\u00e9nyes\u00edt\u00e9s\u00e9t, illetve a negat\u00edv k\u00f6rnyezeti hat\u00e1sok kik\u00fcsz\u00f6b\u00f6l\u00e9s\u00e9t, minim\u00e1lisra cs\u00f6kkent\u00e9s\u00e9t mindenkor szem el\u0151tt tartja, alkalmazva a csoport szinten meglev\u0151 rendszereket.<\/p><p>Az ir\u00e1ny\u00edt\u00e1si rendszerekkel kapcsolatban let\u00f6lthet\u0151 dokumentumok:<\/p><p><a href=\"http:\/\/raba.hu\/wp-content\/uploads\/letoltheto_dokumentumok\/jarmu\/tanusitvanyok\/AQAP_21102016_Raba_hun.pdf\" target=\"_blank\" rel=\"noopener\">AQAP 2110:2016\u00a0TANUSITV\u00c1NY<\/a><\/p><p><a href=\"http:\/\/raba.hu\/wp-content\/uploads\/letoltheto_dokumentumok\/jarmu\/tanusitvanyok\/2241_010_4_Tanus_EMT_ISO 9001_2015_Magyar.pdf\" target=\"_blank\" rel=\"noopener\" data-wplink-url-error=\"true\">EMT ISO 9001:2015<\/a><\/p><p><a href=\"http:\/\/raba.hu\/wp-content\/uploads\/letoltheto_dokumentumok\/jarmu\/tanusitvanyok\/2241_01_04_Tanus_NQA_ISO 9001_2015_Magyar.pdf\" target=\"_blank\" rel=\"noopener\" data-wplink-url-error=\"true\">NQA ISO 9001:2015<\/a><\/p>\t\t\t\t\t\t\t\t<\/div>\n\t\t\t\t<\/div>\n\t\t\t\t\t<\/div>\n\t\t<\/div>\n\t\t\t\t<div class=\"elementor-column elementor-col-50 elementor-top-column elementor-element elementor-element-26d8836\" data-id=\"26d8836\" data-element_type=\"column\" data-e-type=\"column\">\n\t\t\t<div class=\"elementor-widget-wrap elementor-element-populated\">\n\t\t\t\t\t\t<div class=\"elementor-element elementor-element-1b0d1c1 elementor-absolute elementor-hidden-mobile elementor-widget elementor-widget-image\" data-id=\"1b0d1c1\" data-element_type=\"widget\" data-e-type=\"widget\" data-settings=\"{&quot;_position&quot;:&quot;absolute&quot;}\" data-widget_type=\"image.default\">\n\t\t\t\t<div class=\"elementor-widget-container\">\n\t\t\t\t\t\t\t\t\t\t\t\t\t\t\t<img decoding=\"async\" width=\"277\" height=\"161\" src=\"https:\/\/raba.hu\/wp-content\/uploads\/2021\/03\/Shape-38.png\" class=\"attachment-large size-large wp-image-92\" alt=\"\" \/>\t\t\t\t\t\t\t\t\t\t\t\t\t\t\t<\/div>\n\t\t\t\t<\/div>\n\t\t\t\t\t<\/div>\n\t\t<\/div>\n\t\t\t\t\t<\/div>\n\t\t<\/section>\n\t\t\t\t<\/div>\n\t\t","protected":false},"excerpt":{"rendered":"<p>ir\u00e1ny\u00edt\u00e1si rendszerek Ir\u00e1ny\u00edt\u00e1si rendszerek R\u00e1ba J\u00e1rm\u0171 Kft. A R\u00e1ba hagyom\u00e1nyai alapj\u00e1n a min\u0151s\u00e9g mindig is hangs\u00falyos szerepet kapott. A min\u0151s\u00e9g fogalm\u00e1t strat\u00e9giai koncepci\u00f3k\u00e9nt \u00e9rtelmezi term\u00e9keire, bels\u0151 \u00e9s k\u00fcls\u0151 folyamataira \u00e9s nem utols\u00f3 sorban valamennyi \u00e9rintett f\u00e9llel kapcsolatos tev\u00e9kenys\u00e9geire. A R\u00e1ba minden munka- \u00e9s \u00fczleti folyamata sor\u00e1n teljes m\u00e9rt\u00e9kben t\u00f6rekszik a hat\u00e9konys\u00e1g optim\u00e1lis szintj\u00e9nek el\u00e9r\u00e9s\u00e9re \u00e9s &#8230; <a title=\"R\u00e1ba J\u00e1rm\u0171 Kft\" class=\"read-more\" href=\"\/en\/iranyitasi-systems\/raba-jarmu-kft\/\" aria-label=\"Read more about R\u00e1ba J\u00e1rm\u0171 Kft\">Read more<\/a><\/p>","protected":false},"author":1,"featured_media":0,"parent":1388,"menu_order":0,"comment_status":"closed","ping_status":"closed","template":"","meta":{"footnotes":""},"class_list":["post-1946","page","type-page","status-publish"],"publishpress_future_action":{"enabled":false,"date":"2026-05-21 12:28:37","action":"change-status","newStatus":"draft","terms":[],"taxonomy":"","extraData":[]},"publishpress_future_workflow_manual_trigger":{"enabledWorkflows":[]},"_links":{"self":[{"href":"\/en\/wp-json\/wp\/v2\/pages\/1946","targetHints":{"allow":["GET"]}}],"collection":[{"href":"\/en\/wp-json\/wp\/v2\/pages"}],"about":[{"href":"\/en\/wp-json\/wp\/v2\/types\/page"}],"author":[{"embeddable":true,"href":"\/en\/wp-json\/wp\/v2\/users\/1"}],"replies":[{"embeddable":true,"href":"\/en\/wp-json\/wp\/v2\/comments?post=1946"}],"version-history":[{"count":7,"href":"\/en\/wp-json\/wp\/v2\/pages\/1946\/revisions"}],"predecessor-version":[{"id":14381,"href":"\/en\/wp-json\/wp\/v2\/pages\/1946\/revisions\/14381"}],"up":[{"embeddable":true,"href":"\/en\/wp-json\/wp\/v2\/pages\/1388"}],"wp:attachment":[{"href":"\/en\/wp-json\/wp\/v2\/media?parent=1946"}],"curies":[{"name":"wp","href":"https:\/\/api.w.org\/{rel}","templated":true}]}}