{"id":1582,"date":"2021-05-11T13:39:57","date_gmt":"2021-05-11T11:39:57","guid":{"rendered":"http:\/\/webnativa.hu\/?page_id=1582"},"modified":"2021-09-27T20:39:06","modified_gmt":"2021-09-27T18:39:06","slug":"mezogazdasagi-futomuvek","status":"publish","type":"page","link":"\/en\/products\/mezogazdasagi-futomuvek\/","title":{"rendered":"Agricultural axles"},"content":{"rendered":"\t\t<div data-elementor-type=\"wp-page\" data-elementor-id=\"1582\" class=\"elementor elementor-1582\" data-elementor-post-type=\"page\">\n\t\t\t\t\t\t<section class=\"elementor-section elementor-top-section elementor-element elementor-element-1359c66 elementor-section-stretched elementor-section-height-min-height elementor-section-boxed elementor-section-height-default elementor-section-items-middle\" data-id=\"1359c66\" data-element_type=\"section\" data-e-type=\"section\" data-settings=\"{&quot;stretch_section&quot;:&quot;section-stretched&quot;,&quot;background_background&quot;:&quot;classic&quot;,&quot;jet_parallax_layout_list&quot;:[{&quot;jet_parallax_layout_image&quot;:{&quot;url&quot;:&quot;&quot;,&quot;id&quot;:&quot;&quot;,&quot;size&quot;:&quot;&quot;},&quot;_id&quot;:&quot;1fe2b12&quot;,&quot;jet_parallax_layout_image_tablet&quot;:{&quot;url&quot;:&quot;&quot;,&quot;id&quot;:&quot;&quot;,&quot;size&quot;:&quot;&quot;},&quot;jet_parallax_layout_image_mobile&quot;:{&quot;url&quot;:&quot;&quot;,&quot;id&quot;:&quot;&quot;,&quot;size&quot;:&quot;&quot;},&quot;jet_parallax_layout_speed&quot;:{&quot;unit&quot;:&quot;%&quot;,&quot;size&quot;:50,&quot;sizes&quot;:[]},&quot;jet_parallax_layout_type&quot;:&quot;scroll&quot;,&quot;jet_parallax_layout_direction&quot;:&quot;1&quot;,&quot;jet_parallax_layout_fx_direction&quot;:null,&quot;jet_parallax_layout_z_index&quot;:&quot;&quot;,&quot;jet_parallax_layout_bg_x&quot;:50,&quot;jet_parallax_layout_bg_x_tablet&quot;:&quot;&quot;,&quot;jet_parallax_layout_bg_x_mobile&quot;:&quot;&quot;,&quot;jet_parallax_layout_bg_y&quot;:50,&quot;jet_parallax_layout_bg_y_tablet&quot;:&quot;&quot;,&quot;jet_parallax_layout_bg_y_mobile&quot;:&quot;&quot;,&quot;jet_parallax_layout_bg_size&quot;:&quot;auto&quot;,&quot;jet_parallax_layout_bg_size_tablet&quot;:&quot;&quot;,&quot;jet_parallax_layout_bg_size_mobile&quot;:&quot;&quot;,&quot;jet_parallax_layout_animation_prop&quot;:&quot;transform&quot;,&quot;jet_parallax_layout_on&quot;:[&quot;desktop&quot;,&quot;tablet&quot;]}]}\">\n\t\t\t\t\t\t\t<div class=\"elementor-background-overlay\"><\/div>\n\t\t\t\t\t\t\t<div class=\"elementor-container elementor-column-gap-default\">\n\t\t\t\t\t<div class=\"elementor-column elementor-col-100 elementor-top-column elementor-element elementor-element-0e90bdb\" data-id=\"0e90bdb\" data-element_type=\"column\" data-e-type=\"column\">\n\t\t\t<div class=\"elementor-widget-wrap elementor-element-populated\">\n\t\t\t\t\t\t<div class=\"elementor-element elementor-element-7f4b48b elementor-widget elementor-widget-heading\" data-id=\"7f4b48b\" data-element_type=\"widget\" data-e-type=\"widget\" data-widget_type=\"heading.default\">\n\t\t\t\t<div class=\"elementor-widget-container\">\n\t\t\t\t\t<h1 class=\"elementor-heading-title elementor-size-default\">TERM\u00c9KEK<\/h1>\t\t\t\t<\/div>\n\t\t\t\t<\/div>\n\t\t\t\t\t<\/div>\n\t\t<\/div>\n\t\t\t\t\t<\/div>\n\t\t<\/section>\n\t\t\t\t<section class=\"elementor-section elementor-top-section elementor-element elementor-element-dff176c elementor-section-full_width elementor-section-height-default elementor-section-height-default\" data-id=\"dff176c\" data-element_type=\"section\" data-e-type=\"section\" data-settings=\"{&quot;background_background&quot;:&quot;classic&quot;,&quot;jet_parallax_layout_list&quot;:[{&quot;jet_parallax_layout_image&quot;:{&quot;url&quot;:&quot;&quot;,&quot;id&quot;:&quot;&quot;,&quot;size&quot;:&quot;&quot;},&quot;_id&quot;:&quot;c5b3a8f&quot;,&quot;jet_parallax_layout_image_tablet&quot;:{&quot;url&quot;:&quot;&quot;,&quot;id&quot;:&quot;&quot;,&quot;size&quot;:&quot;&quot;},&quot;jet_parallax_layout_image_mobile&quot;:{&quot;url&quot;:&quot;&quot;,&quot;id&quot;:&quot;&quot;,&quot;size&quot;:&quot;&quot;},&quot;jet_parallax_layout_speed&quot;:{&quot;unit&quot;:&quot;%&quot;,&quot;size&quot;:50,&quot;sizes&quot;:[]},&quot;jet_parallax_layout_type&quot;:&quot;scroll&quot;,&quot;jet_parallax_layout_direction&quot;:&quot;1&quot;,&quot;jet_parallax_layout_fx_direction&quot;:null,&quot;jet_parallax_layout_z_index&quot;:&quot;&quot;,&quot;jet_parallax_layout_bg_x&quot;:50,&quot;jet_parallax_layout_bg_x_tablet&quot;:&quot;&quot;,&quot;jet_parallax_layout_bg_x_mobile&quot;:&quot;&quot;,&quot;jet_parallax_layout_bg_y&quot;:50,&quot;jet_parallax_layout_bg_y_tablet&quot;:&quot;&quot;,&quot;jet_parallax_layout_bg_y_mobile&quot;:&quot;&quot;,&quot;jet_parallax_layout_bg_size&quot;:&quot;auto&quot;,&quot;jet_parallax_layout_bg_size_tablet&quot;:&quot;&quot;,&quot;jet_parallax_layout_bg_size_mobile&quot;:&quot;&quot;,&quot;jet_parallax_layout_animation_prop&quot;:&quot;transform&quot;,&quot;jet_parallax_layout_on&quot;:[&quot;desktop&quot;,&quot;tablet&quot;]}]}\">\n\t\t\t\t\t\t<div class=\"elementor-container elementor-column-gap-default\">\n\t\t\t\t\t<div class=\"elementor-column elementor-col-100 elementor-top-column elementor-element elementor-element-f6d3b27\" data-id=\"f6d3b27\" data-element_type=\"column\" data-e-type=\"column\">\n\t\t\t<div class=\"elementor-widget-wrap elementor-element-populated\">\n\t\t\t\t\t\t<div class=\"elementor-element elementor-element-2dd2c00 elementor-widget elementor-widget-heading\" data-id=\"2dd2c00\" data-element_type=\"widget\" data-e-type=\"widget\" data-widget_type=\"heading.default\">\n\t\t\t\t<div class=\"elementor-widget-container\">\n\t\t\t\t\t<h2 class=\"elementor-heading-title elementor-size-default\">Mez\u0151gazdas\u00e1gi fut\u00f3m\u0171vek\n<\/h2>\t\t\t\t<\/div>\n\t\t\t\t<\/div>\n\t\t\t\t<div class=\"elementor-element elementor-element-e7dfa7d elementor-widget__width-initial elementor-absolute elementor-widget elementor-widget-image\" data-id=\"e7dfa7d\" data-element_type=\"widget\" data-e-type=\"widget\" data-settings=\"{&quot;_position&quot;:&quot;absolute&quot;}\" data-widget_type=\"image.default\">\n\t\t\t\t<div class=\"elementor-widget-container\">\n\t\t\t\t\t\t\t\t\t\t\t\t\t\t\t<img decoding=\"async\" width=\"277\" height=\"161\" src=\"https:\/\/raba.hu\/wp-content\/uploads\/2021\/03\/Shape-38.png\" class=\"attachment-large size-large wp-image-92\" alt=\"\" \/>\t\t\t\t\t\t\t\t\t\t\t\t\t\t\t<\/div>\n\t\t\t\t<\/div>\n\t\t\t\t<div class=\"elementor-element elementor-element-e124685 elementor-widget__width-initial elementor-absolute elementor-widget elementor-widget-image\" data-id=\"e124685\" data-element_type=\"widget\" data-e-type=\"widget\" data-settings=\"{&quot;_position&quot;:&quot;absolute&quot;}\" data-widget_type=\"image.default\">\n\t\t\t\t<div class=\"elementor-widget-container\">\n\t\t\t\t\t\t\t\t\t\t\t\t\t\t\t<img decoding=\"async\" width=\"161\" height=\"277\" src=\"https:\/\/raba.hu\/wp-content\/uploads\/2021\/04\/Shape-38-copy.png\" class=\"attachment-large size-large wp-image-389\" alt=\"\" \/>\t\t\t\t\t\t\t\t\t\t\t\t\t\t\t<\/div>\n\t\t\t\t<\/div>\n\t\t\t\t<div class=\"elementor-element elementor-element-f62500c elementor-widget elementor-widget-text-editor\" data-id=\"f62500c\" data-element_type=\"widget\" data-e-type=\"widget\" data-widget_type=\"text-editor.default\">\n\t\t\t\t<div class=\"elementor-widget-container\">\n\t\t\t\t\t\t\t\t\t<p><a href=\"http:\/\/raba.hu\/\">F\u0151oldal<\/a> &gt; <a href=\"http:\/\/raba.hu\/termekek\/\">Term\u00e9kek<\/a> &gt; <a href=\"http:\/\/raba.hu\/termekek\/#futomuvek\">Fut\u00f3m\u0171vek<\/a> &gt; <span style=\"color: #b13427;\">Mez\u0151gazdas\u00e1gi fut\u00f3m\u0171vek<\/span><\/p>\t\t\t\t\t\t\t\t<\/div>\n\t\t\t\t<\/div>\n\t\t\t\t\t<\/div>\n\t\t<\/div>\n\t\t\t\t\t<\/div>\n\t\t<\/section>\n\t\t\t\t<section class=\"elementor-section elementor-top-section elementor-element elementor-element-7001246 elementor-section-boxed elementor-section-height-default elementor-section-height-default\" data-id=\"7001246\" data-element_type=\"section\" data-e-type=\"section\" data-settings=\"{&quot;jet_parallax_layout_list&quot;:[{&quot;jet_parallax_layout_image&quot;:{&quot;url&quot;:&quot;&quot;,&quot;id&quot;:&quot;&quot;,&quot;size&quot;:&quot;&quot;},&quot;_id&quot;:&quot;5ca0490&quot;,&quot;jet_parallax_layout_image_tablet&quot;:{&quot;url&quot;:&quot;&quot;,&quot;id&quot;:&quot;&quot;,&quot;size&quot;:&quot;&quot;},&quot;jet_parallax_layout_image_mobile&quot;:{&quot;url&quot;:&quot;&quot;,&quot;id&quot;:&quot;&quot;,&quot;size&quot;:&quot;&quot;},&quot;jet_parallax_layout_speed&quot;:{&quot;unit&quot;:&quot;%&quot;,&quot;size&quot;:50,&quot;sizes&quot;:[]},&quot;jet_parallax_layout_type&quot;:&quot;scroll&quot;,&quot;jet_parallax_layout_direction&quot;:&quot;1&quot;,&quot;jet_parallax_layout_fx_direction&quot;:null,&quot;jet_parallax_layout_z_index&quot;:&quot;&quot;,&quot;jet_parallax_layout_bg_x&quot;:50,&quot;jet_parallax_layout_bg_x_tablet&quot;:&quot;&quot;,&quot;jet_parallax_layout_bg_x_mobile&quot;:&quot;&quot;,&quot;jet_parallax_layout_bg_y&quot;:50,&quot;jet_parallax_layout_bg_y_tablet&quot;:&quot;&quot;,&quot;jet_parallax_layout_bg_y_mobile&quot;:&quot;&quot;,&quot;jet_parallax_layout_bg_size&quot;:&quot;auto&quot;,&quot;jet_parallax_layout_bg_size_tablet&quot;:&quot;&quot;,&quot;jet_parallax_layout_bg_size_mobile&quot;:&quot;&quot;,&quot;jet_parallax_layout_animation_prop&quot;:&quot;transform&quot;,&quot;jet_parallax_layout_on&quot;:[&quot;desktop&quot;,&quot;tablet&quot;]}]}\">\n\t\t\t\t\t\t<div class=\"elementor-container elementor-column-gap-default\">\n\t\t\t\t\t<div class=\"elementor-column elementor-col-100 elementor-top-column elementor-element elementor-element-68798d7\" data-id=\"68798d7\" data-element_type=\"column\" data-e-type=\"column\">\n\t\t\t<div class=\"elementor-widget-wrap elementor-element-populated\">\n\t\t\t\t\t\t<div class=\"elementor-element elementor-element-8049dd3 elementor-widget__width-initial elementor-widget-mobile__width-inherit elementor-widget elementor-widget-text-editor\" data-id=\"8049dd3\" data-element_type=\"widget\" data-e-type=\"widget\" data-widget_type=\"text-editor.default\">\n\t\t\t\t<div class=\"elementor-widget-container\">\n\t\t\t\t\t\t\t\t\t<strong>Mez\u0151gazdas\u00e1gi fut\u00f3m\u0171t\u00edpusok:<\/strong>\n<ul>\n \t<li style=\"list-style-type: none;\">\n<ul>\n \t<li><strong>k\u00e9t- \u00e9s h\u00e1romfokozat\u00fa fut\u00f3m\u0171vek, <\/strong><\/li>\n \t<li><strong>meghajtott \u00e9s korm\u00e1nyzott fut\u00f3m\u0171vek, <\/strong><\/li>\n \t<li><strong>fut\u00f3m\u0171veket 150-620 LE teljes\u00edtm\u00e9nyig.<\/strong><\/li>\n<\/ul>\n<\/li>\n<\/ul>\n<span style=\"color: #b13427;\"><strong>Mez\u0151gazdas\u00e1gi j\u00e1rm\u0171 fut\u00f3m\u0171vek <\/strong><\/span>\n<table width=\"393\">\n<tbody>\n<tr>\n<td style=\"text-align: center;\"><strong>Fokozatok sz\u00e1ma <\/strong><\/td>\n<td style=\"text-align: center;\"><strong>Motor teljes\u00edtm\u00e9nye <\/strong><\/td>\n<td style=\"text-align: center;\"><strong>Be\u00e9p\u00edt\u00e9s <\/strong><\/td>\n<td style=\"text-align: center;\"><strong>GAW <\/strong><\/td>\n<td style=\"text-align: center;\"><strong>T\u00edpus<\/strong><\/td>\n<\/tr>\n<tr>\n<td style=\"text-align: center;\">H\u00e1romfokozat\u00fa<\/td>\n<td style=\"text-align: center;\">620 Hp<\/td>\n<td style=\"text-align: center;\">H\u00e1ts\u00f3<\/td>\n<td style=\"text-align: center;\">10 t.*<\/td>\n<td style=\"text-align: center;\"><a href=\"https:\/\/raba.hu\/wp-content\/uploads\/futomu_adatlapok\/mezogazdasagi_futomuvek\/578.23.pdf\">578.23<\/a><\/td>\n<\/tr>\n<tr>\n<td style=\"text-align: center;\">H\u00e1romfokozat\u00fa<\/td>\n<td style=\"text-align: center;\">520 Hp<\/td>\n<td style=\"text-align: center;\">Mells\u0151<\/td>\n<td style=\"text-align: center;\">16,8\u00a0t.<\/td>\n<td style=\"text-align: center;\">579.17<\/td>\n<\/tr>\n<tr>\n<td style=\"text-align: center;\">H\u00e1romfokozat\u00fa<\/td>\n<td style=\"text-align: center;\">520 Hp<\/td>\n<td style=\"text-align: center;\">H\u00e1ts\u00f3<\/td>\n<td style=\"text-align: center;\">13,2\u00a0t.<\/td>\n<td style=\"text-align: center;\">579.07<\/td>\n<\/tr>\n<tr>\n<td style=\"text-align: center;\">K\u00e9tfokozat\u00fa<\/td>\n<td style=\"text-align: center;\">270 Hp<\/td>\n<td style=\"text-align: center;\">Mells\u0151<\/td>\n<td style=\"text-align: center;\">34 t.<\/td>\n<td style=\"text-align: center;\"><a href=\"https:\/\/raba.hu\/wp-content\/uploads\/futomu_adatlapok\/mezogazdasagi_futomuvek\/576.68.pdf\">576.68<\/a><\/td>\n<\/tr>\n<tr>\n<td style=\"text-align: center;\">K\u00e9tfokozat\u00fa<\/td>\n<td style=\"text-align: center;\">270 Hp<\/td>\n<td style=\"text-align: center;\">H\u00e1ts\u00f3<\/td>\n<td style=\"text-align: center;\">15 t.<\/td>\n<td style=\"text-align: center;\"><a href=\"https:\/\/raba.hu\/wp-content\/uploads\/futomu_adatlapok\/mezogazdasagi_futomuvek\/576.49.pdf\">576.58<\/a><\/td>\n<\/tr>\n<tr>\n<td style=\"text-align: center;\">K\u00e9tfokozat\u00fa<\/td>\n<td style=\"text-align: center;\">270 Hp<\/td>\n<td style=\"text-align: center;\">Mells\u0151<\/td>\n<td style=\"text-align: center;\">34 t.<\/td>\n<td style=\"text-align: center;\"><a href=\"https:\/\/raba.hu\/wp-content\/uploads\/futomu_adatlapok\/mezogazdasagi_futomuvek\/576.23.pdf\">576.23<\/a><\/td>\n<\/tr>\n<tr>\n<td style=\"text-align: center;\">K\u00e9tfokozat\u00fa<\/td>\n<td style=\"text-align: center;\">270 Hp<\/td>\n<td style=\"text-align: center;\">H\u00e1ts\u00f3<\/td>\n<td style=\"text-align: center;\">15 t.<\/td>\n<td style=\"text-align: center;\">575.13<\/td>\n<\/tr>\n<tr>\n<td style=\"text-align: center;\">K\u00e9tfokozat\u00fa<\/td>\n<td style=\"text-align: center;\">210 Hp<\/td>\n<td style=\"text-align: center;\">Mells\u0151<\/td>\n<td style=\"text-align: center;\">26,7 t.<\/td>\n<td style=\"text-align: center;\"><a href=\"https:\/\/raba.hu\/wp-content\/uploads\/futomu_adatlapok\/mezogazdasagi_futomuvek\/575.82.pdf\">575.82<\/a><\/td>\n<\/tr>\n<tr>\n<td style=\"text-align: center;\">K\u00e9tfokozat\u00fa<\/td>\n<td style=\"text-align: center;\">210 Hp<\/td>\n<td style=\"text-align: center;\">H\u00e1ts\u00f3<\/td>\n<td style=\"text-align: center;\">11,6 t.<\/td>\n<td style=\"text-align: center;\"><a href=\"https:\/\/raba.hu\/wp-content\/uploads\/futomu_adatlapok\/mezogazdasagi_futomuvek\/575.72.pdf\">575.72<\/a><\/td>\n<\/tr>\n<tr>\n<td style=\"text-align: center;\">K\u00e9tfokozat\u00fa<\/td>\n<td style=\"text-align: center;\">320 Hp<\/td>\n<td style=\"text-align: center;\">Mells\u0151<\/td>\n<td style=\"text-align: center;\">10 t.<\/td>\n<td style=\"text-align: center;\">576.55<\/td>\n<\/tr>\n<tr>\n<td style=\"text-align: center;\">K\u00e9tfokozat\u00fa<\/td>\n<td style=\"text-align: center;\">320 Hp<\/td>\n<td style=\"text-align: center;\">H\u00e1ts\u00f3<\/td>\n<td style=\"text-align: center;\">10 t.<\/td>\n<td style=\"text-align: center;\">576.44<\/td>\n<\/tr>\n<tr>\n<td style=\"text-align: center;\">K\u00e9tfokozat\u00fa<\/td>\n<td style=\"text-align: center;\">320 Hp<\/td>\n<td style=\"text-align: center;\">Mells\u0151<\/td>\n<td style=\"text-align: center;\">9,6 t.<\/td>\n<td>\n<p style=\"text-align: center;\"><u><a href=\"https:\/\/raba.hu\/wp-content\/uploads\/futomu_adatlapok\/mezogazdasagi_futomuvek\/577.11.pdf\">577.11<\/a><\/u><\/p>\n<\/td>\n<\/tr>\n<tr>\n<td style=\"text-align: center;\">K\u00e9tfokozat\u00fa<\/td>\n<td style=\"text-align: center;\">320 Hp<\/td>\n<td style=\"text-align: center;\">H\u00e1ts\u00f3<\/td>\n<td style=\"text-align: center;\">9,6 t.<\/td>\n<td style=\"text-align: center;\"><u><a href=\"https:\/\/raba.hu\/wp-content\/uploads\/futomu_adatlapok\/mezogazdasagi_futomuvek\/577.01.pdf\">577.01<\/a><\/u><\/td>\n<\/tr>\n<\/tbody>\n<\/table>\n*tiszt\u00e1n vertik\u00e1lis terhel\u00e9s\t\t\t\t\t\t\t\t<\/div>\n\t\t\t\t<\/div>\n\t\t\t\t<div class=\"elementor-element elementor-element-eb38278 elementor-widget__width-initial elementor-widget-mobile__width-inherit elementor-hidden-desktop elementor-hidden-tablet elementor-hidden-mobile elementor-widget elementor-widget-jet-table\" data-id=\"eb38278\" data-element_type=\"widget\" data-e-type=\"widget\" data-widget_type=\"jet-table.default\">\n\t\t\t\t<div class=\"elementor-widget-container\">\n\t\t\t\t\t<div class=\"elementor-jet-table jet-elements\">\n\t\t<div class=\"jet-table-wrapper\">\n\t\t\t<table class=\"jet-table jet-table--fa5-compat\">\n\t\t\t\t<thead class=\"jet-table__head\"><tr class=\"jet-table__head-row\"><th class=\"jet-table__cell elementor-repeater-item-e9957d6 jet-table__head-cell\" scope=\"col\"><div class=\"jet-table__cell-inner\"><div class=\"jet-table__cell-content\"><div class=\"jet-table__cell-text\">Fokozatok sz\u00e1ma<\/div><\/div><\/div><\/th><th class=\"jet-table__cell elementor-repeater-item-ad2159c jet-table__head-cell\" scope=\"col\"><div class=\"jet-table__cell-inner\"><div class=\"jet-table__cell-content\"><div class=\"jet-table__cell-text\">Motor<br>teljes\u00edtm\u00e9ny<\/div><\/div><\/div><\/th><th class=\"jet-table__cell elementor-repeater-item-55bbbd5 jet-table__head-cell\" scope=\"col\"><div class=\"jet-table__cell-inner\"><div class=\"jet-table__cell-content\"><div class=\"jet-table__cell-text\">Be\u00e9p\u00edt\u00e9s<\/div><\/div><\/div><\/th><th class=\"jet-table__cell elementor-repeater-item-c76a747 jet-table__head-cell\" scope=\"col\"><div class=\"jet-table__cell-inner\"><div class=\"jet-table__cell-content\"><div class=\"jet-table__cell-text\">GAW<\/div><\/div><\/div><\/th><th class=\"jet-table__cell elementor-repeater-item-30c0014 jet-table__head-cell\" scope=\"col\"><div class=\"jet-table__cell-inner\"><div class=\"jet-table__cell-content\"><div class=\"jet-table__cell-text\">T\u00edpus<\/div><\/div><\/div><\/th><\/tr><\/thead>\n\t\t\t\t\t\t\t\t<tbody class=\"jet-table__body\"><tr class=\"jet-table__body-row elementor-repeater-item-23f8694\"><td class=\"jet-table__cell elementor-repeater-item-22783f9 jet-table__body-cell\"><div class=\"jet-table__cell-inner\"><div class=\"jet-table__cell-content\"><div class=\"jet-table__cell-text\">H\u00e1romfokozat\u00fa<\/div><\/div><\/div><\/td><td class=\"jet-table__cell elementor-repeater-item-1bb54c3 jet-table__body-cell\"><div class=\"jet-table__cell-inner\"><div class=\"jet-table__cell-content\"><div class=\"jet-table__cell-text\">620 Hp<\/div><\/div><\/div><\/td><td class=\"jet-table__cell elementor-repeater-item-571f64d jet-table__body-cell\"><div class=\"jet-table__cell-inner\"><div class=\"jet-table__cell-content\"><div class=\"jet-table__cell-text\">H\u00e1ts\u00f3<\/div><\/div><\/div><\/td><td class=\"jet-table__cell elementor-repeater-item-b0b8108 jet-table__body-cell\"><div class=\"jet-table__cell-inner\"><div class=\"jet-table__cell-content\"><div class=\"jet-table__cell-text\">10 t.*<\/div><\/div><\/div><\/td><td class=\"jet-table__cell elementor-repeater-item-4b856c0 jet-table__body-cell\"><div class=\"jet-table__cell-inner\"><div class=\"jet-table__cell-content\"><div class=\"jet-table__cell-text\">578.23<\/div><\/div><\/div><\/td><\/tr><tr class=\"jet-table__body-row elementor-repeater-item-45e2560\"><td class=\"jet-table__cell elementor-repeater-item-f69207a jet-table__body-cell\"><div class=\"jet-table__cell-inner\"><div class=\"jet-table__cell-content\"><div class=\"jet-table__cell-text\">H\u00e1romfokozat\u00fa<\/div><\/div><\/div><\/td><td class=\"jet-table__cell elementor-repeater-item-b839ccc jet-table__body-cell\"><div class=\"jet-table__cell-inner\"><div class=\"jet-table__cell-content\"><div class=\"jet-table__cell-text\">520 Hp<\/div><\/div><\/div><\/td><td class=\"jet-table__cell elementor-repeater-item-98dd9e5 jet-table__body-cell\"><div class=\"jet-table__cell-inner\"><div class=\"jet-table__cell-content\"><div class=\"jet-table__cell-text\">Mells\u0151<\/div><\/div><\/div><\/td><td class=\"jet-table__cell elementor-repeater-item-9b4df77 jet-table__body-cell\"><div class=\"jet-table__cell-inner\"><div class=\"jet-table__cell-content\"><div class=\"jet-table__cell-text\">16,8 t.<\/div><\/div><\/div><\/td><td class=\"jet-table__cell elementor-repeater-item-8f082b5 jet-table__body-cell\"><div class=\"jet-table__cell-inner\"><div class=\"jet-table__cell-content\"><div class=\"jet-table__cell-text\">579.17<\/div><\/div><\/div><\/td><\/tr><tr class=\"jet-table__body-row elementor-repeater-item-8211236\"><td class=\"jet-table__cell elementor-repeater-item-ba01033 jet-table__body-cell\"><div class=\"jet-table__cell-inner\"><div class=\"jet-table__cell-content\"><div class=\"jet-table__cell-text\">H\u00e1romfokozat\u00fa<\/div><\/div><\/div><\/td><td class=\"jet-table__cell elementor-repeater-item-b7cac77 jet-table__body-cell\"><div class=\"jet-table__cell-inner\"><div class=\"jet-table__cell-content\"><div class=\"jet-table__cell-text\">520 Hp<\/div><\/div><\/div><\/td><td class=\"jet-table__cell elementor-repeater-item-94bab96 jet-table__body-cell\"><div class=\"jet-table__cell-inner\"><div class=\"jet-table__cell-content\"><div class=\"jet-table__cell-text\">H\u00e1ts\u00f3<\/div><\/div><\/div><\/td><td class=\"jet-table__cell elementor-repeater-item-b895136 jet-table__body-cell\"><div class=\"jet-table__cell-inner\"><div class=\"jet-table__cell-content\"><div class=\"jet-table__cell-text\">13,2 t.<\/div><\/div><\/div><\/td><td class=\"jet-table__cell elementor-repeater-item-51bb78b jet-table__body-cell\"><div class=\"jet-table__cell-inner\"><div class=\"jet-table__cell-content\"><div class=\"jet-table__cell-text\">579.07<\/div><\/div><\/div><\/td><\/tr><\/tbody>\n\t\t\t<\/table>\n\t\t<\/div>\n\n\t\t<\/div>\t\t\t\t<\/div>\n\t\t\t\t<\/div>\n\t\t\t\t<div class=\"elementor-element elementor-element-b6088d0 elementor-widget__width-initial elementor-widget elementor-widget-gallery\" data-id=\"b6088d0\" data-element_type=\"widget\" data-e-type=\"widget\" data-settings=\"{&quot;lazyload&quot;:&quot;yes&quot;,&quot;gallery_layout&quot;:&quot;grid&quot;,&quot;columns&quot;:4,&quot;columns_tablet&quot;:2,&quot;columns_mobile&quot;:1,&quot;gap&quot;:{&quot;unit&quot;:&quot;px&quot;,&quot;size&quot;:10,&quot;sizes&quot;:[]},&quot;gap_tablet&quot;:{&quot;unit&quot;:&quot;px&quot;,&quot;size&quot;:10,&quot;sizes&quot;:[]},&quot;gap_mobile&quot;:{&quot;unit&quot;:&quot;px&quot;,&quot;size&quot;:10,&quot;sizes&quot;:[]},&quot;link_to&quot;:&quot;file&quot;,&quot;aspect_ratio&quot;:&quot;3:2&quot;,&quot;overlay_background&quot;:&quot;yes&quot;,&quot;content_hover_animation&quot;:&quot;fade-in&quot;}\" data-widget_type=\"gallery.default\">\n\t\t\t\t<div class=\"elementor-widget-container\">\n\t\t\t\t\t\t\t<div class=\"elementor-gallery__container\">\n\t\t\t\t\t\t\t<a class=\"e-gallery-item elementor-gallery-item elementor-animated-content\" href=\"https:\/\/raba.hu\/wp-content\/uploads\/2021\/05\/fooldal_futomu_ikon.jpg\" data-elementor-open-lightbox=\"yes\" data-elementor-lightbox-slideshow=\"b6088d0\" data-elementor-lightbox-title=\"fooldal_futomu_ikon\" data-e-action-hash=\"#elementor-action%3Aaction%3Dlightbox%26settings%3DeyJpZCI6MTQ4MSwidXJsIjoiaHR0cHM6XC9cL3JhYmEuaHVcL3dwLWNvbnRlbnRcL3VwbG9hZHNcLzIwMjFcLzA1XC9mb29sZGFsX2Z1dG9tdV9pa29uLmpwZyIsInNsaWRlc2hvdyI6ImI2MDg4ZDAifQ%3D%3D\">\n\t\t\t\t\t<div class=\"e-gallery-image elementor-gallery-item__image\" data-thumbnail=\"https:\/\/raba.hu\/wp-content\/uploads\/2021\/05\/fooldal_futomu_ikon-300x281.jpg\" data-width=\"300\" data-height=\"281\" aria-label=\"\" role=\"img\" ><\/div>\n\t\t\t\t\t\t\t\t\t\t\t<div class=\"elementor-gallery-item__overlay\"><\/div>\n\t\t\t\t\t\t\t\t\t\t\t\t\t\t<\/a>\n\t\t\t\t\t\t\t<a class=\"e-gallery-item elementor-gallery-item elementor-animated-content\" href=\"https:\/\/raba.hu\/wp-content\/uploads\/2021\/05\/579_15__579_05_white_background.jpg\" data-elementor-open-lightbox=\"yes\" data-elementor-lightbox-slideshow=\"b6088d0\" data-elementor-lightbox-title=\"579_15__579_05_white_background\" data-e-action-hash=\"#elementor-action%3Aaction%3Dlightbox%26settings%3DeyJpZCI6MTE5NiwidXJsIjoiaHR0cHM6XC9cL3JhYmEuaHVcL3dwLWNvbnRlbnRcL3VwbG9hZHNcLzIwMjFcLzA1XC81NzlfMTVfXzU3OV8wNV93aGl0ZV9iYWNrZ3JvdW5kLmpwZyIsInNsaWRlc2hvdyI6ImI2MDg4ZDAifQ%3D%3D\">\n\t\t\t\t\t<div class=\"e-gallery-image elementor-gallery-item__image\" data-thumbnail=\"https:\/\/raba.hu\/wp-content\/uploads\/2021\/05\/579_15__579_05_white_background-300x177.jpg\" data-width=\"300\" data-height=\"177\" aria-label=\"\" role=\"img\" ><\/div>\n\t\t\t\t\t\t\t\t\t\t\t<div class=\"elementor-gallery-item__overlay\"><\/div>\n\t\t\t\t\t\t\t\t\t\t\t\t\t\t<\/a>\n\t\t\t\t\t\t\t<a class=\"e-gallery-item elementor-gallery-item elementor-animated-content\" href=\"https:\/\/raba.hu\/wp-content\/uploads\/2021\/05\/576_68__576_68_white_background.jpg\" data-elementor-open-lightbox=\"yes\" data-elementor-lightbox-slideshow=\"b6088d0\" data-elementor-lightbox-title=\"576_68__576_68_white_background\" data-e-action-hash=\"#elementor-action%3Aaction%3Dlightbox%26settings%3DeyJpZCI6MTE5NCwidXJsIjoiaHR0cHM6XC9cL3JhYmEuaHVcL3dwLWNvbnRlbnRcL3VwbG9hZHNcLzIwMjFcLzA1XC81NzZfNjhfXzU3Nl82OF93aGl0ZV9iYWNrZ3JvdW5kLmpwZyIsInNsaWRlc2hvdyI6ImI2MDg4ZDAifQ%3D%3D\">\n\t\t\t\t\t<div class=\"e-gallery-image elementor-gallery-item__image\" data-thumbnail=\"https:\/\/raba.hu\/wp-content\/uploads\/2021\/05\/576_68__576_68_white_background-300x172.jpg\" data-width=\"300\" data-height=\"172\" aria-label=\"\" role=\"img\" ><\/div>\n\t\t\t\t\t\t\t\t\t\t\t<div class=\"elementor-gallery-item__overlay\"><\/div>\n\t\t\t\t\t\t\t\t\t\t\t\t\t\t<\/a>\n\t\t\t\t\t<\/div>\n\t\t\t\t\t<\/div>\n\t\t\t\t<\/div>\n\t\t\t\t\t<\/div>\n\t\t<\/div>\n\t\t\t\t\t<\/div>\n\t\t<\/section>\n\t\t\t\t<\/div>\n\t\t","protected":false},"excerpt":{"rendered":"<p>TERM\u00c9KEK Mez\u0151gazdas\u00e1gi fut\u00f3m\u0171vek F\u0151oldal &gt; Term\u00e9kek &gt; Fut\u00f3m\u0171vek &gt; Mez\u0151gazdas\u00e1gi fut\u00f3m\u0171vek Mez\u0151gazdas\u00e1gi fut\u00f3m\u0171t\u00edpusok: k\u00e9t- \u00e9s h\u00e1romfokozat\u00fa fut\u00f3m\u0171vek, meghajtott \u00e9s korm\u00e1nyzott fut\u00f3m\u0171vek, fut\u00f3m\u0171veket 150-620 LE teljes\u00edtm\u00e9nyig. Mez\u0151gazdas\u00e1gi j\u00e1rm\u0171 fut\u00f3m\u0171vek Fokozatok sz\u00e1ma Motor teljes\u00edtm\u00e9nye Be\u00e9p\u00edt\u00e9s GAW T\u00edpus H\u00e1romfokozat\u00fa 620 Hp H\u00e1ts\u00f3 10 t.* 578.23 H\u00e1romfokozat\u00fa 520 Hp Mells\u0151 16,8\u00a0t. 579.17 H\u00e1romfokozat\u00fa 520 Hp H\u00e1ts\u00f3 13,2\u00a0t. 579.07 K\u00e9tfokozat\u00fa &#8230; <a title=\"Agricultural axles\" class=\"read-more\" href=\"\/en\/products\/mezogazdasagi-futomuvek\/\" aria-label=\"Read more about Mez\u0151gazdas\u00e1gi fut\u00f3m\u0171vek\">Read more<\/a><\/p>","protected":false},"author":1,"featured_media":0,"parent":824,"menu_order":0,"comment_status":"closed","ping_status":"closed","template":"elementor_header_footer","meta":{"footnotes":""},"class_list":["post-1582","page","type-page","status-publish"],"publishpress_future_action":{"enabled":false,"date":"2026-05-21 17:02:12","action":"change-status","newStatus":"draft","terms":[],"taxonomy":"","extraData":[]},"publishpress_future_workflow_manual_trigger":{"enabledWorkflows":[]},"_links":{"self":[{"href":"\/en\/wp-json\/wp\/v2\/pages\/1582","targetHints":{"allow":["GET"]}}],"collection":[{"href":"\/en\/wp-json\/wp\/v2\/pages"}],"about":[{"href":"\/en\/wp-json\/wp\/v2\/types\/page"}],"author":[{"embeddable":true,"href":"\/en\/wp-json\/wp\/v2\/users\/1"}],"replies":[{"embeddable":true,"href":"\/en\/wp-json\/wp\/v2\/comments?post=1582"}],"version-history":[{"count":0,"href":"\/en\/wp-json\/wp\/v2\/pages\/1582\/revisions"}],"up":[{"embeddable":true,"href":"\/en\/wp-json\/wp\/v2\/pages\/824"}],"wp:attachment":[{"href":"\/en\/wp-json\/wp\/v2\/media?parent=1582"}],"curies":[{"name":"wp","href":"https:\/\/api.w.org\/{rel}","templated":true}]}}