{"id":1557,"date":"2021-05-11T13:29:20","date_gmt":"2021-05-11T11:29:20","guid":{"rendered":"http:\/\/webnativa.hu\/?page_id=1557"},"modified":"2021-09-28T17:50:36","modified_gmt":"2021-09-28T15:50:36","slug":"tehergepjarmu-futomuvek","status":"publish","type":"page","link":"\/en\/products\/heavy-duty-runners\/","title":{"rendered":"Truck axles"},"content":{"rendered":"\t\t<div data-elementor-type=\"wp-page\" data-elementor-id=\"1557\" class=\"elementor elementor-1557\" data-elementor-post-type=\"page\">\n\t\t\t\t\t\t<section class=\"elementor-section elementor-top-section elementor-element elementor-element-1359c66 elementor-section-stretched elementor-section-height-min-height elementor-section-boxed elementor-section-height-default elementor-section-items-middle\" data-id=\"1359c66\" data-element_type=\"section\" data-e-type=\"section\" data-settings=\"{&quot;stretch_section&quot;:&quot;section-stretched&quot;,&quot;background_background&quot;:&quot;classic&quot;,&quot;jet_parallax_layout_list&quot;:[{&quot;jet_parallax_layout_image&quot;:{&quot;url&quot;:&quot;&quot;,&quot;id&quot;:&quot;&quot;,&quot;size&quot;:&quot;&quot;},&quot;_id&quot;:&quot;0afbf77&quot;,&quot;jet_parallax_layout_image_tablet&quot;:{&quot;url&quot;:&quot;&quot;,&quot;id&quot;:&quot;&quot;,&quot;size&quot;:&quot;&quot;},&quot;jet_parallax_layout_image_mobile&quot;:{&quot;url&quot;:&quot;&quot;,&quot;id&quot;:&quot;&quot;,&quot;size&quot;:&quot;&quot;},&quot;jet_parallax_layout_speed&quot;:{&quot;unit&quot;:&quot;%&quot;,&quot;size&quot;:50,&quot;sizes&quot;:[]},&quot;jet_parallax_layout_type&quot;:&quot;scroll&quot;,&quot;jet_parallax_layout_direction&quot;:&quot;1&quot;,&quot;jet_parallax_layout_fx_direction&quot;:null,&quot;jet_parallax_layout_z_index&quot;:&quot;&quot;,&quot;jet_parallax_layout_bg_x&quot;:50,&quot;jet_parallax_layout_bg_x_tablet&quot;:&quot;&quot;,&quot;jet_parallax_layout_bg_x_mobile&quot;:&quot;&quot;,&quot;jet_parallax_layout_bg_y&quot;:50,&quot;jet_parallax_layout_bg_y_tablet&quot;:&quot;&quot;,&quot;jet_parallax_layout_bg_y_mobile&quot;:&quot;&quot;,&quot;jet_parallax_layout_bg_size&quot;:&quot;auto&quot;,&quot;jet_parallax_layout_bg_size_tablet&quot;:&quot;&quot;,&quot;jet_parallax_layout_bg_size_mobile&quot;:&quot;&quot;,&quot;jet_parallax_layout_animation_prop&quot;:&quot;transform&quot;,&quot;jet_parallax_layout_on&quot;:[&quot;desktop&quot;,&quot;tablet&quot;]}]}\">\n\t\t\t\t\t\t\t<div class=\"elementor-background-overlay\"><\/div>\n\t\t\t\t\t\t\t<div class=\"elementor-container elementor-column-gap-default\">\n\t\t\t\t\t<div class=\"elementor-column elementor-col-100 elementor-top-column elementor-element elementor-element-0e90bdb\" data-id=\"0e90bdb\" data-element_type=\"column\" data-e-type=\"column\">\n\t\t\t<div class=\"elementor-widget-wrap elementor-element-populated\">\n\t\t\t\t\t\t<div class=\"elementor-element elementor-element-7f4b48b elementor-widget elementor-widget-heading\" data-id=\"7f4b48b\" data-element_type=\"widget\" data-e-type=\"widget\" data-widget_type=\"heading.default\">\n\t\t\t\t<div class=\"elementor-widget-container\">\n\t\t\t\t\t<h1 class=\"elementor-heading-title elementor-size-default\">TERM\u00c9KEK<\/h1>\t\t\t\t<\/div>\n\t\t\t\t<\/div>\n\t\t\t\t\t<\/div>\n\t\t<\/div>\n\t\t\t\t\t<\/div>\n\t\t<\/section>\n\t\t\t\t<section class=\"elementor-section elementor-top-section elementor-element elementor-element-dff176c elementor-section-full_width elementor-section-height-default elementor-section-height-default\" data-id=\"dff176c\" data-element_type=\"section\" data-e-type=\"section\" data-settings=\"{&quot;background_background&quot;:&quot;classic&quot;,&quot;jet_parallax_layout_list&quot;:[{&quot;jet_parallax_layout_image&quot;:{&quot;url&quot;:&quot;&quot;,&quot;id&quot;:&quot;&quot;,&quot;size&quot;:&quot;&quot;},&quot;_id&quot;:&quot;6baac2c&quot;,&quot;jet_parallax_layout_image_tablet&quot;:{&quot;url&quot;:&quot;&quot;,&quot;id&quot;:&quot;&quot;,&quot;size&quot;:&quot;&quot;},&quot;jet_parallax_layout_image_mobile&quot;:{&quot;url&quot;:&quot;&quot;,&quot;id&quot;:&quot;&quot;,&quot;size&quot;:&quot;&quot;},&quot;jet_parallax_layout_speed&quot;:{&quot;unit&quot;:&quot;%&quot;,&quot;size&quot;:50,&quot;sizes&quot;:[]},&quot;jet_parallax_layout_type&quot;:&quot;scroll&quot;,&quot;jet_parallax_layout_direction&quot;:&quot;1&quot;,&quot;jet_parallax_layout_fx_direction&quot;:null,&quot;jet_parallax_layout_z_index&quot;:&quot;&quot;,&quot;jet_parallax_layout_bg_x&quot;:50,&quot;jet_parallax_layout_bg_x_tablet&quot;:&quot;&quot;,&quot;jet_parallax_layout_bg_x_mobile&quot;:&quot;&quot;,&quot;jet_parallax_layout_bg_y&quot;:50,&quot;jet_parallax_layout_bg_y_tablet&quot;:&quot;&quot;,&quot;jet_parallax_layout_bg_y_mobile&quot;:&quot;&quot;,&quot;jet_parallax_layout_bg_size&quot;:&quot;auto&quot;,&quot;jet_parallax_layout_bg_size_tablet&quot;:&quot;&quot;,&quot;jet_parallax_layout_bg_size_mobile&quot;:&quot;&quot;,&quot;jet_parallax_layout_animation_prop&quot;:&quot;transform&quot;,&quot;jet_parallax_layout_on&quot;:[&quot;desktop&quot;,&quot;tablet&quot;]}]}\">\n\t\t\t\t\t\t<div class=\"elementor-container elementor-column-gap-default\">\n\t\t\t\t\t<div class=\"elementor-column elementor-col-100 elementor-top-column elementor-element elementor-element-f6d3b27\" data-id=\"f6d3b27\" data-element_type=\"column\" data-e-type=\"column\">\n\t\t\t<div class=\"elementor-widget-wrap elementor-element-populated\">\n\t\t\t\t\t\t<div class=\"elementor-element elementor-element-2dd2c00 elementor-widget elementor-widget-heading\" data-id=\"2dd2c00\" data-element_type=\"widget\" data-e-type=\"widget\" data-widget_type=\"heading.default\">\n\t\t\t\t<div class=\"elementor-widget-container\">\n\t\t\t\t\t<h2 class=\"elementor-heading-title elementor-size-default\">Teherg\u00e9pj\u00e1rm\u0171 fut\u00f3m\u0171vek<\/h2>\t\t\t\t<\/div>\n\t\t\t\t<\/div>\n\t\t\t\t<div class=\"elementor-element elementor-element-e7dfa7d elementor-widget__width-initial elementor-absolute elementor-widget elementor-widget-image\" data-id=\"e7dfa7d\" data-element_type=\"widget\" data-e-type=\"widget\" data-settings=\"{&quot;_position&quot;:&quot;absolute&quot;}\" data-widget_type=\"image.default\">\n\t\t\t\t<div class=\"elementor-widget-container\">\n\t\t\t\t\t\t\t\t\t\t\t\t\t\t\t<img decoding=\"async\" width=\"277\" height=\"161\" src=\"https:\/\/raba.hu\/wp-content\/uploads\/2021\/03\/Shape-38.png\" class=\"attachment-large size-large wp-image-92\" alt=\"\" \/>\t\t\t\t\t\t\t\t\t\t\t\t\t\t\t<\/div>\n\t\t\t\t<\/div>\n\t\t\t\t<div class=\"elementor-element elementor-element-e124685 elementor-widget__width-initial elementor-absolute elementor-widget elementor-widget-image\" data-id=\"e124685\" data-element_type=\"widget\" data-e-type=\"widget\" data-settings=\"{&quot;_position&quot;:&quot;absolute&quot;}\" data-widget_type=\"image.default\">\n\t\t\t\t<div class=\"elementor-widget-container\">\n\t\t\t\t\t\t\t\t\t\t\t\t\t\t\t<img decoding=\"async\" width=\"161\" height=\"277\" src=\"https:\/\/raba.hu\/wp-content\/uploads\/2021\/04\/Shape-38-copy.png\" class=\"attachment-large size-large wp-image-389\" alt=\"\" \/>\t\t\t\t\t\t\t\t\t\t\t\t\t\t\t<\/div>\n\t\t\t\t<\/div>\n\t\t\t\t<div class=\"elementor-element elementor-element-3845967 elementor-widget elementor-widget-text-editor\" data-id=\"3845967\" data-element_type=\"widget\" data-e-type=\"widget\" data-widget_type=\"text-editor.default\">\n\t\t\t\t<div class=\"elementor-widget-container\">\n\t\t\t\t\t\t\t\t\t<p><a href=\"http:\/\/raba.hu\/\">F\u0151oldal<\/a> &gt; <a href=\"http:\/\/raba.hu\/termekek\/\">Term\u00e9kek<\/a> &gt; <a href=\"http:\/\/raba.hu\/termekek\/#futomuvek\">Fut\u00f3m\u0171vek<\/a> &gt; <span style=\"color: #b13427;\">Teherg\u00e9pj\u00e1rm\u0171 fut\u00f3m\u0171vek<\/span><\/p>\t\t\t\t\t\t\t\t<\/div>\n\t\t\t\t<\/div>\n\t\t\t\t\t<\/div>\n\t\t<\/div>\n\t\t\t\t\t<\/div>\n\t\t<\/section>\n\t\t\t\t<section class=\"elementor-section elementor-top-section elementor-element elementor-element-7001246 elementor-section-boxed elementor-section-height-default elementor-section-height-default\" data-id=\"7001246\" data-element_type=\"section\" data-e-type=\"section\" data-settings=\"{&quot;jet_parallax_layout_list&quot;:[{&quot;jet_parallax_layout_image&quot;:{&quot;url&quot;:&quot;&quot;,&quot;id&quot;:&quot;&quot;,&quot;size&quot;:&quot;&quot;},&quot;_id&quot;:&quot;bad0bdb&quot;,&quot;jet_parallax_layout_image_tablet&quot;:{&quot;url&quot;:&quot;&quot;,&quot;id&quot;:&quot;&quot;,&quot;size&quot;:&quot;&quot;},&quot;jet_parallax_layout_image_mobile&quot;:{&quot;url&quot;:&quot;&quot;,&quot;id&quot;:&quot;&quot;,&quot;size&quot;:&quot;&quot;},&quot;jet_parallax_layout_speed&quot;:{&quot;unit&quot;:&quot;%&quot;,&quot;size&quot;:50,&quot;sizes&quot;:[]},&quot;jet_parallax_layout_type&quot;:&quot;scroll&quot;,&quot;jet_parallax_layout_direction&quot;:&quot;1&quot;,&quot;jet_parallax_layout_fx_direction&quot;:null,&quot;jet_parallax_layout_z_index&quot;:&quot;&quot;,&quot;jet_parallax_layout_bg_x&quot;:50,&quot;jet_parallax_layout_bg_x_tablet&quot;:&quot;&quot;,&quot;jet_parallax_layout_bg_x_mobile&quot;:&quot;&quot;,&quot;jet_parallax_layout_bg_y&quot;:50,&quot;jet_parallax_layout_bg_y_tablet&quot;:&quot;&quot;,&quot;jet_parallax_layout_bg_y_mobile&quot;:&quot;&quot;,&quot;jet_parallax_layout_bg_size&quot;:&quot;auto&quot;,&quot;jet_parallax_layout_bg_size_tablet&quot;:&quot;&quot;,&quot;jet_parallax_layout_bg_size_mobile&quot;:&quot;&quot;,&quot;jet_parallax_layout_animation_prop&quot;:&quot;transform&quot;,&quot;jet_parallax_layout_on&quot;:[&quot;desktop&quot;,&quot;tablet&quot;]}]}\">\n\t\t\t\t\t\t<div class=\"elementor-container elementor-column-gap-default\">\n\t\t\t\t\t<div class=\"elementor-column elementor-col-100 elementor-top-column elementor-element elementor-element-68798d7\" data-id=\"68798d7\" data-element_type=\"column\" data-e-type=\"column\">\n\t\t\t<div class=\"elementor-widget-wrap elementor-element-populated\">\n\t\t\t\t\t\t<div class=\"elementor-element elementor-element-8049dd3 elementor-widget__width-initial elementor-widget-mobile__width-inherit elementor-widget elementor-widget-text-editor\" data-id=\"8049dd3\" data-element_type=\"widget\" data-e-type=\"widget\" data-widget_type=\"text-editor.default\">\n\t\t\t\t<div class=\"elementor-widget-container\">\n\t\t\t\t\t\t\t\t\t<strong>A R\u00e1ba az al\u00e1bbi t\u00edpus\u00fa teherg\u00e9pj\u00e1rm\u0171vekhez<\/strong><strong> k\u00edn\u00e1l fut\u00f3m\u0171veket:<\/strong>\n<ul>\n \t<li style=\"list-style-type: none;\">\n<ul>\n \t<li><strong>k\u00f6z\u00fati teherg\u00e9pkocsik,<\/strong><\/li>\n \t<li><strong>off-road teherg\u00e9pkocsik<\/strong><\/li>\n \t<li><strong>katonai j\u00e1rm\u0171vek.<\/strong><\/li>\n<\/ul>\n<\/li>\n<\/ul>\n<strong>A term\u00e9kportf\u00f3li\u00f3 fut\u00f3m\u0171megold\u00e1sai:<\/strong>\n<ul>\n \t<li><strong>modular Axle System (MAX-S fut\u00f3m\u0171csal\u00e1d) 4&#215;4-es, 6&#215;6-os \u00e9s 8&#215;8-as ker\u00e9kk\u00e9plet\u0171 j\u00e1rm\u0171vekhez,<\/strong><\/li>\n \t<li><strong>CTI (k\u00f6zponti abroncst\u00f6lt\u0151 rendszer),<\/strong><\/li>\n \t<li><strong>lamell\u00e1s differenci\u00e1l-z\u00e1r,dinamikus terhel\u00e9s: 5x, <\/strong><\/li>\n \t<li><strong>mells\u0151 \u00e9s h\u00e1ts\u00f3 fut\u00f3m\u0171vek,<\/strong><\/li>\n \t<li><strong>hajtott \u00e9s szabadon fut\u00f3 fut\u00f3m\u0171vek, <\/strong><\/li>\n \t<li><strong>szimpla \u00e9s tandem fut\u00f3m\u0171vek,<\/strong><\/li>\n \t<li><strong>egy- \u00e9s k\u00e9tfokozat\u00fa korm\u00e1nyzott fut\u00f3m\u0171vek.<\/strong><\/li>\n<\/ul>\n<strong><span style=\"color: #b13427;\">Teherg\u00e9pkocsi fut\u00f3m\u0171vek<\/span>\u00a0<\/strong>\n<table width=\"333\">\n<tbody>\n<tr>\n<td colspan=\"5\">\n<p style=\"text-align: center;\"><strong>OFF-HIGHWAY (MAXS fut\u00f3m\u0171 csal\u00e1d)<\/strong><\/p>\n<\/td>\n<\/tr>\n<tr>\n<td>\n<p style=\"text-align: center;\"><strong>Fokozat<\/strong><\/p>\n<\/td>\n<td style=\"text-align: center;\">\n<p style=\"text-align: center;\"><strong>Ker\u00e9kk\u00e9plet <\/strong><\/p>\n<\/td>\n<td style=\"text-align: center;\"><strong>Be\u00e9p\u00edt\u00e9s\u00a0 <\/strong><\/td>\n<td style=\"text-align: center;\"><strong>GAW\u00a0 <\/strong><\/td>\n<td style=\"text-align: center;\">\n<p style=\"text-align: center;\"><strong>Sz\u00e9ria<\/strong><\/p>\n<\/td>\n<\/tr>\n<tr>\n<td>\n<p style=\"text-align: center;\">Egyfokozat\u00fa<\/p>\n<\/td>\n<td style=\"text-align: center;\">\n<p style=\"text-align: center;\">4&#215;4<\/p>\n<\/td>\n<td style=\"text-align: center;\">Mells\u0151<\/td>\n<td style=\"text-align: center;\">5.5 t.<\/td>\n<td>\n<p style=\"text-align: center;\"><a href=\"http:\/\/raba.hu\/wp-content\/uploads\/futomu_adatlapok\/tehergepjarmu_futomuvek\/Axle_060.pdf\">060<\/a><\/p>\n<\/td>\n<\/tr>\n<tr>\n<td>\n<p style=\"text-align: center;\">Egyfokozat\u00fa<\/p>\n<\/td>\n<td style=\"text-align: center;\">4&#215;4<\/td>\n<td style=\"text-align: center;\">H\u00e1ts\u00f3<\/td>\n<td style=\"text-align: center;\">7 t.<\/td>\n<td>\n<p style=\"text-align: center;\"><a href=\"http:\/\/raba.hu\/wp-content\/uploads\/futomu_adatlapok\/tehergepjarmu_futomuvek\/Axle_063.docx.pdf\">063<\/a><\/p>\n<\/td>\n<\/tr>\n<tr>\n<td>\n<p style=\"text-align: center;\">K\u00e9tfokozat\u00fa<\/p>\n<\/td>\n<td style=\"text-align: center;\">4&#215;4, 6&#215;6<\/td>\n<td style=\"text-align: center;\">Mells\u0151<\/td>\n<td style=\"text-align: center;\">7.2-7.7 t.<\/td>\n<td>\n<p style=\"text-align: center;\"><a href=\"http:\/\/raba.hu\/wp-content\/uploads\/futomu_adatlapok\/tehergepjarmu_futomuvek\/Axle_739.docx.pdf\">739\n<\/a><\/p>\n<\/td>\n<\/tr>\n<tr>\n<td>\n<p style=\"text-align: center;\">K\u00e9tfokozat\u00fa<\/p>\n<\/td>\n<td style=\"text-align: center;\">4&#215;4, 6&#215;6<\/td>\n<td style=\"text-align: center;\">H\u00e1ts\u00f3<\/td>\n<td style=\"text-align: center;\">7.2-7.7\u00a0t.<\/td>\n<td>\n<p style=\"text-align: center;\"><a href=\"http:\/\/raba.hu\/wp-content\/uploads\/futomu_adatlapok\/tehergepjarmu_futomuvek\/Axle_739_1.docx.pdf\">739<\/a><\/p>\n<\/td>\n<\/tr>\n<tr>\n<td>\n<p style=\"text-align: center;\">K\u00e9tfokozat\u00fa<\/p>\n<\/td>\n<td style=\"text-align: center;\">4&#215;4, 6&#215;6<\/td>\n<td style=\"text-align: center;\">Mells\u0151<\/td>\n<td style=\"text-align: center;\">10 t.<\/td>\n<td>\n<p style=\"text-align: center;\"><a href=\"http:\/\/raba.hu\/wp-content\/uploads\/futomu_adatlapok\/tehergepjarmu_futomuvek\/Axle_683.docx.pdf\">683<\/a><\/p>\n<\/td>\n<\/tr>\n<tr>\n<td>\n<p style=\"text-align: center;\">K\u00e9tfokozat\u00fa<\/p>\n<\/td>\n<td style=\"text-align: center;\">4&#215;4, 6&#215;6<\/td>\n<td style=\"text-align: center;\">H\u00e1ts\u00f3<\/td>\n<td style=\"text-align: center;\">10 t.<\/td>\n<td>\n<p style=\"text-align: center;\"><a href=\"http:\/\/raba.hu\/wp-content\/uploads\/futomu_adatlapok\/tehergepjarmu_futomuvek\/Axle_684.docx.pdf\">684\n<\/a><\/p>\n<\/td>\n<\/tr>\n<tr>\n<td>\n<p style=\"text-align: center;\">K\u00e9tfokozat\u00fa<\/p>\n<\/td>\n<td style=\"text-align: center;\">4&#215;4, 6&#215;6, 8&#215;8<\/td>\n<td style=\"text-align: center;\">Mells\u0151<\/td>\n<td style=\"text-align: center;\">10\u00a0t.<\/td>\n<td>\n<p style=\"text-align: center;\"><a href=\"http:\/\/raba.hu\/wp-content\/uploads\/futomu_adatlapok\/tehergepjarmu_futomuvek\/Axle_783.pdf\">783<\/a><\/p>\n<\/td>\n<\/tr>\n<tr>\n<td>\n<p style=\"text-align: center;\">K\u00e9tfokozat\u00fa<\/p>\n<\/td>\n<td style=\"text-align: center;\">4&#215;4, 6&#215;6, 8&#215;8<\/td>\n<td style=\"text-align: center;\">H\u00e1ts\u00f3<\/td>\n<td style=\"text-align: center;\">13 t.<\/td>\n<td style=\"text-align: center;\">\n<p style=\"text-align: center;\"><a href=\"http:\/\/raba.hu\/wp-content\/uploads\/futomu_adatlapok\/tehergepjarmu_futomuvek\/Axle_784.docx.pdf\">784<\/a><\/p>\n<\/td>\n<\/tr>\n<tr>\n<td>\n<p style=\"text-align: center;\">K\u00e9tfokozat\u00fa<\/p>\n<\/td>\n<td style=\"text-align: center;\">4&#215;4, 6&#215;6<\/td>\n<td style=\"text-align: center;\">Mells\u0151<\/td>\n<td style=\"text-align: center;\">11.3 t.<\/td>\n<td>\n<p style=\"text-align: center;\">883<\/p>\n<\/td>\n<\/tr>\n<tr>\n<td>\n<p style=\"text-align: center;\">K\u00e9tfokozat\u00fa<\/p>\n<\/td>\n<td style=\"text-align: center;\">4&#215;4, 6&#215;6<\/td>\n<td style=\"text-align: center;\">H\u00e1ts\u00f3<\/td>\n<td style=\"text-align: center;\">11.3 t.<\/td>\n<td style=\"text-align: center;\">884<\/td>\n<\/tr>\n<tr>\n<td style=\"text-align: center;\" colspan=\"5\"><strong>ON-HIGHWAY<\/strong><\/td>\n<\/tr>\n<tr>\n<td><strong>Fokozat <\/strong><\/td>\n<td><strong>Ker\u00e9kk\u00e9plet <\/strong><\/td>\n<td><strong>Be\u00e9p\u00edt\u00e9s\u00a0 <\/strong><\/td>\n<td><strong>GAW\u00a0 <\/strong><\/td>\n<td><strong>Sz\u00e9ria<\/strong><\/td>\n<\/tr>\n<tr>\n<td>\n<p style=\"text-align: center;\">Nem hajtott<\/p>\n<\/td>\n<td style=\"text-align: center;\">\n<p style=\"text-align: center;\">4&#215;2, 6&#215;4<\/p>\n<\/td>\n<td style=\"text-align: center;\">Mells\u0151<\/td>\n<td style=\"text-align: center;\">7.5 t.<\/td>\n<td>\n<p style=\"text-align: center;\"><a href=\"http:\/\/raba.hu\/wp-content\/uploads\/futomu_adatlapok\/tehergepjarmu_futomuvek\/Axle_722.docx.pdf\">722<\/a><\/p>\n<\/td>\n<\/tr>\n<tr>\n<td style=\"text-align: center;\">K\u00e9tfokozat\u00fa<\/td>\n<td style=\"text-align: center;\">4&#215;4, 6&#215;4, 6&#215;6<\/td>\n<td style=\"text-align: center;\">H\u00e1ts\u00f3<\/td>\n<td style=\"text-align: center;\">13 t.<\/td>\n<td>\n<p style=\"text-align: center;\"><a href=\"http:\/\/raba.hu\/wp-content\/uploads\/futomu_adatlapok\/tehergepjarmu_futomuvek\/Axle_955.docx.pdf\">\u00a0955 \/965<\/a><\/p>\n<\/td>\n<\/tr>\n<\/tbody>\n<\/table>\t\t\t\t\t\t\t\t<\/div>\n\t\t\t\t<\/div>\n\t\t\t\t<div class=\"elementor-element elementor-element-b6088d0 elementor-widget__width-initial elementor-widget-mobile__width-inherit elementor-widget elementor-widget-gallery\" data-id=\"b6088d0\" data-element_type=\"widget\" data-e-type=\"widget\" data-settings=\"{&quot;columns_mobile&quot;:3,&quot;lazyload&quot;:&quot;yes&quot;,&quot;gallery_layout&quot;:&quot;grid&quot;,&quot;columns&quot;:4,&quot;columns_tablet&quot;:2,&quot;gap&quot;:{&quot;unit&quot;:&quot;px&quot;,&quot;size&quot;:10,&quot;sizes&quot;:[]},&quot;gap_tablet&quot;:{&quot;unit&quot;:&quot;px&quot;,&quot;size&quot;:10,&quot;sizes&quot;:[]},&quot;gap_mobile&quot;:{&quot;unit&quot;:&quot;px&quot;,&quot;size&quot;:10,&quot;sizes&quot;:[]},&quot;link_to&quot;:&quot;file&quot;,&quot;aspect_ratio&quot;:&quot;3:2&quot;,&quot;overlay_background&quot;:&quot;yes&quot;,&quot;content_hover_animation&quot;:&quot;fade-in&quot;}\" data-widget_type=\"gallery.default\">\n\t\t\t\t<div class=\"elementor-widget-container\">\n\t\t\t\t\t\t\t<div class=\"elementor-gallery__container\">\n\t\t\t\t\t\t\t<a class=\"e-gallery-item elementor-gallery-item elementor-animated-content\" href=\"https:\/\/raba.hu\/wp-content\/uploads\/2021\/05\/932_11__309_82_white_background.jpg\" data-elementor-open-lightbox=\"yes\" data-elementor-lightbox-slideshow=\"b6088d0\" data-elementor-lightbox-title=\"932_11__309_82_white_background\" data-e-action-hash=\"#elementor-action%3Aaction%3Dlightbox%26settings%3DeyJpZCI6MTE4NywidXJsIjoiaHR0cHM6XC9cL3JhYmEuaHVcL3dwLWNvbnRlbnRcL3VwbG9hZHNcLzIwMjFcLzA1XC85MzJfMTFfXzMwOV84Ml93aGl0ZV9iYWNrZ3JvdW5kLmpwZyIsInNsaWRlc2hvdyI6ImI2MDg4ZDAifQ%3D%3D\">\n\t\t\t\t\t<div class=\"e-gallery-image elementor-gallery-item__image\" data-thumbnail=\"https:\/\/raba.hu\/wp-content\/uploads\/2021\/05\/932_11__309_82_white_background-300x165.jpg\" data-width=\"300\" data-height=\"165\" aria-label=\"\" role=\"img\" ><\/div>\n\t\t\t\t\t\t\t\t\t\t\t<div class=\"elementor-gallery-item__overlay\"><\/div>\n\t\t\t\t\t\t\t\t\t\t\t\t\t\t<\/a>\n\t\t\t\t\t\t\t<a class=\"e-gallery-item elementor-gallery-item elementor-animated-content\" href=\"https:\/\/raba.hu\/wp-content\/uploads\/2021\/05\/783_26__783_46__784_26__784_76_white_background.jpg\" data-elementor-open-lightbox=\"yes\" data-elementor-lightbox-slideshow=\"b6088d0\" data-elementor-lightbox-title=\"783_26__783_46__784_26__784_76_white_background\" data-e-action-hash=\"#elementor-action%3Aaction%3Dlightbox%26settings%3DeyJpZCI6MTE4NiwidXJsIjoiaHR0cHM6XC9cL3JhYmEuaHVcL3dwLWNvbnRlbnRcL3VwbG9hZHNcLzIwMjFcLzA1XC83ODNfMjZfXzc4M180Nl9fNzg0XzI2X183ODRfNzZfd2hpdGVfYmFja2dyb3VuZC5qcGciLCJzbGlkZXNob3ciOiJiNjA4OGQwIn0%3D\">\n\t\t\t\t\t<div class=\"e-gallery-image elementor-gallery-item__image\" data-thumbnail=\"https:\/\/raba.hu\/wp-content\/uploads\/2021\/05\/783_26__783_46__784_26__784_76_white_background-300x165.jpg\" data-width=\"300\" data-height=\"165\" aria-label=\"\" role=\"img\" ><\/div>\n\t\t\t\t\t\t\t\t\t\t\t<div class=\"elementor-gallery-item__overlay\"><\/div>\n\t\t\t\t\t\t\t\t\t\t\t\t\t\t<\/a>\n\t\t\t\t\t\t\t<a class=\"e-gallery-item elementor-gallery-item elementor-animated-content\" href=\"https:\/\/raba.hu\/wp-content\/uploads\/2021\/05\/939_71__739_27__739_97_white_background.jpg\" data-elementor-open-lightbox=\"yes\" data-elementor-lightbox-slideshow=\"b6088d0\" data-elementor-lightbox-title=\"939_71__739_27__739_97_white_background\" data-e-action-hash=\"#elementor-action%3Aaction%3Dlightbox%26settings%3DeyJpZCI6MTE4OCwidXJsIjoiaHR0cHM6XC9cL3JhYmEuaHVcL3dwLWNvbnRlbnRcL3VwbG9hZHNcLzIwMjFcLzA1XC85MzlfNzFfXzczOV8yN19fNzM5Xzk3X3doaXRlX2JhY2tncm91bmQuanBnIiwic2xpZGVzaG93IjoiYjYwODhkMCJ9\">\n\t\t\t\t\t<div class=\"e-gallery-image elementor-gallery-item__image\" data-thumbnail=\"https:\/\/raba.hu\/wp-content\/uploads\/2021\/05\/939_71__739_27__739_97_white_background-300x172.jpg\" data-width=\"300\" data-height=\"172\" aria-label=\"\" role=\"img\" ><\/div>\n\t\t\t\t\t\t\t\t\t\t\t<div class=\"elementor-gallery-item__overlay\"><\/div>\n\t\t\t\t\t\t\t\t\t\t\t\t\t\t<\/a>\n\t\t\t\t\t<\/div>\n\t\t\t\t\t<\/div>\n\t\t\t\t<\/div>\n\t\t\t\t\t<\/div>\n\t\t<\/div>\n\t\t\t\t\t<\/div>\n\t\t<\/section>\n\t\t\t\t<\/div>\n\t\t","protected":false},"excerpt":{"rendered":"<p>TERM\u00c9KEK Teherg\u00e9pj\u00e1rm\u0171 fut\u00f3m\u0171vek F\u0151oldal &gt; Term\u00e9kek &gt; Fut\u00f3m\u0171vek &gt; Teherg\u00e9pj\u00e1rm\u0171 fut\u00f3m\u0171vek A R\u00e1ba az al\u00e1bbi t\u00edpus\u00fa teherg\u00e9pj\u00e1rm\u0171vekhez k\u00edn\u00e1l fut\u00f3m\u0171veket: k\u00f6z\u00fati teherg\u00e9pkocsik, off-road teherg\u00e9pkocsik katonai j\u00e1rm\u0171vek. A term\u00e9kportf\u00f3li\u00f3 fut\u00f3m\u0171megold\u00e1sai: modular Axle System (MAX-S fut\u00f3m\u0171csal\u00e1d) 4&#215;4-es, 6&#215;6-os \u00e9s 8&#215;8-as ker\u00e9kk\u00e9plet\u0171 j\u00e1rm\u0171vekhez, CTI (k\u00f6zponti abroncst\u00f6lt\u0151 rendszer), lamell\u00e1s differenci\u00e1l-z\u00e1r,dinamikus terhel\u00e9s: 5x, mells\u0151 \u00e9s h\u00e1ts\u00f3 fut\u00f3m\u0171vek, hajtott \u00e9s szabadon fut\u00f3 &#8230; <a title=\"Truck axles\" class=\"read-more\" href=\"\/en\/products\/heavy-duty-runners\/\" aria-label=\"Read more about Teherg\u00e9pj\u00e1rm\u0171 fut\u00f3m\u0171vek\">Read more<\/a><\/p>","protected":false},"author":1,"featured_media":0,"parent":824,"menu_order":0,"comment_status":"closed","ping_status":"closed","template":"elementor_header_footer","meta":{"footnotes":""},"class_list":["post-1557","page","type-page","status-publish"],"publishpress_future_action":{"enabled":false,"date":"2026-05-21 18:28:01","action":"change-status","newStatus":"draft","terms":[],"taxonomy":"","extraData":[]},"publishpress_future_workflow_manual_trigger":{"enabledWorkflows":[]},"_links":{"self":[{"href":"\/en\/wp-json\/wp\/v2\/pages\/1557","targetHints":{"allow":["GET"]}}],"collection":[{"href":"\/en\/wp-json\/wp\/v2\/pages"}],"about":[{"href":"\/en\/wp-json\/wp\/v2\/types\/page"}],"author":[{"embeddable":true,"href":"\/en\/wp-json\/wp\/v2\/users\/1"}],"replies":[{"embeddable":true,"href":"\/en\/wp-json\/wp\/v2\/comments?post=1557"}],"version-history":[{"count":0,"href":"\/en\/wp-json\/wp\/v2\/pages\/1557\/revisions"}],"up":[{"embeddable":true,"href":"\/en\/wp-json\/wp\/v2\/pages\/824"}],"wp:attachment":[{"href":"\/en\/wp-json\/wp\/v2\/media?parent=1557"}],"curies":[{"name":"wp","href":"https:\/\/api.w.org\/{rel}","templated":true}]}}