{"id":1469,"date":"2021-05-10T20:50:30","date_gmt":"2021-05-10T18:50:30","guid":{"rendered":"http:\/\/webnativa.hu\/?page_id=1469"},"modified":"2022-01-09T21:39:36","modified_gmt":"2022-01-09T20:39:36","slug":"technologiak","status":"publish","type":"page","link":"\/en\/technologies\/","title":{"rendered":"Technologies"},"content":{"rendered":"\t\t<div data-elementor-type=\"wp-page\" data-elementor-id=\"1469\" class=\"elementor elementor-1469\" data-elementor-post-type=\"page\">\n\t\t\t\t\t\t<section class=\"elementor-section elementor-top-section elementor-element elementor-element-1359c66 elementor-section-stretched elementor-section-height-min-height elementor-section-boxed elementor-section-height-default elementor-section-items-middle\" data-id=\"1359c66\" data-element_type=\"section\" data-e-type=\"section\" data-settings=\"{&quot;stretch_section&quot;:&quot;section-stretched&quot;,&quot;background_background&quot;:&quot;classic&quot;,&quot;jet_parallax_layout_list&quot;:[{&quot;jet_parallax_layout_image&quot;:{&quot;url&quot;:&quot;&quot;,&quot;id&quot;:&quot;&quot;,&quot;size&quot;:&quot;&quot;},&quot;_id&quot;:&quot;39c51d6&quot;,&quot;jet_parallax_layout_image_tablet&quot;:{&quot;url&quot;:&quot;&quot;,&quot;id&quot;:&quot;&quot;,&quot;size&quot;:&quot;&quot;},&quot;jet_parallax_layout_image_mobile&quot;:{&quot;url&quot;:&quot;&quot;,&quot;id&quot;:&quot;&quot;,&quot;size&quot;:&quot;&quot;},&quot;jet_parallax_layout_speed&quot;:{&quot;unit&quot;:&quot;%&quot;,&quot;size&quot;:50,&quot;sizes&quot;:[]},&quot;jet_parallax_layout_type&quot;:&quot;scroll&quot;,&quot;jet_parallax_layout_direction&quot;:&quot;1&quot;,&quot;jet_parallax_layout_fx_direction&quot;:null,&quot;jet_parallax_layout_z_index&quot;:&quot;&quot;,&quot;jet_parallax_layout_bg_x&quot;:50,&quot;jet_parallax_layout_bg_x_tablet&quot;:&quot;&quot;,&quot;jet_parallax_layout_bg_x_mobile&quot;:&quot;&quot;,&quot;jet_parallax_layout_bg_y&quot;:50,&quot;jet_parallax_layout_bg_y_tablet&quot;:&quot;&quot;,&quot;jet_parallax_layout_bg_y_mobile&quot;:&quot;&quot;,&quot;jet_parallax_layout_bg_size&quot;:&quot;auto&quot;,&quot;jet_parallax_layout_bg_size_tablet&quot;:&quot;&quot;,&quot;jet_parallax_layout_bg_size_mobile&quot;:&quot;&quot;,&quot;jet_parallax_layout_animation_prop&quot;:&quot;transform&quot;,&quot;jet_parallax_layout_on&quot;:[&quot;desktop&quot;,&quot;tablet&quot;]}]}\">\n\t\t\t\t\t\t\t<div class=\"elementor-background-overlay\"><\/div>\n\t\t\t\t\t\t\t<div class=\"elementor-container elementor-column-gap-default\">\n\t\t\t\t\t<div class=\"elementor-column elementor-col-100 elementor-top-column elementor-element elementor-element-0e90bdb\" data-id=\"0e90bdb\" data-element_type=\"column\" data-e-type=\"column\">\n\t\t\t<div class=\"elementor-widget-wrap elementor-element-populated\">\n\t\t\t\t\t\t<div class=\"elementor-element elementor-element-7f4b48b elementor-widget elementor-widget-heading\" data-id=\"7f4b48b\" data-element_type=\"widget\" data-e-type=\"widget\" data-widget_type=\"heading.default\">\n\t\t\t\t<div class=\"elementor-widget-container\">\n\t\t\t\t\t<h1 class=\"elementor-heading-title elementor-size-default\">technol\u00f3gi\u00e1k<\/h1>\t\t\t\t<\/div>\n\t\t\t\t<\/div>\n\t\t\t\t\t<\/div>\n\t\t<\/div>\n\t\t\t\t\t<\/div>\n\t\t<\/section>\n\t\t\t\t<section class=\"elementor-section elementor-top-section elementor-element elementor-element-fb76450 elementor-section-height-min-height elementor-section-boxed elementor-section-height-default elementor-section-items-middle\" data-id=\"fb76450\" data-element_type=\"section\" data-e-type=\"section\" data-settings=\"{&quot;background_background&quot;:&quot;classic&quot;,&quot;jet_parallax_layout_list&quot;:[{&quot;jet_parallax_layout_image&quot;:{&quot;url&quot;:&quot;&quot;,&quot;id&quot;:&quot;&quot;,&quot;size&quot;:&quot;&quot;},&quot;_id&quot;:&quot;9739e15&quot;,&quot;jet_parallax_layout_image_tablet&quot;:{&quot;url&quot;:&quot;&quot;,&quot;id&quot;:&quot;&quot;,&quot;size&quot;:&quot;&quot;},&quot;jet_parallax_layout_image_mobile&quot;:{&quot;url&quot;:&quot;&quot;,&quot;id&quot;:&quot;&quot;,&quot;size&quot;:&quot;&quot;},&quot;jet_parallax_layout_speed&quot;:{&quot;unit&quot;:&quot;%&quot;,&quot;size&quot;:50,&quot;sizes&quot;:[]},&quot;jet_parallax_layout_type&quot;:&quot;scroll&quot;,&quot;jet_parallax_layout_direction&quot;:&quot;1&quot;,&quot;jet_parallax_layout_fx_direction&quot;:null,&quot;jet_parallax_layout_z_index&quot;:&quot;&quot;,&quot;jet_parallax_layout_bg_x&quot;:50,&quot;jet_parallax_layout_bg_x_tablet&quot;:&quot;&quot;,&quot;jet_parallax_layout_bg_x_mobile&quot;:&quot;&quot;,&quot;jet_parallax_layout_bg_y&quot;:50,&quot;jet_parallax_layout_bg_y_tablet&quot;:&quot;&quot;,&quot;jet_parallax_layout_bg_y_mobile&quot;:&quot;&quot;,&quot;jet_parallax_layout_bg_size&quot;:&quot;auto&quot;,&quot;jet_parallax_layout_bg_size_tablet&quot;:&quot;&quot;,&quot;jet_parallax_layout_bg_size_mobile&quot;:&quot;&quot;,&quot;jet_parallax_layout_animation_prop&quot;:&quot;transform&quot;,&quot;jet_parallax_layout_on&quot;:[&quot;desktop&quot;,&quot;tablet&quot;]}]}\">\n\t\t\t\t\t\t<div class=\"elementor-container elementor-column-gap-default\">\n\t\t\t\t\t<div class=\"elementor-column elementor-col-50 elementor-top-column elementor-element elementor-element-7893d3b\" data-id=\"7893d3b\" data-element_type=\"column\" data-e-type=\"column\">\n\t\t\t<div class=\"elementor-widget-wrap elementor-element-populated\">\n\t\t\t\t\t\t<div class=\"elementor-element elementor-element-26c48fa elementor-widget elementor-widget-text-editor\" data-id=\"26c48fa\" data-element_type=\"widget\" data-e-type=\"widget\" data-widget_type=\"text-editor.default\">\n\t\t\t\t<div class=\"elementor-widget-container\">\n\t\t\t\t\t\t\t\t\tA R\u00e1ba meghat\u00e1roz\u00f3 ereje a vertik\u00e1lisan integr\u00e1l\u00f3dott gy\u00e1rt\u00e1si szerkezete, a folyamatok \u00e9s technol\u00f3gi\u00e1k. Ezekre alapozva a v\u00e1llalat komplex szolg\u00e1ltat\u00e1si csomagot ny\u00fajt \u00fcgyfelei sz\u00e1m\u00e1ra a m\u00e9rn\u00f6ki tervez\u00e9st\u0151l, a gy\u00e1rt\u00e1son \u00e9s szerel\u00e9sen kereszt\u00fcl a tesztel\u00e9sig \u00e9s a logisztikai megold\u00e1sokig. \t\t\t\t\t\t\t\t<\/div>\n\t\t\t\t<\/div>\n\t\t\t\t\t<\/div>\n\t\t<\/div>\n\t\t\t\t<div class=\"elementor-column elementor-col-50 elementor-top-column elementor-element elementor-element-9e164ce\" data-id=\"9e164ce\" data-element_type=\"column\" data-e-type=\"column\">\n\t\t\t<div class=\"elementor-widget-wrap\">\n\t\t\t\t\t\t\t<\/div>\n\t\t<\/div>\n\t\t\t\t\t<\/div>\n\t\t<\/section>\n\t\t\t\t<section class=\"elementor-section elementor-top-section elementor-element elementor-element-342f8eb elementor-section-full_width elementor-section-height-default elementor-section-height-default\" data-id=\"342f8eb\" data-element_type=\"section\" data-e-type=\"section\" data-settings=\"{&quot;jet_parallax_layout_list&quot;:[{&quot;jet_parallax_layout_image&quot;:{&quot;url&quot;:&quot;&quot;,&quot;id&quot;:&quot;&quot;,&quot;size&quot;:&quot;&quot;},&quot;_id&quot;:&quot;50ce2db&quot;,&quot;jet_parallax_layout_image_tablet&quot;:{&quot;url&quot;:&quot;&quot;,&quot;id&quot;:&quot;&quot;,&quot;size&quot;:&quot;&quot;},&quot;jet_parallax_layout_image_mobile&quot;:{&quot;url&quot;:&quot;&quot;,&quot;id&quot;:&quot;&quot;,&quot;size&quot;:&quot;&quot;},&quot;jet_parallax_layout_speed&quot;:{&quot;unit&quot;:&quot;%&quot;,&quot;size&quot;:50,&quot;sizes&quot;:[]},&quot;jet_parallax_layout_type&quot;:&quot;scroll&quot;,&quot;jet_parallax_layout_direction&quot;:&quot;1&quot;,&quot;jet_parallax_layout_fx_direction&quot;:null,&quot;jet_parallax_layout_z_index&quot;:&quot;&quot;,&quot;jet_parallax_layout_bg_x&quot;:50,&quot;jet_parallax_layout_bg_x_tablet&quot;:&quot;&quot;,&quot;jet_parallax_layout_bg_x_mobile&quot;:&quot;&quot;,&quot;jet_parallax_layout_bg_y&quot;:50,&quot;jet_parallax_layout_bg_y_tablet&quot;:&quot;&quot;,&quot;jet_parallax_layout_bg_y_mobile&quot;:&quot;&quot;,&quot;jet_parallax_layout_bg_size&quot;:&quot;auto&quot;,&quot;jet_parallax_layout_bg_size_tablet&quot;:&quot;&quot;,&quot;jet_parallax_layout_bg_size_mobile&quot;:&quot;&quot;,&quot;jet_parallax_layout_animation_prop&quot;:&quot;transform&quot;,&quot;jet_parallax_layout_on&quot;:[&quot;desktop&quot;,&quot;tablet&quot;]}],&quot;background_background&quot;:&quot;classic&quot;}\">\n\t\t\t\t\t\t<div class=\"elementor-container elementor-column-gap-default\">\n\t\t\t\t\t<div class=\"elementor-column elementor-col-50 elementor-top-column elementor-element elementor-element-8cf2423\" data-id=\"8cf2423\" data-element_type=\"column\" data-e-type=\"column\">\n\t\t\t<div class=\"elementor-widget-wrap elementor-element-populated\">\n\t\t\t\t\t\t<div class=\"elementor-element elementor-element-e4a0cdd elementor-widget-mobile__width-inherit elementor-widget elementor-widget-text-editor\" data-id=\"e4a0cdd\" data-element_type=\"widget\" data-e-type=\"widget\" data-widget_type=\"text-editor.default\">\n\t\t\t\t<div class=\"elementor-widget-container\">\n\t\t\t\t\t\t\t\t\t<p>A R\u00e1ba strat\u00e9gi\u00e1j\u00e1nak kiemelt ter\u00fclete az alkalmazott technol\u00f3gi\u00e1k folyamatosan fejleszt\u00e9se a hossz\u00fa t\u00e1v\u00fa versenyk\u00e9pess\u00e9g fenntart\u00e1sa, jav\u00edt\u00e1sa \u00e9s a piaci r\u00e9szesed\u00e9s n\u00f6vel\u00e9se \u00e9rdek\u00e9ben. K\u00f6zvetlen piacn\u00f6vel\u0151 \u00fczleti int\u00e9zked\u00e9s keret\u00e9ben a <strong>R\u00e1ba nagy volumen\u0171 beruh\u00e1z\u00e1si programot ind\u00edtott, <\/strong>t\u00f6bb mint 10 milli\u00e1rd Ft \u00e9rt\u00e9kben, amelynek c\u00e9lja \u00faj kov\u00e1csol\u00e1si technol\u00f3gia bevezet\u00e9se, termel\u00e9keny gy\u00e1rt\u00f3sor \u00fczembehelyez\u00e9se volt, amelyre 2019-ben ker\u00fclt sor<strong>. <\/strong>\u00a0<strong>A fejleszt\u00e9ssel jelent\u0151sen n\u00f6velte a gy\u00e1rt\u00e1si kapacit\u00e1st,<\/strong> jav\u00edtja a term\u00e9kek min\u0151s\u00e9g\u00e9t, az \u00e9l\u0151munka hat\u00e9konys\u00e1g\u00e1t.\u00a0<\/p><p><strong>A R\u00e1ba meghat\u00e1roz\u00f3, alaptechnol\u00f3gi\u00e1ja a kov\u00e1csol\u00e1s.<\/strong><br \/>Az 1896-ban alap\u00edtott kov\u00e1cs\u00fczemnek k\u00f6sz\u00f6nhet\u0151en a R\u00e1ba m\u00e1r t\u00f6bb mint sz\u00e1z \u00e9ves tapasztalattal rendelkezik a kov\u00e1csterm\u00e9kek gy\u00e1rt\u00e1sa ter\u00fclet\u00e9n. A folyamatos fejleszt\u00e9sek\u00a0 mindv\u00e9gig hozz\u00e1j\u00e1rultak a termel\u00e9kenys\u00e9g \u00e1lland\u00f3 n\u00f6veked\u00e9s\u00e9hez. Mind ezek eredm\u00e9nyek\u00e9nt a kov\u00e1cs\u00fczem &#8211; a kapacit\u00e1sban megfelel\u0151, korszer\u0171 h\u0151kezel\u0151 m\u0171hellyel \u2013 a r\u00e9gi\u00f3 egyik legnagyobb \u00e9s legkorszer\u0171bb kov\u00e1csgy\u00e1ra. F\u0151 profilja a j\u00e1rm\u0171ipar (teherg\u00e9pj\u00e1rm\u0171vek, buszok \u00e9s speci\u00e1lis j\u00e1rm\u0171vek) sz\u00e1m\u00e1ra kov\u00e1csolt alkatr\u00e9szek el\u0151\u00e1ll\u00edt\u00e1sa. Ezek nem csak a R\u00e1ba \u00e1ltal gy\u00e1rtott mells\u0151 \u00e9s h\u00e1ts\u00f3 fut\u00f3m\u0171vekbe, f\u0151hajt\u00f3m\u0171vekbe, de a vil\u00e1g sz\u00e1mos fut\u00f3m\u0171 \u00e9s f\u0151hajt\u00f3m\u0171 gy\u00e1rt\u00f3j\u00e1nak term\u00e9keibe is be\u00e9p\u00fclnek.<\/p>\t\t\t\t\t\t\t\t<\/div>\n\t\t\t\t<\/div>\n\t\t\t\t<div class=\"elementor-element elementor-element-2fd0c47 elementor-widget__width-initial elementor-absolute elementor-widget elementor-widget-image\" data-id=\"2fd0c47\" data-element_type=\"widget\" data-e-type=\"widget\" data-settings=\"{&quot;_position&quot;:&quot;absolute&quot;}\" data-widget_type=\"image.default\">\n\t\t\t\t<div class=\"elementor-widget-container\">\n\t\t\t\t\t\t\t\t\t\t\t\t\t\t\t<img decoding=\"async\" width=\"161\" height=\"277\" src=\"https:\/\/raba.hu\/wp-content\/uploads\/2021\/04\/Shape-38-copy.png\" class=\"attachment-large size-large wp-image-389\" alt=\"\" \/>\t\t\t\t\t\t\t\t\t\t\t\t\t\t\t<\/div>\n\t\t\t\t<\/div>\n\t\t\t\t<div class=\"elementor-element elementor-element-133eeae elementor-widget__width-initial elementor-absolute elementor-widget elementor-widget-image\" data-id=\"133eeae\" data-element_type=\"widget\" data-e-type=\"widget\" data-settings=\"{&quot;_position&quot;:&quot;absolute&quot;}\" data-widget_type=\"image.default\">\n\t\t\t\t<div class=\"elementor-widget-container\">\n\t\t\t\t\t\t\t\t\t\t\t\t\t\t\t<img fetchpriority=\"high\" decoding=\"async\" width=\"257\" height=\"257\" src=\"https:\/\/raba.hu\/wp-content\/uploads\/2021\/04\/Shape-39.png\" class=\"attachment-large size-large wp-image-393\" alt=\"\" srcset=\"https:\/\/raba.hu\/wp-content\/uploads\/2021\/04\/Shape-39.png 257w, https:\/\/raba.hu\/wp-content\/uploads\/2021\/04\/Shape-39-150x150.png 150w\" sizes=\"(max-width: 257px) 100vw, 257px\" \/>\t\t\t\t\t\t\t\t\t\t\t\t\t\t\t<\/div>\n\t\t\t\t<\/div>\n\t\t\t\t<div class=\"elementor-element elementor-element-bea3af5 elementor-widget elementor-widget-heading\" data-id=\"bea3af5\" data-element_type=\"widget\" data-e-type=\"widget\" data-widget_type=\"heading.default\">\n\t\t\t\t<div class=\"elementor-widget-container\">\n\t\t\t\t\t<h2 class=\"elementor-heading-title elementor-size-default\">TECHNOL\u00d3GI\u00c1K  A R\u00c1BA GY\u0150RI \u00dcZEM\u00c9BEN<\/h2>\t\t\t\t<\/div>\n\t\t\t\t<\/div>\n\t\t\t\t<div class=\"elementor-element elementor-element-907181e elementor-widget-mobile__width-inherit elementor-widget elementor-widget-text-editor\" data-id=\"907181e\" data-element_type=\"widget\" data-e-type=\"widget\" data-widget_type=\"text-editor.default\">\n\t\t\t\t<div class=\"elementor-widget-container\">\n\t\t\t\t\t\t\t\t\t<p><img decoding=\"async\" style=\"float: right; width: 30%;\" src=\"http:\/\/raba.hu\/wp-content\/uploads\/2021\/09\/A-KIEMELT-Gyor.jpg\" \/>Kov\u00e1csol\u00e1s<br \/>H\u0151kezel\u00e9s<br \/>Megmunk\u00e1l\u00e1s<br \/>Szerel\u00e9s<br \/>Lemezmegmunk\u00e1l\u00e1s<br \/>Hegeszt\u00e9s<br \/>Szersz\u00e1mgy\u00e1rt\u00e1s<\/p><p>\u00a0<\/p>\t\t\t\t\t\t\t\t<\/div>\n\t\t\t\t<\/div>\n\t\t\t\t<div class=\"elementor-element elementor-element-5596be3 elementor-widget elementor-widget-button\" data-id=\"5596be3\" data-element_type=\"widget\" data-e-type=\"widget\" data-widget_type=\"button.default\">\n\t\t\t\t<div class=\"elementor-widget-container\">\n\t\t\t\t\t\t\t\t\t<div class=\"elementor-button-wrapper\">\n\t\t\t\t\t<a class=\"elementor-button elementor-button-link elementor-size-sm\" href=\"http:\/\/raba.hu\/technologiak\/technologiak-a-raba-gyori-uzemeben\/\">\n\t\t\t\t\t\t<span class=\"elementor-button-content-wrapper\">\n\t\t\t\t\t\t\t\t\t<span class=\"elementor-button-text\">Tov\u00e1bbi r\u00e9szletek<\/span>\n\t\t\t\t\t<\/span>\n\t\t\t\t\t<\/a>\n\t\t\t\t<\/div>\n\t\t\t\t\t\t\t\t<\/div>\n\t\t\t\t<\/div>\n\t\t\t\t<div class=\"elementor-element elementor-element-d59ead8 elementor-widget elementor-widget-heading\" data-id=\"d59ead8\" data-element_type=\"widget\" data-e-type=\"widget\" data-widget_type=\"heading.default\">\n\t\t\t\t<div class=\"elementor-widget-container\">\n\t\t\t\t\t<h2 class=\"elementor-heading-title elementor-size-default\">TECHNOL\u00d3GI\u00c1K  A R\u00c1BA M\u00d3RI \u00dcZEM\u00c9BEN<\/h2>\t\t\t\t<\/div>\n\t\t\t\t<\/div>\n\t\t\t\t<div class=\"elementor-element elementor-element-e2f8edc elementor-widget-mobile__width-inherit elementor-widget elementor-widget-text-editor\" data-id=\"e2f8edc\" data-element_type=\"widget\" data-e-type=\"widget\" data-widget_type=\"text-editor.default\">\n\t\t\t\t<div class=\"elementor-widget-container\">\n\t\t\t\t\t\t\t\t\t<p><img decoding=\"async\" style=\"float: right; width: 30%;\" src=\"http:\/\/raba.hu\/wp-content\/uploads\/2021\/09\/A-KIEMELT-Mor.jpg\" \/>Pr\u00e9stechnol\u00f3gia<br \/>Hegeszt\u00e9s-technol\u00f3gia<br \/>Robothegeszt\u00e9s MAG<br \/>Cs\u0151hajl\u00edt\u00e1s technol\u00f3gia<br \/>Huzalhajl\u00edt\u00e1s technol\u00f3gia<br \/>Kataforetikus fest\u00e9s<br \/>Szab\u00e1szat<br \/>Varroda<br \/>Porsz\u00f3r\u00e1s<\/p>\t\t\t\t\t\t\t\t<\/div>\n\t\t\t\t<\/div>\n\t\t\t\t<div class=\"elementor-element elementor-element-d4926e0 elementor-widget elementor-widget-button\" data-id=\"d4926e0\" data-element_type=\"widget\" data-e-type=\"widget\" data-widget_type=\"button.default\">\n\t\t\t\t<div class=\"elementor-widget-container\">\n\t\t\t\t\t\t\t\t\t<div class=\"elementor-button-wrapper\">\n\t\t\t\t\t<a class=\"elementor-button elementor-button-link elementor-size-sm\" href=\"http:\/\/raba.hu\/technologiak\/technologiak-a-raba-mori-uzemeben\/\">\n\t\t\t\t\t\t<span class=\"elementor-button-content-wrapper\">\n\t\t\t\t\t\t\t\t\t<span class=\"elementor-button-text\">Tov\u00e1bbi r\u00e9szletek<\/span>\n\t\t\t\t\t<\/span>\n\t\t\t\t\t<\/a>\n\t\t\t\t<\/div>\n\t\t\t\t\t\t\t\t<\/div>\n\t\t\t\t<\/div>\n\t\t\t\t<div class=\"elementor-element elementor-element-101c3c4 elementor-widget elementor-widget-heading\" data-id=\"101c3c4\" data-element_type=\"widget\" data-e-type=\"widget\" data-widget_type=\"heading.default\">\n\t\t\t\t<div class=\"elementor-widget-container\">\n\t\t\t\t\t<h2 class=\"elementor-heading-title elementor-size-default\">TECHNOL\u00d3GI\u00c1K  A R\u00c1BA S\u00c1RV\u00c1RI \u00dcZEM\u00c9BEN<\/h2>\t\t\t\t<\/div>\n\t\t\t\t<\/div>\n\t\t\t\t<div class=\"elementor-element elementor-element-7dcf9cb elementor-widget-mobile__width-inherit elementor-widget elementor-widget-text-editor\" data-id=\"7dcf9cb\" data-element_type=\"widget\" data-e-type=\"widget\" data-widget_type=\"text-editor.default\">\n\t\t\t\t<div class=\"elementor-widget-container\">\n\t\t\t\t\t\t\t\t\t<p><img decoding=\"async\" style=\"float: right; width: 30%;\" src=\"http:\/\/raba.hu\/wp-content\/uploads\/2021\/09\/A-KIEMELT-Sarvar-h_edzes.jpg\" \/>Eszterg\u00e1l\u00e1s<br \/>F\u00far\u00e1s, mar\u00e1s<br \/>Finom megmunk\u00e1l\u00e1s, k\u00f6sz\u00f6r\u00fcl\u00e9s<br \/>K\u00fcl\u00f6nleges technol\u00f3gi\u00e1k<br \/>H\u0151kezel\u00e9si technol\u00f3gia<br \/>Szerel\u00e9si technol\u00f3gia<\/p><p>\u00a0<\/p><p>\u00a0<\/p>\t\t\t\t\t\t\t\t<\/div>\n\t\t\t\t<\/div>\n\t\t\t\t<div class=\"elementor-element elementor-element-84b5283 elementor-widget elementor-widget-button\" data-id=\"84b5283\" data-element_type=\"widget\" data-e-type=\"widget\" data-widget_type=\"button.default\">\n\t\t\t\t<div class=\"elementor-widget-container\">\n\t\t\t\t\t\t\t\t\t<div class=\"elementor-button-wrapper\">\n\t\t\t\t\t<a class=\"elementor-button elementor-button-link elementor-size-sm\" href=\"http:\/\/raba.hu\/technologiak\/technologiak-a-raba-sarvari-uzemeben\/\">\n\t\t\t\t\t\t<span class=\"elementor-button-content-wrapper\">\n\t\t\t\t\t\t\t\t\t<span class=\"elementor-button-text\">Tov\u00e1bbi r\u00e9szletek<\/span>\n\t\t\t\t\t<\/span>\n\t\t\t\t\t<\/a>\n\t\t\t\t<\/div>\n\t\t\t\t\t\t\t\t<\/div>\n\t\t\t\t<\/div>\n\t\t\t\t\t<\/div>\n\t\t<\/div>\n\t\t\t\t<div class=\"elementor-column elementor-col-50 elementor-top-column elementor-element elementor-element-6fd9aca\" data-id=\"6fd9aca\" data-element_type=\"column\" data-e-type=\"column\">\n\t\t\t<div class=\"elementor-widget-wrap elementor-element-populated\">\n\t\t\t\t\t\t<div class=\"elementor-element elementor-element-a51966e elementor-widget__width-initial elementor-absolute elementor-widget elementor-widget-image\" data-id=\"a51966e\" data-element_type=\"widget\" data-e-type=\"widget\" data-settings=\"{&quot;_position&quot;:&quot;absolute&quot;}\" data-widget_type=\"image.default\">\n\t\t\t\t<div class=\"elementor-widget-container\">\n\t\t\t\t\t\t\t\t\t\t\t\t\t\t\t<img decoding=\"async\" width=\"277\" height=\"161\" src=\"https:\/\/raba.hu\/wp-content\/uploads\/2021\/03\/Shape-38.png\" class=\"attachment-large size-large wp-image-92\" alt=\"\" \/>\t\t\t\t\t\t\t\t\t\t\t\t\t\t\t<\/div>\n\t\t\t\t<\/div>\n\t\t\t\t\t<\/div>\n\t\t<\/div>\n\t\t\t\t\t<\/div>\n\t\t<\/section>\n\t\t\t\t<section class=\"elementor-section elementor-top-section elementor-element elementor-element-d40c792 elementor-section-boxed elementor-section-height-default elementor-section-height-default\" data-id=\"d40c792\" data-element_type=\"section\" data-e-type=\"section\" data-settings=\"{&quot;jet_parallax_layout_list&quot;:[{&quot;jet_parallax_layout_image&quot;:{&quot;url&quot;:&quot;&quot;,&quot;id&quot;:&quot;&quot;,&quot;size&quot;:&quot;&quot;},&quot;_id&quot;:&quot;a696d88&quot;,&quot;jet_parallax_layout_image_tablet&quot;:{&quot;url&quot;:&quot;&quot;,&quot;id&quot;:&quot;&quot;,&quot;size&quot;:&quot;&quot;},&quot;jet_parallax_layout_image_mobile&quot;:{&quot;url&quot;:&quot;&quot;,&quot;id&quot;:&quot;&quot;,&quot;size&quot;:&quot;&quot;},&quot;jet_parallax_layout_speed&quot;:{&quot;unit&quot;:&quot;%&quot;,&quot;size&quot;:50,&quot;sizes&quot;:[]},&quot;jet_parallax_layout_type&quot;:&quot;scroll&quot;,&quot;jet_parallax_layout_direction&quot;:&quot;1&quot;,&quot;jet_parallax_layout_fx_direction&quot;:null,&quot;jet_parallax_layout_z_index&quot;:&quot;&quot;,&quot;jet_parallax_layout_bg_x&quot;:50,&quot;jet_parallax_layout_bg_x_tablet&quot;:&quot;&quot;,&quot;jet_parallax_layout_bg_x_mobile&quot;:&quot;&quot;,&quot;jet_parallax_layout_bg_y&quot;:50,&quot;jet_parallax_layout_bg_y_tablet&quot;:&quot;&quot;,&quot;jet_parallax_layout_bg_y_mobile&quot;:&quot;&quot;,&quot;jet_parallax_layout_bg_size&quot;:&quot;auto&quot;,&quot;jet_parallax_layout_bg_size_tablet&quot;:&quot;&quot;,&quot;jet_parallax_layout_bg_size_mobile&quot;:&quot;&quot;,&quot;jet_parallax_layout_animation_prop&quot;:&quot;transform&quot;,&quot;jet_parallax_layout_on&quot;:[&quot;desktop&quot;,&quot;tablet&quot;]}]}\">\n\t\t\t\t\t\t<div class=\"elementor-container elementor-column-gap-default\">\n\t\t\t\t\t<div class=\"elementor-column elementor-col-100 elementor-top-column elementor-element elementor-element-e31faf5\" data-id=\"e31faf5\" data-element_type=\"column\" data-e-type=\"column\">\n\t\t\t<div class=\"elementor-widget-wrap elementor-element-populated\">\n\t\t\t\t\t\t<div class=\"elementor-element elementor-element-5bb7eb6 elementor-widget__width-initial elementor-absolute elementor-widget elementor-widget-image\" data-id=\"5bb7eb6\" data-element_type=\"widget\" data-e-type=\"widget\" data-settings=\"{&quot;_position&quot;:&quot;absolute&quot;}\" data-widget_type=\"image.default\">\n\t\t\t\t<div class=\"elementor-widget-container\">\n\t\t\t\t\t\t\t\t\t\t\t\t\t\t\t<img fetchpriority=\"high\" decoding=\"async\" width=\"257\" height=\"257\" src=\"https:\/\/raba.hu\/wp-content\/uploads\/2021\/04\/Shape-39.png\" class=\"attachment-large size-large wp-image-393\" alt=\"\" srcset=\"https:\/\/raba.hu\/wp-content\/uploads\/2021\/04\/Shape-39.png 257w, https:\/\/raba.hu\/wp-content\/uploads\/2021\/04\/Shape-39-150x150.png 150w\" sizes=\"(max-width: 257px) 100vw, 257px\" \/>\t\t\t\t\t\t\t\t\t\t\t\t\t\t\t<\/div>\n\t\t\t\t<\/div>\n\t\t\t\t\t<\/div>\n\t\t<\/div>\n\t\t\t\t\t<\/div>\n\t\t<\/section>\n\t\t\t\t<\/div>\n\t\t","protected":false},"excerpt":{"rendered":"<p>technol\u00f3gi\u00e1k A R\u00e1ba meghat\u00e1roz\u00f3 ereje a vertik\u00e1lisan integr\u00e1l\u00f3dott gy\u00e1rt\u00e1si szerkezete, a folyamatok \u00e9s technol\u00f3gi\u00e1k. Ezekre alapozva a v\u00e1llalat komplex szolg\u00e1ltat\u00e1si csomagot ny\u00fajt \u00fcgyfelei sz\u00e1m\u00e1ra a m\u00e9rn\u00f6ki tervez\u00e9st\u0151l, a gy\u00e1rt\u00e1son \u00e9s szerel\u00e9sen kereszt\u00fcl a tesztel\u00e9sig \u00e9s a logisztikai megold\u00e1sokig. A R\u00e1ba strat\u00e9gi\u00e1j\u00e1nak kiemelt ter\u00fclete az alkalmazott technol\u00f3gi\u00e1k folyamatosan fejleszt\u00e9se a hossz\u00fa t\u00e1v\u00fa versenyk\u00e9pess\u00e9g fenntart\u00e1sa, jav\u00edt\u00e1sa \u00e9s &#8230; <a title=\"Technologies\" class=\"read-more\" href=\"\/en\/technologies\/\" aria-label=\"Read more about Technol\u00f3gi\u00e1k\">Read more<\/a><\/p>","protected":false},"author":1,"featured_media":0,"parent":0,"menu_order":0,"comment_status":"closed","ping_status":"closed","template":"elementor_header_footer","meta":{"footnotes":""},"class_list":["post-1469","page","type-page","status-publish"],"publishpress_future_action":{"enabled":false,"date":"2026-05-21 13:51:53","action":"change-status","newStatus":"draft","terms":[],"taxonomy":"","extraData":[]},"publishpress_future_workflow_manual_trigger":{"enabledWorkflows":[]},"_links":{"self":[{"href":"\/en\/wp-json\/wp\/v2\/pages\/1469","targetHints":{"allow":["GET"]}}],"collection":[{"href":"\/en\/wp-json\/wp\/v2\/pages"}],"about":[{"href":"\/en\/wp-json\/wp\/v2\/types\/page"}],"author":[{"embeddable":true,"href":"\/en\/wp-json\/wp\/v2\/users\/1"}],"replies":[{"embeddable":true,"href":"\/en\/wp-json\/wp\/v2\/comments?post=1469"}],"version-history":[{"count":0,"href":"\/en\/wp-json\/wp\/v2\/pages\/1469\/revisions"}],"wp:attachment":[{"href":"\/en\/wp-json\/wp\/v2\/media?parent=1469"}],"curies":[{"name":"wp","href":"https:\/\/api.w.org\/{rel}","templated":true}]}}