{"id":1388,"date":"2021-05-07T23:35:12","date_gmt":"2021-05-07T21:35:12","guid":{"rendered":"http:\/\/webnativa.hu\/?page_id=1388"},"modified":"2025-09-04T16:55:47","modified_gmt":"2025-09-04T14:55:47","slug":"iranyitasi-rendszerek-raba","status":"publish","type":"page","link":"\/en\/iranyitasi-systems\/","title":{"rendered":"Management systems"},"content":{"rendered":"\t\t<div data-elementor-type=\"wp-page\" data-elementor-id=\"1388\" class=\"elementor elementor-1388\" data-elementor-post-type=\"page\">\n\t\t\t\t\t\t<section class=\"elementor-section elementor-top-section elementor-element elementor-element-1359c66 elementor-section-stretched elementor-section-height-min-height elementor-section-boxed elementor-section-height-default elementor-section-items-middle\" data-id=\"1359c66\" data-element_type=\"section\" data-e-type=\"section\" data-settings=\"{&quot;stretch_section&quot;:&quot;section-stretched&quot;,&quot;background_background&quot;:&quot;classic&quot;,&quot;jet_parallax_layout_list&quot;:[{&quot;jet_parallax_layout_image&quot;:{&quot;url&quot;:&quot;&quot;,&quot;id&quot;:&quot;&quot;,&quot;size&quot;:&quot;&quot;},&quot;_id&quot;:&quot;a3bc201&quot;,&quot;jet_parallax_layout_image_tablet&quot;:{&quot;url&quot;:&quot;&quot;,&quot;id&quot;:&quot;&quot;,&quot;size&quot;:&quot;&quot;},&quot;jet_parallax_layout_image_mobile&quot;:{&quot;url&quot;:&quot;&quot;,&quot;id&quot;:&quot;&quot;,&quot;size&quot;:&quot;&quot;},&quot;jet_parallax_layout_speed&quot;:{&quot;unit&quot;:&quot;%&quot;,&quot;size&quot;:50,&quot;sizes&quot;:[]},&quot;jet_parallax_layout_type&quot;:&quot;scroll&quot;,&quot;jet_parallax_layout_direction&quot;:&quot;1&quot;,&quot;jet_parallax_layout_fx_direction&quot;:null,&quot;jet_parallax_layout_z_index&quot;:&quot;&quot;,&quot;jet_parallax_layout_bg_x&quot;:50,&quot;jet_parallax_layout_bg_x_tablet&quot;:&quot;&quot;,&quot;jet_parallax_layout_bg_x_mobile&quot;:&quot;&quot;,&quot;jet_parallax_layout_bg_y&quot;:50,&quot;jet_parallax_layout_bg_y_tablet&quot;:&quot;&quot;,&quot;jet_parallax_layout_bg_y_mobile&quot;:&quot;&quot;,&quot;jet_parallax_layout_bg_size&quot;:&quot;auto&quot;,&quot;jet_parallax_layout_bg_size_tablet&quot;:&quot;&quot;,&quot;jet_parallax_layout_bg_size_mobile&quot;:&quot;&quot;,&quot;jet_parallax_layout_animation_prop&quot;:&quot;transform&quot;,&quot;jet_parallax_layout_on&quot;:[&quot;desktop&quot;,&quot;tablet&quot;]}]}\">\n\t\t\t\t\t\t\t<div class=\"elementor-background-overlay\"><\/div>\n\t\t\t\t\t\t\t<div class=\"elementor-container elementor-column-gap-default\">\n\t\t\t\t\t<div class=\"elementor-column elementor-col-100 elementor-top-column elementor-element elementor-element-0e90bdb\" data-id=\"0e90bdb\" data-element_type=\"column\" data-e-type=\"column\">\n\t\t\t<div class=\"elementor-widget-wrap elementor-element-populated\">\n\t\t\t\t\t\t<div class=\"elementor-element elementor-element-7f4b48b elementor-widget elementor-widget-heading\" data-id=\"7f4b48b\" data-element_type=\"widget\" data-e-type=\"widget\" data-widget_type=\"heading.default\">\n\t\t\t\t<div class=\"elementor-widget-container\">\n\t\t\t\t\t<h1 class=\"elementor-heading-title elementor-size-default\">ir\u00e1ny\u00edt\u00e1si rendszerek<\/h1>\t\t\t\t<\/div>\n\t\t\t\t<\/div>\n\t\t\t\t\t<\/div>\n\t\t<\/div>\n\t\t\t\t\t<\/div>\n\t\t<\/section>\n\t\t\t\t<section class=\"elementor-section elementor-top-section elementor-element elementor-element-342f8eb elementor-section-full_width elementor-section-height-default elementor-section-height-default\" data-id=\"342f8eb\" data-element_type=\"section\" data-e-type=\"section\" data-settings=\"{&quot;jet_parallax_layout_list&quot;:[{&quot;jet_parallax_layout_image&quot;:{&quot;url&quot;:&quot;&quot;,&quot;id&quot;:&quot;&quot;,&quot;size&quot;:&quot;&quot;},&quot;_id&quot;:&quot;15bca04&quot;,&quot;jet_parallax_layout_image_tablet&quot;:{&quot;url&quot;:&quot;&quot;,&quot;id&quot;:&quot;&quot;,&quot;size&quot;:&quot;&quot;},&quot;jet_parallax_layout_image_mobile&quot;:{&quot;url&quot;:&quot;&quot;,&quot;id&quot;:&quot;&quot;,&quot;size&quot;:&quot;&quot;},&quot;jet_parallax_layout_speed&quot;:{&quot;unit&quot;:&quot;%&quot;,&quot;size&quot;:50,&quot;sizes&quot;:[]},&quot;jet_parallax_layout_type&quot;:&quot;scroll&quot;,&quot;jet_parallax_layout_direction&quot;:&quot;1&quot;,&quot;jet_parallax_layout_fx_direction&quot;:null,&quot;jet_parallax_layout_z_index&quot;:&quot;&quot;,&quot;jet_parallax_layout_bg_x&quot;:50,&quot;jet_parallax_layout_bg_x_tablet&quot;:&quot;&quot;,&quot;jet_parallax_layout_bg_x_mobile&quot;:&quot;&quot;,&quot;jet_parallax_layout_bg_y&quot;:50,&quot;jet_parallax_layout_bg_y_tablet&quot;:&quot;&quot;,&quot;jet_parallax_layout_bg_y_mobile&quot;:&quot;&quot;,&quot;jet_parallax_layout_bg_size&quot;:&quot;auto&quot;,&quot;jet_parallax_layout_bg_size_tablet&quot;:&quot;&quot;,&quot;jet_parallax_layout_bg_size_mobile&quot;:&quot;&quot;,&quot;jet_parallax_layout_animation_prop&quot;:&quot;transform&quot;,&quot;jet_parallax_layout_on&quot;:[&quot;desktop&quot;,&quot;tablet&quot;]}]}\">\n\t\t\t\t\t\t<div class=\"elementor-container elementor-column-gap-default\">\n\t\t\t\t\t<div class=\"elementor-column elementor-col-50 elementor-top-column elementor-element elementor-element-8cf2423\" data-id=\"8cf2423\" data-element_type=\"column\" data-e-type=\"column\">\n\t\t\t<div class=\"elementor-widget-wrap elementor-element-populated\">\n\t\t\t\t\t\t<div class=\"elementor-element elementor-element-01e4f1a elementor-widget__width-inherit elementor-widget-mobile__width-inherit elementor-widget elementor-widget-heading\" data-id=\"01e4f1a\" data-element_type=\"widget\" data-e-type=\"widget\" data-widget_type=\"heading.default\">\n\t\t\t\t<div class=\"elementor-widget-container\">\n\t\t\t\t\t<h2 class=\"elementor-heading-title elementor-size-default\">A R\u00e1ba Nyrt. elk\u00f6telezett a teljes k\u00f6r\u0171 min\u0151s\u00e9gmenedzsment megval\u00f3s\u00edt\u00e1sa mellett<\/h2>\t\t\t\t<\/div>\n\t\t\t\t<\/div>\n\t\t\t\t<div class=\"elementor-element elementor-element-7b05778 elementor-widget__width-inherit elementor-widget-mobile__width-inherit elementor-widget elementor-widget-text-editor\" data-id=\"7b05778\" data-element_type=\"widget\" data-e-type=\"widget\" data-widget_type=\"text-editor.default\">\n\t\t\t\t<div class=\"elementor-widget-container\">\n\t\t\t\t\t\t\t\t\t<p>A R\u00e1ba a min\u0151s\u00e9g fogalm\u00e1t strat\u00e9giai koncepci\u00f3k\u00e9nt \u00e9rtelmezi term\u00e9keire, bels\u0151 \u00e9s k\u00fcls\u0151 folyamataira \u00e9s nem utols\u00f3 sorban az \u00e9rdekelt felekkel kapcsolatos tev\u00e9kenys\u00e9gekre vonatkoz\u00f3an.<\/p><p>Min\u0151s\u00e9g\u00fcgyi folyamata a gy\u00e1rt\u00e1ssal nem \u00e9r v\u00e9get, kiemelt figyelmet szentel a besz\u00e1ll\u00edt\u00f3i \u00e9s vev\u0151 folyamatokra, a t\u0151l\u00fck \u00e9rkez\u0151 visszajelz\u00e9sekre.<\/p><p>A T\u00e1rsas\u00e1g c\u00e9lja a folyamatos fejl\u0151d\u00e9s, min\u0151s\u00e9g\u00fcgyi rendszer\u00e9t is folyamatosan fejleszti annak \u00e9rdek\u00e9ben, hogy meg tudjon felelni minden, a T\u00e1rsas\u00e1got \u00e9s a min\u0151s\u00e9gir\u00e1ny\u00edt\u00e1si rendszert \u00e9rint\u0151 elv\u00e1r\u00e1snak.<\/p><p>A R\u00e1ba Nyrt. a fenntarthat\u00f3 fejl\u0151d\u00e9s \u00e9s n\u00f6veked\u00e9s biztos\u00edt\u00e1sa, a k\u00f6rnyezetv\u00e9delmi tev\u00e9kenys\u00e9g szab\u00e1lyozott k\u00f6r\u00fclm\u00e9nyek k\u00f6z\u00f6tt t\u00f6rt\u00e9n\u0151 v\u00e9grehajt\u00e1sa \u00e9s a folyamatos fejleszt\u00e9s biztos\u00edt\u00e1sa \u00e9rdek\u00e9ben k\u00f6rnyezetk\u00f6zpont\u00fa ir\u00e1ny\u00edt\u00e1si rendszert m\u0171k\u00f6dtet. Kiemelt c\u00e9l a k\u00f6rnyezetszennyez\u00e9s megakad\u00e1lyoz\u00e1sa, a k\u00f6rnyezetterhel\u00e9s folyamatos cs\u00f6kkent\u00e9se, a megfelel\u00e9si k\u00f6telezetts\u00e9gek teljes\u00edt\u00e9se.<\/p><p>A munkahelyi eg\u00e9szs\u00e9gv\u00e9delmi \u00e9s biztons\u00e1g ir\u00e1ny\u00edt\u00e1si rendszer m\u0171k\u00f6dtet\u00e9s\u00e9vel \u00e9s annak keret\u00e9ben elv\u00e9gzett kock\u00e1zat\u00e9rt\u00e9kel\u00e9sek v\u00e9grehajt\u00e1s\u00e1val a T\u00e1rsas\u00e1g c\u00e9lja a kock\u00e1zatok \u00e9s lehet\u0151s\u00e9gek felt\u00e1r\u00e1sa, kezel\u00e9se, az eg\u00e9szs\u00e9get nem vesz\u00e9lyeztet\u0151 \u00e9s biztons\u00e1gos munkav\u00e9gz\u00e9s felt\u00e9teleinek megteremt\u00e9se, a MEB ir\u00e1ny\u00edt\u00e1si rendszer folyamatos fejleszt\u00e9se.<\/p><p>A T\u00e1rsas\u00e1g ir\u00e1ny\u00edt\u00e1si rendszereit folyamatosan \u00e9rt\u00e9keli, fejleszti annak \u00e9rdek\u00e9ben, hogy tev\u00e9kenys\u00e9ge a v\u00e1ltoz\u00f3 \u00fczleti \u00e9s jogszab\u00e1lyi k\u00f6rnyezet k\u00f6z\u00f6tt is mindig m\u0171k\u00f6d\u0151k\u00e9pes \u00e9s eredm\u00e9nyes legyen.<\/p>\t\t\t\t\t\t\t\t<\/div>\n\t\t\t\t<\/div>\n\t\t\t\t\t<\/div>\n\t\t<\/div>\n\t\t\t\t<div class=\"elementor-column elementor-col-50 elementor-top-column elementor-element elementor-element-6017fc6\" data-id=\"6017fc6\" data-element_type=\"column\" data-e-type=\"column\">\n\t\t\t<div class=\"elementor-widget-wrap elementor-element-populated\">\n\t\t\t\t\t\t<div class=\"elementor-element elementor-element-1eab8e6 elementor-widget__width-initial elementor-absolute elementor-widget elementor-widget-image\" data-id=\"1eab8e6\" data-element_type=\"widget\" data-e-type=\"widget\" data-settings=\"{&quot;_position&quot;:&quot;absolute&quot;}\" data-widget_type=\"image.default\">\n\t\t\t\t<div class=\"elementor-widget-container\">\n\t\t\t\t\t\t\t\t\t\t\t\t\t\t\t<img decoding=\"async\" width=\"277\" height=\"161\" src=\"https:\/\/raba.hu\/wp-content\/uploads\/2021\/03\/Shape-38.png\" class=\"attachment-large size-large wp-image-92\" alt=\"\" \/>\t\t\t\t\t\t\t\t\t\t\t\t\t\t\t<\/div>\n\t\t\t\t<\/div>\n\t\t\t\t\t<\/div>\n\t\t<\/div>\n\t\t\t\t\t<\/div>\n\t\t<\/section>\n\t\t\t\t<section class=\"elementor-section elementor-top-section elementor-element elementor-element-52e979c elementor-section-full_width elementor-section-height-default elementor-section-height-default\" data-id=\"52e979c\" data-element_type=\"section\" data-e-type=\"section\" data-settings=\"{&quot;jet_parallax_layout_list&quot;:[{&quot;jet_parallax_layout_image&quot;:{&quot;url&quot;:&quot;&quot;,&quot;id&quot;:&quot;&quot;,&quot;size&quot;:&quot;&quot;},&quot;_id&quot;:&quot;0d73637&quot;,&quot;jet_parallax_layout_image_tablet&quot;:{&quot;url&quot;:&quot;&quot;,&quot;id&quot;:&quot;&quot;,&quot;size&quot;:&quot;&quot;},&quot;jet_parallax_layout_image_mobile&quot;:{&quot;url&quot;:&quot;&quot;,&quot;id&quot;:&quot;&quot;,&quot;size&quot;:&quot;&quot;},&quot;jet_parallax_layout_speed&quot;:{&quot;unit&quot;:&quot;%&quot;,&quot;size&quot;:50,&quot;sizes&quot;:[]},&quot;jet_parallax_layout_type&quot;:&quot;scroll&quot;,&quot;jet_parallax_layout_direction&quot;:&quot;1&quot;,&quot;jet_parallax_layout_fx_direction&quot;:null,&quot;jet_parallax_layout_z_index&quot;:&quot;&quot;,&quot;jet_parallax_layout_bg_x&quot;:50,&quot;jet_parallax_layout_bg_x_tablet&quot;:&quot;&quot;,&quot;jet_parallax_layout_bg_x_mobile&quot;:&quot;&quot;,&quot;jet_parallax_layout_bg_y&quot;:50,&quot;jet_parallax_layout_bg_y_tablet&quot;:&quot;&quot;,&quot;jet_parallax_layout_bg_y_mobile&quot;:&quot;&quot;,&quot;jet_parallax_layout_bg_size&quot;:&quot;auto&quot;,&quot;jet_parallax_layout_bg_size_tablet&quot;:&quot;&quot;,&quot;jet_parallax_layout_bg_size_mobile&quot;:&quot;&quot;,&quot;jet_parallax_layout_animation_prop&quot;:&quot;transform&quot;,&quot;jet_parallax_layout_on&quot;:[&quot;desktop&quot;,&quot;tablet&quot;]}]}\">\n\t\t\t\t\t\t<div class=\"elementor-container elementor-column-gap-default\">\n\t\t\t\t\t<div class=\"elementor-column elementor-col-50 elementor-top-column elementor-element elementor-element-8f71fc4\" data-id=\"8f71fc4\" data-element_type=\"column\" data-e-type=\"column\">\n\t\t\t<div class=\"elementor-widget-wrap elementor-element-populated\">\n\t\t\t\t\t\t<div class=\"elementor-element elementor-element-fae1309 elementor-widget__width-initial elementor-widget-mobile__width-inherit elementor-widget elementor-widget-image\" data-id=\"fae1309\" data-element_type=\"widget\" data-e-type=\"widget\" data-widget_type=\"image.default\">\n\t\t\t\t<div class=\"elementor-widget-container\">\n\t\t\t\t\t\t\t\t\t\t\t\t\t\t\t\t<a href=\"http:\/\/raba.hu\/raba-futomu-kft\">\n\t\t\t\t\t\t\t<img fetchpriority=\"high\" decoding=\"async\" width=\"240\" height=\"257\" src=\"https:\/\/raba.hu\/wp-content\/uploads\/2021\/05\/177901988_2931207423872750_2583990600330256640_n.png\" class=\"elementor-animation-grow attachment-large size-large wp-image-2118\" alt=\"\" \/>\t\t\t\t\t\t\t\t<\/a>\n\t\t\t\t\t\t\t\t\t\t\t\t\t\t\t<\/div>\n\t\t\t\t<\/div>\n\t\t\t\t<div class=\"elementor-element elementor-element-87950a4 elementor-widget__width-initial elementor-widget-mobile__width-inherit elementor-widget elementor-widget-image\" data-id=\"87950a4\" data-element_type=\"widget\" data-e-type=\"widget\" data-widget_type=\"image.default\">\n\t\t\t\t<div class=\"elementor-widget-container\">\n\t\t\t\t\t\t\t\t\t\t\t\t\t\t\t\t<a href=\"http:\/\/raba.hu\/raba-jarmualkatresz-kft\">\n\t\t\t\t\t\t\t<img decoding=\"async\" width=\"240\" height=\"257\" src=\"https:\/\/raba.hu\/wp-content\/uploads\/2021\/05\/189398768_389532185623466_2505565664124599020_n.png\" class=\"elementor-animation-grow attachment-large size-large wp-image-2116\" alt=\"\" \/>\t\t\t\t\t\t\t\t<\/a>\n\t\t\t\t\t\t\t\t\t\t\t\t\t\t\t<\/div>\n\t\t\t\t<\/div>\n\t\t\t\t<div class=\"elementor-element elementor-element-c89fcc8 elementor-widget__width-initial elementor-widget-mobile__width-inherit elementor-widget elementor-widget-image\" data-id=\"c89fcc8\" data-element_type=\"widget\" data-e-type=\"widget\" data-widget_type=\"image.default\">\n\t\t\t\t<div class=\"elementor-widget-container\">\n\t\t\t\t\t\t\t\t\t\t\t\t\t\t\t\t<a href=\"http:\/\/raba.hu\/raba-jarmu-kft\">\n\t\t\t\t\t\t\t<img loading=\"lazy\" decoding=\"async\" width=\"240\" height=\"257\" src=\"https:\/\/raba.hu\/wp-content\/uploads\/2021\/05\/191023834_331166721696883_2934662363661578837_n.png\" class=\"elementor-animation-grow attachment-large size-large wp-image-2117\" alt=\"\" \/>\t\t\t\t\t\t\t\t<\/a>\n\t\t\t\t\t\t\t\t\t\t\t\t\t\t\t<\/div>\n\t\t\t\t<\/div>\n\t\t\t\t<div class=\"elementor-element elementor-element-c49f029 elementor-widget__width-initial elementor-widget-mobile__width-inherit elementor-widget elementor-widget-image\" data-id=\"c49f029\" data-element_type=\"widget\" data-e-type=\"widget\" data-widget_type=\"image.default\">\n\t\t\t\t<div class=\"elementor-widget-container\">\n\t\t\t\t\t\t\t\t\t\t\t\t\t\t\t\t<a href=\"http:\/\/raba.hu\/rekard-kft\">\n\t\t\t\t\t\t\t<img loading=\"lazy\" decoding=\"async\" width=\"230\" height=\"236\" src=\"https:\/\/raba.hu\/wp-content\/uploads\/2025\/09\/rekard.png\" class=\"elementor-animation-grow attachment-large size-large wp-image-14362\" alt=\"\" srcset=\"https:\/\/raba.hu\/wp-content\/uploads\/2025\/09\/rekard.png 230w, https:\/\/raba.hu\/wp-content\/uploads\/2025\/09\/rekard-12x12.png 12w\" sizes=\"(max-width: 230px) 100vw, 230px\" \/>\t\t\t\t\t\t\t\t<\/a>\n\t\t\t\t\t\t\t\t\t\t\t\t\t\t\t<\/div>\n\t\t\t\t<\/div>\n\t\t\t\t\t<\/div>\n\t\t<\/div>\n\t\t\t\t<div class=\"elementor-column elementor-col-50 elementor-top-column elementor-element elementor-element-36f4cb5\" data-id=\"36f4cb5\" data-element_type=\"column\" data-e-type=\"column\">\n\t\t\t<div class=\"elementor-widget-wrap\">\n\t\t\t\t\t\t\t<\/div>\n\t\t<\/div>\n\t\t\t\t\t<\/div>\n\t\t<\/section>\n\t\t\t\t<\/div>\n\t\t","protected":false},"excerpt":{"rendered":"<p>ir\u00e1ny\u00edt\u00e1si rendszerek A R\u00e1ba Nyrt. elk\u00f6telezett a teljes k\u00f6r\u0171 min\u0151s\u00e9gmenedzsment megval\u00f3s\u00edt\u00e1sa mellett A R\u00e1ba a min\u0151s\u00e9g fogalm\u00e1t strat\u00e9giai koncepci\u00f3k\u00e9nt \u00e9rtelmezi term\u00e9keire, bels\u0151 \u00e9s k\u00fcls\u0151 folyamataira \u00e9s nem utols\u00f3 sorban az \u00e9rdekelt felekkel kapcsolatos tev\u00e9kenys\u00e9gekre vonatkoz\u00f3an. Min\u0151s\u00e9g\u00fcgyi folyamata a gy\u00e1rt\u00e1ssal nem \u00e9r v\u00e9get, kiemelt figyelmet szentel a besz\u00e1ll\u00edt\u00f3i \u00e9s vev\u0151 folyamatokra, a t\u0151l\u00fck \u00e9rkez\u0151 visszajelz\u00e9sekre. A &#8230; <a title=\"Management systems\" class=\"read-more\" href=\"\/en\/iranyitasi-systems\/\" aria-label=\"Read more about Ir\u00e1ny\u00edt\u00e1si rendszerek\">Read more<\/a><\/p>","protected":false},"author":1,"featured_media":0,"parent":0,"menu_order":0,"comment_status":"closed","ping_status":"closed","template":"elementor_header_footer","meta":{"footnotes":""},"class_list":["post-1388","page","type-page","status-publish"],"publishpress_future_action":{"enabled":false,"date":"2026-05-21 13:53:57","action":"change-status","newStatus":"draft","terms":[],"taxonomy":"","extraData":[]},"publishpress_future_workflow_manual_trigger":{"enabledWorkflows":[]},"_links":{"self":[{"href":"\/en\/wp-json\/wp\/v2\/pages\/1388","targetHints":{"allow":["GET"]}}],"collection":[{"href":"\/en\/wp-json\/wp\/v2\/pages"}],"about":[{"href":"\/en\/wp-json\/wp\/v2\/types\/page"}],"author":[{"embeddable":true,"href":"\/en\/wp-json\/wp\/v2\/users\/1"}],"replies":[{"embeddable":true,"href":"\/en\/wp-json\/wp\/v2\/comments?post=1388"}],"version-history":[{"count":11,"href":"\/en\/wp-json\/wp\/v2\/pages\/1388\/revisions"}],"predecessor-version":[{"id":14376,"href":"\/en\/wp-json\/wp\/v2\/pages\/1388\/revisions\/14376"}],"wp:attachment":[{"href":"\/en\/wp-json\/wp\/v2\/media?parent=1388"}],"curies":[{"name":"wp","href":"https:\/\/api.w.org\/{rel}","templated":true}]}}