{"id":1359,"date":"2021-05-07T22:54:06","date_gmt":"2021-05-07T20:54:06","guid":{"rendered":"http:\/\/webnativa.hu\/?page_id=1359"},"modified":"2021-09-29T11:11:44","modified_gmt":"2021-09-29T09:11:44","slug":"fejlesztes","status":"publish","type":"page","link":"\/en\/developer\/","title":{"rendered":"Development"},"content":{"rendered":"\t\t<div data-elementor-type=\"wp-page\" data-elementor-id=\"1359\" class=\"elementor elementor-1359\" data-elementor-post-type=\"page\">\n\t\t\t\t\t\t<section class=\"elementor-section elementor-top-section elementor-element elementor-element-1359c66 elementor-section-stretched elementor-section-height-min-height elementor-section-boxed elementor-section-height-default elementor-section-items-middle\" data-id=\"1359c66\" data-element_type=\"section\" data-e-type=\"section\" data-settings=\"{&quot;stretch_section&quot;:&quot;section-stretched&quot;,&quot;background_background&quot;:&quot;classic&quot;,&quot;jet_parallax_layout_list&quot;:[{&quot;jet_parallax_layout_image&quot;:{&quot;url&quot;:&quot;&quot;,&quot;id&quot;:&quot;&quot;,&quot;size&quot;:&quot;&quot;},&quot;_id&quot;:&quot;e01a1c4&quot;,&quot;jet_parallax_layout_image_tablet&quot;:{&quot;url&quot;:&quot;&quot;,&quot;id&quot;:&quot;&quot;,&quot;size&quot;:&quot;&quot;},&quot;jet_parallax_layout_image_mobile&quot;:{&quot;url&quot;:&quot;&quot;,&quot;id&quot;:&quot;&quot;,&quot;size&quot;:&quot;&quot;},&quot;jet_parallax_layout_speed&quot;:{&quot;unit&quot;:&quot;%&quot;,&quot;size&quot;:50,&quot;sizes&quot;:[]},&quot;jet_parallax_layout_type&quot;:&quot;scroll&quot;,&quot;jet_parallax_layout_direction&quot;:&quot;1&quot;,&quot;jet_parallax_layout_fx_direction&quot;:null,&quot;jet_parallax_layout_z_index&quot;:&quot;&quot;,&quot;jet_parallax_layout_bg_x&quot;:50,&quot;jet_parallax_layout_bg_x_tablet&quot;:&quot;&quot;,&quot;jet_parallax_layout_bg_x_mobile&quot;:&quot;&quot;,&quot;jet_parallax_layout_bg_y&quot;:50,&quot;jet_parallax_layout_bg_y_tablet&quot;:&quot;&quot;,&quot;jet_parallax_layout_bg_y_mobile&quot;:&quot;&quot;,&quot;jet_parallax_layout_bg_size&quot;:&quot;auto&quot;,&quot;jet_parallax_layout_bg_size_tablet&quot;:&quot;&quot;,&quot;jet_parallax_layout_bg_size_mobile&quot;:&quot;&quot;,&quot;jet_parallax_layout_animation_prop&quot;:&quot;transform&quot;,&quot;jet_parallax_layout_on&quot;:[&quot;desktop&quot;,&quot;tablet&quot;]}]}\">\n\t\t\t\t\t\t\t<div class=\"elementor-background-overlay\"><\/div>\n\t\t\t\t\t\t\t<div class=\"elementor-container elementor-column-gap-default\">\n\t\t\t\t\t<div class=\"elementor-column elementor-col-100 elementor-top-column elementor-element elementor-element-0e90bdb\" data-id=\"0e90bdb\" data-element_type=\"column\" data-e-type=\"column\">\n\t\t\t<div class=\"elementor-widget-wrap elementor-element-populated\">\n\t\t\t\t\t\t<div class=\"elementor-element elementor-element-7f4b48b elementor-widget elementor-widget-heading\" data-id=\"7f4b48b\" data-element_type=\"widget\" data-e-type=\"widget\" data-widget_type=\"heading.default\">\n\t\t\t\t<div class=\"elementor-widget-container\">\n\t\t\t\t\t<h1 class=\"elementor-heading-title elementor-size-default\">fejleszt\u00e9s<\/h1>\t\t\t\t<\/div>\n\t\t\t\t<\/div>\n\t\t\t\t\t<\/div>\n\t\t<\/div>\n\t\t\t\t\t<\/div>\n\t\t<\/section>\n\t\t\t\t<section class=\"elementor-section elementor-top-section elementor-element elementor-element-f4af646 elementor-section-height-min-height elementor-section-items-top elementor-section-boxed elementor-section-height-default\" data-id=\"f4af646\" data-element_type=\"section\" data-e-type=\"section\" data-settings=\"{&quot;background_background&quot;:&quot;classic&quot;,&quot;jet_parallax_layout_list&quot;:[{&quot;jet_parallax_layout_image&quot;:{&quot;url&quot;:&quot;&quot;,&quot;id&quot;:&quot;&quot;,&quot;size&quot;:&quot;&quot;},&quot;_id&quot;:&quot;1826e1e&quot;,&quot;jet_parallax_layout_image_tablet&quot;:{&quot;url&quot;:&quot;&quot;,&quot;id&quot;:&quot;&quot;,&quot;size&quot;:&quot;&quot;},&quot;jet_parallax_layout_image_mobile&quot;:{&quot;url&quot;:&quot;&quot;,&quot;id&quot;:&quot;&quot;,&quot;size&quot;:&quot;&quot;},&quot;jet_parallax_layout_speed&quot;:{&quot;unit&quot;:&quot;%&quot;,&quot;size&quot;:50,&quot;sizes&quot;:[]},&quot;jet_parallax_layout_type&quot;:&quot;scroll&quot;,&quot;jet_parallax_layout_direction&quot;:&quot;1&quot;,&quot;jet_parallax_layout_fx_direction&quot;:null,&quot;jet_parallax_layout_z_index&quot;:&quot;&quot;,&quot;jet_parallax_layout_bg_x&quot;:50,&quot;jet_parallax_layout_bg_x_tablet&quot;:&quot;&quot;,&quot;jet_parallax_layout_bg_x_mobile&quot;:&quot;&quot;,&quot;jet_parallax_layout_bg_y&quot;:50,&quot;jet_parallax_layout_bg_y_tablet&quot;:&quot;&quot;,&quot;jet_parallax_layout_bg_y_mobile&quot;:&quot;&quot;,&quot;jet_parallax_layout_bg_size&quot;:&quot;auto&quot;,&quot;jet_parallax_layout_bg_size_tablet&quot;:&quot;&quot;,&quot;jet_parallax_layout_bg_size_mobile&quot;:&quot;&quot;,&quot;jet_parallax_layout_animation_prop&quot;:&quot;transform&quot;,&quot;jet_parallax_layout_on&quot;:[&quot;desktop&quot;,&quot;tablet&quot;]}]}\">\n\t\t\t\t\t\t<div class=\"elementor-container elementor-column-gap-default\">\n\t\t\t\t\t<div class=\"elementor-column elementor-col-100 elementor-top-column elementor-element elementor-element-8af3a1d\" data-id=\"8af3a1d\" data-element_type=\"column\" data-e-type=\"column\">\n\t\t\t<div class=\"elementor-widget-wrap elementor-element-populated\">\n\t\t\t\t\t\t<div class=\"elementor-element elementor-element-ceeddd6 elementor-widget__width-initial elementor-widget-mobile__width-inherit elementor-widget elementor-widget-text-editor\" data-id=\"ceeddd6\" data-element_type=\"widget\" data-e-type=\"widget\" data-widget_type=\"text-editor.default\">\n\t\t\t\t<div class=\"elementor-widget-container\">\n\t\t\t\t\t\t\t\t\t<p>A R\u00e1ba Fejleszt\u00e9si Int\u00e9zet strat\u00e9giai c\u00e9lja, hogy a kutat\u00e1s-fejleszt\u00e9si potenci\u00e1l meger\u0151s\u00edt\u00e9s\u00e9vel, a v\u00e1llalat strat\u00e9giai c\u00e9ljaival \u00f6sszhangban tov\u00e1bb n\u00f6velje a c\u00e9g \u00e9rt\u00e9kes\u00edt\u00e9s\u00e9ben a magas hozz\u00e1adott \u00e9rt\u00e9k\u0171 komplex term\u00e9kek r\u00e9szar\u00e1ny\u00e1t \u00e9s b\u0151v\u00fclj\u00f6n a term\u00e9kek sz\u00e1ll\u00edt\u00e1si terjedelme. Ennek megfelel\u0151en a Fejleszt\u00e9si Int\u00e9zet felel\u0151s az \u00faj term\u00e9kek kifejleszt\u00e9s\u00e9\u00e9rt, a koncepci\u00f3t\u00f3l, a mintagy\u00e1rt\u00e1son kereszt\u00fcl a sz\u00fcks\u00e9ges tesztek elv\u00e9gz\u00e9s\u00e9ig. \u00cdgy a R\u00e1ba, a vev\u0151kkel szorosan egy\u00fcttm\u0171k\u00f6dve, sz\u00e9lesk\u00f6r\u0171 szolg\u00e1ltat\u00e1sokat k\u00edn\u00e1l partnereinek, a tervez\u00e9st\u0151l a teljesk\u00f6r\u0171 tesztel\u00e9sig.<\/p>\t\t\t\t\t\t\t\t<\/div>\n\t\t\t\t<\/div>\n\t\t\t\t\t<\/div>\n\t\t<\/div>\n\t\t\t\t\t<\/div>\n\t\t<\/section>\n\t\t\t\t<section class=\"elementor-section elementor-top-section elementor-element elementor-element-342f8eb elementor-section-full_width elementor-section-height-default elementor-section-height-default\" data-id=\"342f8eb\" data-element_type=\"section\" data-e-type=\"section\" data-settings=\"{&quot;jet_parallax_layout_list&quot;:[{&quot;jet_parallax_layout_image&quot;:{&quot;url&quot;:&quot;&quot;,&quot;id&quot;:&quot;&quot;,&quot;size&quot;:&quot;&quot;},&quot;_id&quot;:&quot;55724e3&quot;,&quot;jet_parallax_layout_image_tablet&quot;:{&quot;url&quot;:&quot;&quot;,&quot;id&quot;:&quot;&quot;,&quot;size&quot;:&quot;&quot;},&quot;jet_parallax_layout_image_mobile&quot;:{&quot;url&quot;:&quot;&quot;,&quot;id&quot;:&quot;&quot;,&quot;size&quot;:&quot;&quot;},&quot;jet_parallax_layout_speed&quot;:{&quot;unit&quot;:&quot;%&quot;,&quot;size&quot;:50,&quot;sizes&quot;:[]},&quot;jet_parallax_layout_type&quot;:&quot;scroll&quot;,&quot;jet_parallax_layout_direction&quot;:&quot;1&quot;,&quot;jet_parallax_layout_fx_direction&quot;:null,&quot;jet_parallax_layout_z_index&quot;:&quot;&quot;,&quot;jet_parallax_layout_bg_x&quot;:50,&quot;jet_parallax_layout_bg_x_tablet&quot;:&quot;&quot;,&quot;jet_parallax_layout_bg_x_mobile&quot;:&quot;&quot;,&quot;jet_parallax_layout_bg_y&quot;:50,&quot;jet_parallax_layout_bg_y_tablet&quot;:&quot;&quot;,&quot;jet_parallax_layout_bg_y_mobile&quot;:&quot;&quot;,&quot;jet_parallax_layout_bg_size&quot;:&quot;auto&quot;,&quot;jet_parallax_layout_bg_size_tablet&quot;:&quot;&quot;,&quot;jet_parallax_layout_bg_size_mobile&quot;:&quot;&quot;,&quot;jet_parallax_layout_animation_prop&quot;:&quot;transform&quot;,&quot;jet_parallax_layout_on&quot;:[&quot;desktop&quot;,&quot;tablet&quot;]}]}\">\n\t\t\t\t\t\t<div class=\"elementor-container elementor-column-gap-default\">\n\t\t\t\t\t<div class=\"elementor-column elementor-col-50 elementor-top-column elementor-element elementor-element-8cf2423\" data-id=\"8cf2423\" data-element_type=\"column\" data-e-type=\"column\">\n\t\t\t<div class=\"elementor-widget-wrap elementor-element-populated\">\n\t\t\t\t\t\t<div class=\"elementor-element elementor-element-01e4f1a elementor-widget__width-initial elementor-widget-mobile__width-inherit elementor-widget elementor-widget-heading\" data-id=\"01e4f1a\" data-element_type=\"widget\" data-e-type=\"widget\" data-widget_type=\"heading.default\">\n\t\t\t\t<div class=\"elementor-widget-container\">\n\t\t\t\t\t<h2 class=\"elementor-heading-title elementor-size-default\">R\u00e1ba Fejleszt\u00e9si Int\u00e9zet<\/h2>\t\t\t\t<\/div>\n\t\t\t\t<\/div>\n\t\t\t\t<div class=\"elementor-element elementor-element-91ae2bb elementor-widget__width-initial elementor-widget-mobile__width-inherit elementor-widget elementor-widget-text-editor\" data-id=\"91ae2bb\" data-element_type=\"widget\" data-e-type=\"widget\" data-widget_type=\"text-editor.default\">\n\t\t\t\t<div class=\"elementor-widget-container\">\n\t\t\t\t\t\t\t\t\t<h3><strong> Kompetenci\u00e1k<\/strong><\/h3><p>A R\u00e1ba m\u00e9rn\u00f6k csapata sz\u00e1mos sikeres term\u00e9kfejleszt\u00e9si \u00e9s kutat\u00e1s-fejleszt\u00e9si projekttel a h\u00e1ta m\u00f6g\u00f6tt \u00e1ll a vev\u0151k rendelkez\u00e9s\u00e9re. Design, projekt \u00e9s teszt m\u00e9rn\u00f6kei a teljes fejleszt\u00e9si folyamatot nemzetk\u00f6zi gyakorlatnak megfelel\u0151en k\u00e9pesek lefedni:<\/p><ul><li>Projekt menedzsment \u2013 kiemelt vev\u0151i \u00e9s besz\u00e1ll\u00edt\u00f3i kapcsolattart\u00e1s<\/li><li>Csap\u00e1gy \u00e9s fogasker\u00e9k m\u00e9retez\u00e9s, \u00e9lettartam sz\u00e1m\u00edt\u00e1sok \u2013 KissSoft, KissSys, Gleason Gems\u2026<\/li><li>3D design \u2013 Creo -3D\/2D<\/li><li>V\u00e9geselemes szimul\u00e1ci\u00f3k, szil\u00e1rds\u00e1gi m\u00e9retez\u00e9s &#8211; NX &#8211; Nastran\u00a0<\/li><li>Frekvencia \u00e9s order anal\u00edzis ak\u00e1r m\u00e1r design f\u00e1zisban is<\/li><li>Teljesk\u00f6r\u0171 fizikai, padi teszt kapacit\u00e1s fut\u00f3m\u0171 valid\u00e1l\u00e1s ter\u00e9n \u2013 kif\u00e1rad\u00e1sos \u00e9lettartam, hajt\u00e1sl\u00e1nc \u00e9lettartam, zajm\u00e9r\u00e9s, f\u00e9kvizsg\u00e1lat, olajoz\u00e1si tesztek, kl\u00edma tesztek \u2013 \u00d6sszesen 27 f\u00e9le bels\u0151, v\u00e1llalati standard vizsg\u00e1lati elj\u00e1r\u00e1s<\/li><\/ul>\t\t\t\t\t\t\t\t<\/div>\n\t\t\t\t<\/div>\n\t\t\t\t<div class=\"elementor-element elementor-element-9730b67 elementor-widget__width-initial elementor-widget-mobile__width-inherit elementor-widget elementor-widget-heading\" data-id=\"9730b67\" data-element_type=\"widget\" data-e-type=\"widget\" data-widget_type=\"heading.default\">\n\t\t\t\t<div class=\"elementor-widget-container\">\n\t\t\t\t\t<h2 class=\"elementor-heading-title elementor-size-default\">\u00daj R\u00e1ba fut\u00f3m\u0171 nagyteljes\u00edtm\u00e9ny\u0171 mez\u0151gazdas\u00e1gi er\u0151g\u00e9pekhez<\/h2>\t\t\t\t<\/div>\n\t\t\t\t<\/div>\n\t\t\t\t<div class=\"elementor-element elementor-element-4b00f2b elementor-widget__width-initial elementor-widget-mobile__width-inherit elementor-widget elementor-widget-text-editor\" data-id=\"4b00f2b\" data-element_type=\"widget\" data-e-type=\"widget\" data-widget_type=\"text-editor.default\">\n\t\t\t\t<div class=\"elementor-widget-container\">\n\t\t\t\t\t\t\t\t\t<p>A nemzetk\u00f6zi K+F egy\u00fcttm\u0171k\u00f6d\u00e9sek kiemelend\u0151 p\u00e9ld\u00e1ja az amerikai John Deere \u00e9s a n\u00e9met Claas agr\u00e1ripari c\u00e9gekkel k\u00f6z\u00f6s projektek sikere.<\/p><p>A Claas az 500LE feletti teljes\u00edtm\u00e9ny \u00e1tvitel\u00e9re alkalmas, h\u00e1romfokozat\u00fa, nedvesf\u00e9kes mez\u0151gazdas\u00e1gi fut\u00f3m\u0171 fejleszt\u00e9si projektj\u00e9t Innov\u00e1ci\u00f3s Nagyd\u00edjjal ismerte el.<\/p><p>A neh\u00e9ztraktorok \u00e9s mez\u0151gazdas\u00e1gi munkag\u00e9pek sz\u00e1m\u00e1ra l\u00e9trehozott fut\u00f3m\u0171vek speci\u00e1lis korm\u00e1nyz\u00e1ssal \u00e9s f\u00e9krendszerrel vannak ell\u00e1tva, optimaliz\u00e1lt m\u0171szaki tartalmukat tekintve \u00e9lvonabeliek kateg\u00f3ri\u00e1jukban.<\/p><p>A John Deere a legnagyobb, szint\u00e9n mintegy 500 l\u00f3er\u0151s gumihevederes traktor fut\u00f3m\u0171v\u00e9nek kifejleszt\u00e9s\u00e9vel b\u00edzta meg a R\u00e1b\u00e1t, mely az\u00f3ta a c\u00e9g egyik z\u00e1szl\u00f3shaj\u00f3ja.<\/p><p><img decoding=\"async\" src=\"http:\/\/raba.hu\/wp-content\/uploads\/2021\/05\/traktor-scaled.jpg\" alt=\"\" \/><\/p>\t\t\t\t\t\t\t\t<\/div>\n\t\t\t\t<\/div>\n\t\t\t\t<div class=\"elementor-element elementor-element-e2b59a4 elementor-widget__width-initial elementor-widget-mobile__width-inherit elementor-widget elementor-widget-heading\" data-id=\"e2b59a4\" data-element_type=\"widget\" data-e-type=\"widget\" data-widget_type=\"heading.default\">\n\t\t\t\t<div class=\"elementor-widget-container\">\n\t\t\t\t\t<h2 class=\"elementor-heading-title elementor-size-default\">\u00daj gener\u00e1ci\u00f3s teheraut\u00f3 fut\u00f3m\u0171vek kifejleszt\u00e9se<\/h2>\t\t\t\t<\/div>\n\t\t\t\t<\/div>\n\t\t\t\t<div class=\"elementor-element elementor-element-36e232c elementor-widget__width-initial elementor-widget-mobile__width-inherit elementor-widget elementor-widget-text-editor\" data-id=\"36e232c\" data-element_type=\"widget\" data-e-type=\"widget\" data-widget_type=\"text-editor.default\">\n\t\t\t\t<div class=\"elementor-widget-container\">\n\t\t\t\t\t\t\t\t\t<p>A teheraut\u00f3 szegmens egyik kiemelked\u0151 piaci \u00fajdons\u00e1ga a 653-as, dobf\u00e9kes, 10t teherb\u00edr\u00e1s\u00fa, amerikai szabv\u00e1ny\u00fa 285mm ker\u00e9kagyi oszt\u00f3k\u00f6r\u0171 fut\u00f3m\u0171 kifejleszt\u00e9se. Ezen term\u00e9k bevezet\u00e9s\u00e9vel lehet\u0151v\u00e9 v\u00e1lt az amerikai szabv\u00e1ny\u00fa ker\u00e9kt\u00e1rcs\u00e1k direkt haszn\u00e1lata, mely eddig eur\u00f3pai oszt\u00f3k\u00f6r\u0171 fut\u00f3m\u0171v\u00f6n nem volt lehets\u00e9ges.<\/p><p>M\u00e9g nagyobb \u00fajdons\u00e1g a vil\u00e1gsz\u00ednvonal\u00fa 656-os t\u00e1rcsaf\u00e9kes, 10t teherb\u00edr\u00e1s\u00fa, amerikai 285mm ker\u00e9kagy oszt\u00f3k\u00f6r\u0171 fut\u00f3m\u0171 kifejleszt\u00e9se, amely a R\u00e1ba v\u00e1lasza az amerikai teheraut\u00f3gy\u00e1rt\u00f3k egyre fokoz\u00f3d\u00f3 ig\u00e9ny\u00e9re a f\u00e9k hat\u00e1soss\u00e1ga \u00e9s adagolhat\u00f3s\u00e1ga ter\u00e9n. Tov\u00e1bbi el\u0151nyk\u00e9nt a bekorm\u00e1nyz\u00e1si sz\u00f6g is megn\u00f6vekedett, mellyel a term\u00e9k kit\u0171n\u0151 piaci helyet foglal el ebben a dinamikusan b\u0151v\u00fcl\u0151 szegmensben. A fut\u00f3m\u0171vet 2020-ban a Las Vegasban megrendezett Truck expo-n mutatt\u00e1k be nagy sikerrel.<\/p>\t\t\t\t\t\t\t\t<\/div>\n\t\t\t\t<\/div>\n\t\t\t\t<div class=\"elementor-element elementor-element-fabbe7a elementor-widget__width-initial elementor-widget-mobile__width-inherit elementor-widget elementor-widget-gallery\" data-id=\"fabbe7a\" data-element_type=\"widget\" data-e-type=\"widget\" data-settings=\"{&quot;columns&quot;:2,&quot;lazyload&quot;:&quot;yes&quot;,&quot;gallery_layout&quot;:&quot;grid&quot;,&quot;columns_tablet&quot;:2,&quot;columns_mobile&quot;:1,&quot;gap&quot;:{&quot;unit&quot;:&quot;px&quot;,&quot;size&quot;:10,&quot;sizes&quot;:[]},&quot;gap_tablet&quot;:{&quot;unit&quot;:&quot;px&quot;,&quot;size&quot;:10,&quot;sizes&quot;:[]},&quot;gap_mobile&quot;:{&quot;unit&quot;:&quot;px&quot;,&quot;size&quot;:10,&quot;sizes&quot;:[]},&quot;link_to&quot;:&quot;file&quot;,&quot;aspect_ratio&quot;:&quot;3:2&quot;,&quot;overlay_background&quot;:&quot;yes&quot;,&quot;content_hover_animation&quot;:&quot;fade-in&quot;}\" data-widget_type=\"gallery.default\">\n\t\t\t\t<div class=\"elementor-widget-container\">\n\t\t\t\t\t\t\t<div class=\"elementor-gallery__container\">\n\t\t\t\t\t\t\t<a class=\"e-gallery-item elementor-gallery-item elementor-animated-content\" href=\"https:\/\/raba.hu\/wp-content\/uploads\/2021\/05\/kamion.jpg\" data-elementor-open-lightbox=\"yes\" data-elementor-lightbox-slideshow=\"fabbe7a\" data-elementor-lightbox-title=\"kamion\" data-e-action-hash=\"#elementor-action%3Aaction%3Dlightbox%26settings%3DeyJpZCI6MTM2MywidXJsIjoiaHR0cHM6XC9cL3JhYmEuaHVcL3dwLWNvbnRlbnRcL3VwbG9hZHNcLzIwMjFcLzA1XC9rYW1pb24uanBnIiwic2xpZGVzaG93IjoiZmFiYmU3YSJ9\">\n\t\t\t\t\t<div class=\"e-gallery-image elementor-gallery-item__image\" data-thumbnail=\"https:\/\/raba.hu\/wp-content\/uploads\/2021\/05\/kamion.jpg\" data-width=\"637\" data-height=\"409\" aria-label=\"\" role=\"img\" ><\/div>\n\t\t\t\t\t\t\t\t\t\t\t<div class=\"elementor-gallery-item__overlay\"><\/div>\n\t\t\t\t\t\t\t\t\t\t\t\t\t\t<\/a>\n\t\t\t\t\t\t\t<a class=\"e-gallery-item elementor-gallery-item elementor-animated-content\" href=\"https:\/\/raba.hu\/wp-content\/uploads\/2021\/05\/kamion-2.jpg\" data-elementor-open-lightbox=\"yes\" data-elementor-lightbox-slideshow=\"fabbe7a\" data-elementor-lightbox-title=\"kamion-2\" data-e-action-hash=\"#elementor-action%3Aaction%3Dlightbox%26settings%3DeyJpZCI6MTM2NCwidXJsIjoiaHR0cHM6XC9cL3JhYmEuaHVcL3dwLWNvbnRlbnRcL3VwbG9hZHNcLzIwMjFcLzA1XC9rYW1pb24tMi5qcGciLCJzbGlkZXNob3ciOiJmYWJiZTdhIn0%3D\">\n\t\t\t\t\t<div class=\"e-gallery-image elementor-gallery-item__image\" data-thumbnail=\"https:\/\/raba.hu\/wp-content\/uploads\/2021\/05\/kamion-2.jpg\" data-width=\"705\" data-height=\"397\" aria-label=\"\" role=\"img\" ><\/div>\n\t\t\t\t\t\t\t\t\t\t\t<div class=\"elementor-gallery-item__overlay\"><\/div>\n\t\t\t\t\t\t\t\t\t\t\t\t\t\t<\/a>\n\t\t\t\t\t<\/div>\n\t\t\t\t\t<\/div>\n\t\t\t\t<\/div>\n\t\t\t\t<div class=\"elementor-element elementor-element-efb3b5d elementor-widget__width-initial elementor-widget-mobile__width-inherit elementor-widget elementor-widget-heading\" data-id=\"efb3b5d\" data-element_type=\"widget\" data-e-type=\"widget\" data-widget_type=\"heading.default\">\n\t\t\t\t<div class=\"elementor-widget-container\">\n\t\t\t\t\t<h2 class=\"elementor-heading-title elementor-size-default\">\u00daj gener\u00e1ci\u00f3s busz fut\u00f3m\u0171vek fejleszt\u00e9se<\/h2>\t\t\t\t<\/div>\n\t\t\t\t<\/div>\n\t\t\t\t<div class=\"elementor-element elementor-element-32b3f8a elementor-widget__width-initial elementor-widget-mobile__width-inherit elementor-widget elementor-widget-text-editor\" data-id=\"32b3f8a\" data-element_type=\"widget\" data-e-type=\"widget\" data-widget_type=\"text-editor.default\">\n\t\t\t\t<div class=\"elementor-widget-container\">\n\t\t\t\t\t\t\t\t\t<p>A R\u00e1ba nemr\u00e9g vezette be nagy piaci sikerrel a keleti, volt F\u00c1K orsz\u00e1gokban az \u00faj gener\u00e1ci\u00f3s t\u00e1rcsaf\u00e9kes h\u00e1ts\u00f3 fut\u00f3m\u0171veit. Ezen term\u00e9kek kifejleszt\u00e9se v\u00e1lasz a buszgy\u00e1rt\u00f3k egyre kifinomultabb \u00e9s komfortosabb utaz\u00e1shoz tervezett fut\u00f3m\u0171vek ir\u00e1nti ig\u00e9ny\u00e9re. A t\u00e1rcsaf\u00e9kes fut\u00f3m\u0171 piacra l\u00e9p\u00e9se tov\u00e1bbi lehet\u0151s\u00e9get biztos\u00edt a R\u00e1b\u00e1nak piaci poz\u00edci\u00f3ja meger\u0151s\u00edt\u00e9s\u00e9hez, mindezt r\u00e1ad\u00e1sul a legink\u00e1bb \u00e9rz\u00e9keny, nagyv\u00e1rosi \u00e9s el\u0151v\u00e1rosi k\u00f6zleked\u00e9sben.<\/p>\t\t\t\t\t\t\t\t<\/div>\n\t\t\t\t<\/div>\n\t\t\t\t<div class=\"elementor-element elementor-element-1224318 elementor-widget__width-initial elementor-widget-mobile__width-inherit elementor-widget elementor-widget-heading\" data-id=\"1224318\" data-element_type=\"widget\" data-e-type=\"widget\" data-widget_type=\"heading.default\">\n\t\t\t\t<div class=\"elementor-widget-container\">\n\t\t\t\t\t<h2 class=\"elementor-heading-title elementor-size-default\">A j\u00f6v\u0151 fut\u00f3m\u0171vei<\/h2>\t\t\t\t<\/div>\n\t\t\t\t<\/div>\n\t\t\t\t<div class=\"elementor-element elementor-element-e1b568b elementor-widget__width-initial elementor-widget-mobile__width-inherit elementor-widget elementor-widget-text-editor\" data-id=\"e1b568b\" data-element_type=\"widget\" data-e-type=\"widget\" data-widget_type=\"text-editor.default\">\n\t\t\t\t<div class=\"elementor-widget-container\">\n\t\t\t\t\t\t\t\t\t<p>A folyamatos fejleszt\u00e9sek mindh\u00e1rom ter\u00fcleten tov\u00e1bb folynak, s\u0151t a R\u00e1ba bel\u00e9pni sz\u00e1nd\u00e9kozik az elektromos fut\u00f3m\u0171vek egyre n\u00f6vekv\u0151 piac\u00e1ra is. Term\u00e9szetesen ezt strat\u00e9giai ugr\u00e1snak tekinti a v\u00e1llalat, \u00edgy nagy er\u0151kkel dolgozik mind kutat\u00e1s-fejleszt\u00e9si, mind term\u00e9kfejleszt\u00e9si szinten.<\/p>\t\t\t\t\t\t\t\t<\/div>\n\t\t\t\t<\/div>\n\t\t\t\t<div class=\"elementor-element elementor-element-2fd0c47 elementor-widget__width-initial elementor-absolute elementor-widget elementor-widget-image\" data-id=\"2fd0c47\" data-element_type=\"widget\" data-e-type=\"widget\" data-settings=\"{&quot;_position&quot;:&quot;absolute&quot;}\" data-widget_type=\"image.default\">\n\t\t\t\t<div class=\"elementor-widget-container\">\n\t\t\t\t\t\t\t\t\t\t\t\t\t\t\t<img decoding=\"async\" width=\"161\" height=\"277\" src=\"https:\/\/raba.hu\/wp-content\/uploads\/2021\/04\/Shape-38-copy.png\" class=\"attachment-large size-large wp-image-389\" alt=\"\" \/>\t\t\t\t\t\t\t\t\t\t\t\t\t\t\t<\/div>\n\t\t\t\t<\/div>\n\t\t\t\t<div class=\"elementor-element elementor-element-1eab8e6 elementor-widget__width-initial elementor-absolute elementor-hidden-mobile elementor-widget elementor-widget-image\" data-id=\"1eab8e6\" data-element_type=\"widget\" data-e-type=\"widget\" data-settings=\"{&quot;_position&quot;:&quot;absolute&quot;}\" data-widget_type=\"image.default\">\n\t\t\t\t<div class=\"elementor-widget-container\">\n\t\t\t\t\t\t\t\t\t\t\t\t\t\t\t<img decoding=\"async\" width=\"277\" height=\"161\" src=\"https:\/\/raba.hu\/wp-content\/uploads\/2021\/03\/Shape-38.png\" class=\"attachment-large size-large wp-image-92\" alt=\"\" \/>\t\t\t\t\t\t\t\t\t\t\t\t\t\t\t<\/div>\n\t\t\t\t<\/div>\n\t\t\t\t\t<\/div>\n\t\t<\/div>\n\t\t\t\t<div class=\"elementor-column elementor-col-50 elementor-top-column elementor-element elementor-element-6abb4ef\" data-id=\"6abb4ef\" data-element_type=\"column\" data-e-type=\"column\">\n\t\t\t<div class=\"elementor-widget-wrap\">\n\t\t\t\t\t\t\t<\/div>\n\t\t<\/div>\n\t\t\t\t\t<\/div>\n\t\t<\/section>\n\t\t\t\t<\/div>\n\t\t","protected":false},"excerpt":{"rendered":"<p>fejleszt\u00e9s A R\u00e1ba Fejleszt\u00e9si Int\u00e9zet strat\u00e9giai c\u00e9lja, hogy a kutat\u00e1s-fejleszt\u00e9si potenci\u00e1l meger\u0151s\u00edt\u00e9s\u00e9vel, a v\u00e1llalat strat\u00e9giai c\u00e9ljaival \u00f6sszhangban tov\u00e1bb n\u00f6velje a c\u00e9g \u00e9rt\u00e9kes\u00edt\u00e9s\u00e9ben a magas hozz\u00e1adott \u00e9rt\u00e9k\u0171 komplex term\u00e9kek r\u00e9szar\u00e1ny\u00e1t \u00e9s b\u0151v\u00fclj\u00f6n a term\u00e9kek sz\u00e1ll\u00edt\u00e1si terjedelme. Ennek megfelel\u0151en a Fejleszt\u00e9si Int\u00e9zet felel\u0151s az \u00faj term\u00e9kek kifejleszt\u00e9s\u00e9\u00e9rt, a koncepci\u00f3t\u00f3l, a mintagy\u00e1rt\u00e1son kereszt\u00fcl a sz\u00fcks\u00e9ges tesztek elv\u00e9gz\u00e9s\u00e9ig. \u00cdgy &#8230; <a title=\"Development\" class=\"read-more\" href=\"\/en\/developer\/\" aria-label=\"Read more about Fejleszt\u00e9s\">Read more<\/a><\/p>","protected":false},"author":1,"featured_media":0,"parent":0,"menu_order":0,"comment_status":"closed","ping_status":"closed","template":"elementor_header_footer","meta":{"footnotes":""},"class_list":["post-1359","page","type-page","status-publish"],"publishpress_future_action":{"enabled":false,"date":"2026-05-21 13:52:28","action":"change-status","newStatus":"draft","terms":[],"taxonomy":"","extraData":[]},"publishpress_future_workflow_manual_trigger":{"enabledWorkflows":[]},"_links":{"self":[{"href":"\/en\/wp-json\/wp\/v2\/pages\/1359","targetHints":{"allow":["GET"]}}],"collection":[{"href":"\/en\/wp-json\/wp\/v2\/pages"}],"about":[{"href":"\/en\/wp-json\/wp\/v2\/types\/page"}],"author":[{"embeddable":true,"href":"\/en\/wp-json\/wp\/v2\/users\/1"}],"replies":[{"embeddable":true,"href":"\/en\/wp-json\/wp\/v2\/comments?post=1359"}],"version-history":[{"count":0,"href":"\/en\/wp-json\/wp\/v2\/pages\/1359\/revisions"}],"wp:attachment":[{"href":"\/en\/wp-json\/wp\/v2\/media?parent=1359"}],"curies":[{"name":"wp","href":"https:\/\/api.w.org\/{rel}","templated":true}]}}