{"id":1282,"date":"2021-05-04T00:31:52","date_gmt":"2021-05-03T22:31:52","guid":{"rendered":"http:\/\/webnativa.hu\/?page_id=1282"},"modified":"2025-06-13T14:20:06","modified_gmt":"2025-06-13T12:20:06","slug":"letoltheto-dokumentumok","status":"publish","type":"page","link":"\/en\/letoltheto-documents\/","title":{"rendered":"DOWNLOADABLE DOCUMENTS"},"content":{"rendered":"\t\t<div data-elementor-type=\"wp-page\" data-elementor-id=\"1282\" class=\"elementor elementor-1282\" data-elementor-post-type=\"page\">\n\t\t\t\t\t\t<section class=\"elementor-section elementor-top-section elementor-element elementor-element-1359c66 elementor-section-stretched elementor-section-height-min-height elementor-section-boxed elementor-section-height-default elementor-section-items-middle\" data-id=\"1359c66\" data-element_type=\"section\" data-e-type=\"section\" data-settings=\"{&quot;stretch_section&quot;:&quot;section-stretched&quot;,&quot;background_background&quot;:&quot;classic&quot;,&quot;jet_parallax_layout_list&quot;:[{&quot;jet_parallax_layout_image&quot;:{&quot;url&quot;:&quot;&quot;,&quot;id&quot;:&quot;&quot;,&quot;size&quot;:&quot;&quot;},&quot;_id&quot;:&quot;e3ec418&quot;,&quot;jet_parallax_layout_image_tablet&quot;:{&quot;url&quot;:&quot;&quot;,&quot;id&quot;:&quot;&quot;,&quot;size&quot;:&quot;&quot;},&quot;jet_parallax_layout_image_mobile&quot;:{&quot;url&quot;:&quot;&quot;,&quot;id&quot;:&quot;&quot;,&quot;size&quot;:&quot;&quot;},&quot;jet_parallax_layout_speed&quot;:{&quot;unit&quot;:&quot;%&quot;,&quot;size&quot;:50,&quot;sizes&quot;:[]},&quot;jet_parallax_layout_type&quot;:&quot;scroll&quot;,&quot;jet_parallax_layout_direction&quot;:&quot;1&quot;,&quot;jet_parallax_layout_fx_direction&quot;:null,&quot;jet_parallax_layout_z_index&quot;:&quot;&quot;,&quot;jet_parallax_layout_bg_x&quot;:50,&quot;jet_parallax_layout_bg_x_tablet&quot;:&quot;&quot;,&quot;jet_parallax_layout_bg_x_mobile&quot;:&quot;&quot;,&quot;jet_parallax_layout_bg_y&quot;:50,&quot;jet_parallax_layout_bg_y_tablet&quot;:&quot;&quot;,&quot;jet_parallax_layout_bg_y_mobile&quot;:&quot;&quot;,&quot;jet_parallax_layout_bg_size&quot;:&quot;auto&quot;,&quot;jet_parallax_layout_bg_size_tablet&quot;:&quot;&quot;,&quot;jet_parallax_layout_bg_size_mobile&quot;:&quot;&quot;,&quot;jet_parallax_layout_animation_prop&quot;:&quot;transform&quot;,&quot;jet_parallax_layout_on&quot;:[&quot;desktop&quot;,&quot;tablet&quot;]}]}\">\n\t\t\t\t\t\t\t<div class=\"elementor-background-overlay\"><\/div>\n\t\t\t\t\t\t\t<div class=\"elementor-container elementor-column-gap-default\">\n\t\t\t\t\t<div class=\"elementor-column elementor-col-100 elementor-top-column elementor-element elementor-element-0e90bdb\" data-id=\"0e90bdb\" data-element_type=\"column\" data-e-type=\"column\">\n\t\t\t<div class=\"elementor-widget-wrap elementor-element-populated\">\n\t\t\t\t\t\t<div class=\"elementor-element elementor-element-7f4b48b elementor-widget elementor-widget-heading\" data-id=\"7f4b48b\" data-element_type=\"widget\" data-e-type=\"widget\" data-widget_type=\"heading.default\">\n\t\t\t\t<div class=\"elementor-widget-container\">\n\t\t\t\t\t<h1 class=\"elementor-heading-title elementor-size-default\">let\u00f6lthet\u0151 dokumentumok<\/h1>\t\t\t\t<\/div>\n\t\t\t\t<\/div>\n\t\t\t\t\t<\/div>\n\t\t<\/div>\n\t\t\t\t\t<\/div>\n\t\t<\/section>\n\t\t\t\t<section class=\"elementor-section elementor-top-section elementor-element elementor-element-abb938a elementor-section-full_width elementor-section-height-default elementor-section-height-default\" data-id=\"abb938a\" data-element_type=\"section\" data-e-type=\"section\" data-settings=\"{&quot;jet_parallax_layout_list&quot;:[{&quot;jet_parallax_layout_image&quot;:{&quot;url&quot;:&quot;&quot;,&quot;id&quot;:&quot;&quot;,&quot;size&quot;:&quot;&quot;},&quot;_id&quot;:&quot;50bb433&quot;,&quot;jet_parallax_layout_image_tablet&quot;:{&quot;url&quot;:&quot;&quot;,&quot;id&quot;:&quot;&quot;,&quot;size&quot;:&quot;&quot;},&quot;jet_parallax_layout_image_mobile&quot;:{&quot;url&quot;:&quot;&quot;,&quot;id&quot;:&quot;&quot;,&quot;size&quot;:&quot;&quot;},&quot;jet_parallax_layout_speed&quot;:{&quot;unit&quot;:&quot;%&quot;,&quot;size&quot;:50,&quot;sizes&quot;:[]},&quot;jet_parallax_layout_type&quot;:&quot;scroll&quot;,&quot;jet_parallax_layout_direction&quot;:&quot;1&quot;,&quot;jet_parallax_layout_fx_direction&quot;:null,&quot;jet_parallax_layout_z_index&quot;:&quot;&quot;,&quot;jet_parallax_layout_bg_x&quot;:50,&quot;jet_parallax_layout_bg_x_tablet&quot;:&quot;&quot;,&quot;jet_parallax_layout_bg_x_mobile&quot;:&quot;&quot;,&quot;jet_parallax_layout_bg_y&quot;:50,&quot;jet_parallax_layout_bg_y_tablet&quot;:&quot;&quot;,&quot;jet_parallax_layout_bg_y_mobile&quot;:&quot;&quot;,&quot;jet_parallax_layout_bg_size&quot;:&quot;auto&quot;,&quot;jet_parallax_layout_bg_size_tablet&quot;:&quot;&quot;,&quot;jet_parallax_layout_bg_size_mobile&quot;:&quot;&quot;,&quot;jet_parallax_layout_animation_prop&quot;:&quot;transform&quot;,&quot;jet_parallax_layout_on&quot;:[&quot;desktop&quot;,&quot;tablet&quot;]}]}\">\n\t\t\t\t\t\t<div class=\"elementor-container elementor-column-gap-default\">\n\t\t\t\t\t<div class=\"elementor-column elementor-col-50 elementor-top-column elementor-element elementor-element-e08bdbf\" data-id=\"e08bdbf\" data-element_type=\"column\" data-e-type=\"column\">\n\t\t\t<div class=\"elementor-widget-wrap elementor-element-populated\">\n\t\t\t\t\t\t<div class=\"elementor-element elementor-element-e43cf5e elementor-widget__width-initial elementor-widget-mobile__width-inherit elementor-widget elementor-widget-toggle\" data-id=\"e43cf5e\" data-element_type=\"widget\" data-e-type=\"widget\" data-widget_type=\"toggle.default\">\n\t\t\t\t<div class=\"elementor-widget-container\">\n\t\t\t\t\t\t\t<div class=\"elementor-toggle\">\n\t\t\t\t\t\t\t<div class=\"elementor-toggle-item\">\n\t\t\t\t\t<div id=\"elementor-tab-title-2391\" class=\"elementor-tab-title\" data-tab=\"1\" role=\"button\" aria-controls=\"elementor-tab-content-2391\" aria-expanded=\"false\">\n\t\t\t\t\t\t\t\t\t\t\t\t<span class=\"elementor-toggle-icon elementor-toggle-icon-left\" aria-hidden=\"true\">\n\t\t\t\t\t\t\t\t\t\t\t\t\t\t\t<span class=\"elementor-toggle-icon-closed\"><i class=\"fas fa-caret-right\"><\/i><\/span>\n\t\t\t\t\t\t\t\t<span class=\"elementor-toggle-icon-opened\"><i class=\"elementor-toggle-icon-opened fas fa-caret-up\"><\/i><\/span>\n\t\t\t\t\t\t\t\t\t\t\t\t\t<\/span>\n\t\t\t\t\t\t\t\t\t\t\t\t<a class=\"elementor-toggle-title\" tabindex=\"0\">K\u00e9rd\u0151\u00edvek fut\u00f3m\u0171vek azonos\u00edt\u00e1s\u00e1hoz<\/a>\n\t\t\t\t\t<\/div>\n\n\t\t\t\t\t<div id=\"elementor-tab-content-2391\" class=\"elementor-tab-content elementor-clearfix\" data-tab=\"1\" role=\"region\" aria-labelledby=\"elementor-tab-title-2391\"><p><strong>K\u00e9rd\u0151\u00edvek (EN\/HU) (Excel 2003 form\u00e1tum)<\/strong><\/p><p><a href=\"http:\/\/raba.hu\/wp-content\/uploads\/letoltheto_dokumentumok\/futomu\/kerdoiv\/ADS_Front_Axles_of_Trucks_or_Buses.xls\" target=\"_blank\" rel=\"noopener\">K\u00e9rd\u0151\u00edv teherg\u00e9pkocsi vagy aut\u00f3busz mells\u0151 fut\u00f3m\u0171vek r\u00e9sz\u00e9re<\/a><\/p><p><a href=\"http:\/\/raba.hu\/wp-content\/uploads\/letoltheto_dokumentumok\/futomu\/kerdoiv\/ADS_Driven_Front_Axles_of_Trucks.xls\" target=\"_blank\" rel=\"noopener\">K\u00e9rd\u0151\u00edv teherg\u00e9pkocsi hajtott mells\u0151 fut\u00f3m\u0171vek r\u00e9sz\u00e9re<\/a><\/p><p><a href=\"http:\/\/raba.hu\/wp-content\/uploads\/letoltheto_dokumentumok\/futomu\/kerdoiv\/ADS_Driven_Rear_Axles_of_Trucks.xls\" target=\"_blank\" rel=\"noopener\">K\u00e9rd\u0151\u00edv teherg\u00e9pkocsi hajtott h\u00e1ts\u00f3 fut\u00f3m\u0171vek r\u00e9sz\u00e9re<\/a><\/p><p><a href=\"http:\/\/raba.hu\/wp-content\/uploads\/letoltheto_dokumentumok\/futomu\/kerdoiv\/ADS_Driven_Rear_Axles_of_Buses_and_Trolley_Buses.xls\" target=\"_blank\" rel=\"noopener\">K\u00e9rd\u0151\u00edv aut\u00f3buszok \u00e9s trolibuszok hajtott h\u00e1ts\u00f3 fut\u00f3m\u0171vei r\u00e9sz\u00e9re<\/a><\/p><p><a href=\"http:\/\/raba.hu\/wp-content\/uploads\/letoltheto_dokumentumok\/futomu\/kerdoiv\/ADS_Drop_Center_Rear_Axles_of_Buses_and_Trolley_Buses.xls\" target=\"_blank\" rel=\"noopener\">K\u00e9rd\u0151\u00edv aut\u00f3buszok \u00e9s trolibuszok hajtott h\u00e1ts\u00f3 port\u00e1l fut\u00f3m\u0171vei r\u00e9sz\u00e9re<\/a>\u00a0<\/p><p><a href=\"http:\/\/raba.hu\/wp-content\/uploads\/letoltheto_dokumentumok\/futomu\/kerdoiv\/ADS_Axles_of_Agricultural_Vehicles.xls\" target=\"_blank\" rel=\"noopener\">K\u00e9rd\u0151\u00edv mez\u0151gazdas\u00e1gi j\u00e1rm\u0171vek fut\u00f3m\u0171vei r\u00e9sz\u00e9re<\/a><\/p><p><a href=\"http:\/\/raba.hu\/wp-content\/uploads\/letoltheto_dokumentumok\/futomu\/kerdoiv\/ADS_Wet_Brake_Axles_of_Construction_Equipment.xls\" target=\"_blank\" rel=\"noopener\">K\u00e9rd\u0151\u00edv munkag\u00e9pek nedvesf\u00e9kes fut\u00f3m\u0171veihez<\/a><\/p><\/div>\n\t\t\t\t<\/div>\n\t\t\t\t\t\t\t<div class=\"elementor-toggle-item\">\n\t\t\t\t\t<div id=\"elementor-tab-title-2392\" class=\"elementor-tab-title\" data-tab=\"2\" role=\"button\" aria-controls=\"elementor-tab-content-2392\" aria-expanded=\"false\">\n\t\t\t\t\t\t\t\t\t\t\t\t<span class=\"elementor-toggle-icon elementor-toggle-icon-left\" aria-hidden=\"true\">\n\t\t\t\t\t\t\t\t\t\t\t\t\t\t\t<span class=\"elementor-toggle-icon-closed\"><i class=\"fas fa-caret-right\"><\/i><\/span>\n\t\t\t\t\t\t\t\t<span class=\"elementor-toggle-icon-opened\"><i class=\"elementor-toggle-icon-opened fas fa-caret-up\"><\/i><\/span>\n\t\t\t\t\t\t\t\t\t\t\t\t\t<\/span>\n\t\t\t\t\t\t\t\t\t\t\t\t<a class=\"elementor-toggle-title\" tabindex=\"0\">Dokumentumok a besz\u00e1ll\u00edt\u00f3knak \u2013 R\u00e1ba Fut\u00f3m\u0171 Kft.<\/a>\n\t\t\t\t\t<\/div>\n\n\t\t\t\t\t<div id=\"elementor-tab-content-2392\" class=\"elementor-tab-content elementor-clearfix\" data-tab=\"2\" role=\"region\" aria-labelledby=\"elementor-tab-title-2392\"><p><a href=\"\/iranyitasi-rendszerek\/raba-futomu-kft\/\"><strong>Besz\u00e1ll\u00edt\u00f3knak<\/strong><\/a><\/p><\/div>\n\t\t\t\t<\/div>\n\t\t\t\t\t\t\t<div class=\"elementor-toggle-item\">\n\t\t\t\t\t<div id=\"elementor-tab-title-2393\" class=\"elementor-tab-title\" data-tab=\"3\" role=\"button\" aria-controls=\"elementor-tab-content-2393\" aria-expanded=\"false\">\n\t\t\t\t\t\t\t\t\t\t\t\t<span class=\"elementor-toggle-icon elementor-toggle-icon-left\" aria-hidden=\"true\">\n\t\t\t\t\t\t\t\t\t\t\t\t\t\t\t<span class=\"elementor-toggle-icon-closed\"><i class=\"fas fa-caret-right\"><\/i><\/span>\n\t\t\t\t\t\t\t\t<span class=\"elementor-toggle-icon-opened\"><i class=\"elementor-toggle-icon-opened fas fa-caret-up\"><\/i><\/span>\n\t\t\t\t\t\t\t\t\t\t\t\t\t<\/span>\n\t\t\t\t\t\t\t\t\t\t\t\t<a class=\"elementor-toggle-title\" tabindex=\"0\">Dokumentumok a besz\u00e1ll\u00edt\u00f3knak \u2013 R\u00e1ba J\u00e1rm\u0171alkatr\u00e9sz  Kft.<\/a>\n\t\t\t\t\t<\/div>\n\n\t\t\t\t\t<div id=\"elementor-tab-content-2393\" class=\"elementor-tab-content elementor-clearfix\" data-tab=\"3\" role=\"region\" aria-labelledby=\"elementor-tab-title-2393\"><p><strong>Besz\u00e1ll\u00edt\u00f3knak<\/strong><\/p><p>A Kft kapcsolattart\u00f3i list\u00e1ja<br \/><a href=\"\/wp-content\/uploads\/letoltheto_dokumentumok\/A_Kft_kapcsolattart\u00f3i_listaja.pdf\" target=\"_blank\" rel=\"noopener\">dokumentum let\u00f6lt\u00e9se\u00a0<\/a><\/p><p>\u00c1ltal\u00e1nos sz\u00e1ll\u00edt\u00e1si felt\u00e9telek<br \/><a href=\"\/wp-content\/uploads\/letoltheto_dokumentumok\/alkatresz\/beszallitoknak\/Altal\u00e1nos szallitasi_feltetelek_1.pdf\" target=\"_blank\" rel=\"noopener\">dokumentum let\u00f6lt\u00e9se<\/a><\/p><p>\u00c1raj\u00e1nlat tartalmi k\u00f6vetelm\u00e9nyei<br \/><a href=\"\/wp-content\/uploads\/letoltheto_dokumentumok\/alkatresz\/beszallitoknak\/Arajanlat_tartalmi_kovetelmenyei.pdf\" target=\"_blank\" rel=\"noopener\">dokumentum let\u00f6lt\u00e9se<\/a><\/p><p>Felhaszn\u00e1l\u00e1si\/elt\u00e9r\u00e9si enged\u00e9lyk\u00e9r\u00e9s<br \/><a href=\"\/wp-content\/uploads\/letoltheto_dokumentumok\/alkatresz\/beszallitoknak\/Felhasznalasi_elteresi_engedely_keres_Use_deviation_request.xls\" target=\"_blank\" rel=\"noopener\">dokumentum let\u00f6lt\u00e9se<\/a><\/p><p>Sz\u00e1ll\u00edt\u00e1si \u00e9s min\u0151s\u00e9gi k\u00f6vetelm\u00e9nyek<br \/><a href=\"\/wp-content\/uploads\/letoltheto_dokumentumok\/alkatresz\/beszallitoknak\/Szallitasi_es_minosegugyi_kovetelmenyek.pdf\" target=\"_blank\" rel=\"noopener\">dokumentum let\u00f6lt\u00e9se<\/a><\/p><p>Sz\u00e1ll\u00edt\u00f3k min\u0151s\u00e9g\u00fcgyi k\u00e9zik\u00f6nyve<br \/><a href=\"\/wp-content\/uploads\/iranyitasi-rendszerek\/jarmualkatreszek\/Szallitok_minosegugyi_kezikonyve.pdf\" target=\"_blank\" rel=\"noopener\">dokumentum let\u00f6lt\u00e9se<\/a><\/p><p>PPAP beny\u00fajt\u00e1si szintek \u00e9s formanyomtatv\u00e1nyok<br \/><a href=\"http:\/\/raba.hu\/wp-content\/uploads\/letoltheto_dokumentumok\/alkatresz\/beszallitoknak\/PPAP beny\u00fajt\u00e1si szintek \u00e9s formanyomtatv\u00e1nyok_2023.xlsx\" target=\"_blank\" rel=\"noopener\" data-wplink-url-error=\"true\">dokumentumok let\u00f6lt\u00e9se<\/a><br \/><a href=\"http:\/\/raba.hu\/wp-content\/uploads\/letoltheto_dokumentumok\/alkatresz\/beszallitoknak\/PPAP beny\u00fajt\u00e1si szintek \u00e9s formanyomtatv\u00e1nyok VDA_2023.xlsm\" target=\"_blank\" rel=\"noopener\" data-wplink-url-error=\"true\">dokumentum let\u00f6lt\u00e9se<\/a><\/p><p> Alv\u00e1llalkoz\u00f3i k\u00f6vetelm\u00e9nyek<br \/><a href=\"http:\/\/raba.hu\/wp-content\/uploads\/iranyitasi-rendszerek\/jarmualkatreszek\/Alvallalkozoi_kovetelmenyek.pdf\" target=\"_blank\" rel=\"noopener\">dokumentum let\u00f6lt\u00e9se<\/a> \u00a0<\/p><p>Folyamatv\u00e1ltoztat\u00e1si k\u00e9relem<br \/><a href=\"http:\/\/raba.hu\/wp-content\/uploads\/letoltheto_dokumentumok\/alkatresz\/beszallitoknak\/Folyamatv\u00e1ltoztat\u00e1si k\u00e9relem_2023.xlsx\" data-wplink-url-error=\"true\">dokumentum let\u00f6lt\u00e9se<\/a><\/p><p>Rajzv\u00e1ltoztat\u00e1si k\u00e9relem<br \/><a href=\"http:\/\/raba.hu\/wp-content\/uploads\/letoltheto_dokumentumok\/alkatresz\/beszallitoknak\/Rajzv\u00e1ltoztat\u00e1si k\u00e9relem_2023.xlsx\" data-wplink-url-error=\"true\">dokumentum let\u00f6lt\u00e9se<\/a><\/p><p>Titoktart\u00e1si meg\u00e1llapod\u00e1s<br \/><a href=\"http:\/\/raba.hu\/wp-content\/uploads\/letoltheto_dokumentumok\/alkatresz\/beszallitoknak\/Titoktart\u00e1si meg\u00e1llapod\u00e1s_2023.doc\" data-wplink-url-error=\"true\">dokumentum let\u00f6lt\u00e9se<\/a><\/p><\/div>\n\t\t\t\t<\/div>\n\t\t\t\t\t\t\t<div class=\"elementor-toggle-item\">\n\t\t\t\t\t<div id=\"elementor-tab-title-2394\" class=\"elementor-tab-title\" data-tab=\"4\" role=\"button\" aria-controls=\"elementor-tab-content-2394\" aria-expanded=\"false\">\n\t\t\t\t\t\t\t\t\t\t\t\t<span class=\"elementor-toggle-icon elementor-toggle-icon-left\" aria-hidden=\"true\">\n\t\t\t\t\t\t\t\t\t\t\t\t\t\t\t<span class=\"elementor-toggle-icon-closed\"><i class=\"fas fa-caret-right\"><\/i><\/span>\n\t\t\t\t\t\t\t\t<span class=\"elementor-toggle-icon-opened\"><i class=\"elementor-toggle-icon-opened fas fa-caret-up\"><\/i><\/span>\n\t\t\t\t\t\t\t\t\t\t\t\t\t<\/span>\n\t\t\t\t\t\t\t\t\t\t\t\t<a class=\"elementor-toggle-title\" tabindex=\"0\">Befektet\u0151knek<\/a>\n\t\t\t\t\t<\/div>\n\n\t\t\t\t\t<div id=\"elementor-tab-content-2394\" class=\"elementor-tab-content elementor-clearfix\" data-tab=\"4\" role=\"region\" aria-labelledby=\"elementor-tab-title-2394\"><p><strong>Tpt. 61. \u00a7-a szerinti, szavazati jogot biztos\u00edt\u00f3 r\u00e9szv\u00e9ny, illet\u0151leg szavazati jog megszerz\u00e9s\u00e9nek vagy elidegen\u00edt\u00e9s\u00e9nek bejelent\u00e9s\u00e9hez haszn\u00e1land\u00f3 formanyomtatv\u00e1ny<\/strong><br \/><a href=\"http:\/\/raba.hu\/wp-content\/uploads\/letoltheto_dokumentumok\/Formanyomtatvany.pdf\" target=\"_blank\" rel=\"noopener\">dokumentum let\u00f6lt\u00e9se<\/a><\/p><p><br \/>Meghatalmaz\u00e1s minta mag\u00e1nszem\u00e9lyek r\u00e9sz\u00e9re<br \/><a href=\"http:\/\/raba.hu\/wp-content\/uploads\/letoltheto_dokumentumok\/kozgyulesi_meghatalmazas_minta_maganszemely.docx\" target=\"_blank\" rel=\"noopener\">dokumentum let\u00f6lt\u00e9se<\/a><\/p><p>Meghatalmaz\u00e1s minta jogi szem\u00e9lyek r\u00e9sz\u00e9re<br \/><a href=\"http:\/\/raba.hu\/wp-content\/uploads\/letoltheto_dokumentumok\/kozgyulesi_meghatalmazas_minta_jogi_szemely.docx\" target=\"_blank\" rel=\"noopener\">dokumentum let\u00f6lt\u00e9se<\/a><\/p><\/div>\n\t\t\t\t<\/div>\n\t\t\t\t\t\t\t<div class=\"elementor-toggle-item\">\n\t\t\t\t\t<div id=\"elementor-tab-title-2395\" class=\"elementor-tab-title\" data-tab=\"5\" role=\"button\" aria-controls=\"elementor-tab-content-2395\" aria-expanded=\"false\">\n\t\t\t\t\t\t\t\t\t\t\t\t<span class=\"elementor-toggle-icon elementor-toggle-icon-left\" aria-hidden=\"true\">\n\t\t\t\t\t\t\t\t\t\t\t\t\t\t\t<span class=\"elementor-toggle-icon-closed\"><i class=\"fas fa-caret-right\"><\/i><\/span>\n\t\t\t\t\t\t\t\t<span class=\"elementor-toggle-icon-opened\"><i class=\"elementor-toggle-icon-opened fas fa-caret-up\"><\/i><\/span>\n\t\t\t\t\t\t\t\t\t\t\t\t\t<\/span>\n\t\t\t\t\t\t\t\t\t\t\t\t<a class=\"elementor-toggle-title\" tabindex=\"0\">Ir\u00e1ny\u00edt\u00e1si rendszerek dokumentumai<\/a>\n\t\t\t\t\t<\/div>\n\n\t\t\t\t\t<div id=\"elementor-tab-content-2395\" class=\"elementor-tab-content elementor-clearfix\" data-tab=\"5\" role=\"region\" aria-labelledby=\"elementor-tab-title-2395\"><a href=\"http:\/\/raba.hu\/iranyitasi-rendszerek\/\">Tov\u00e1bb<\/a><\/div>\n\t\t\t\t<\/div>\n\t\t\t\t\t\t\t<div class=\"elementor-toggle-item\">\n\t\t\t\t\t<div id=\"elementor-tab-title-2396\" class=\"elementor-tab-title\" data-tab=\"6\" role=\"button\" aria-controls=\"elementor-tab-content-2396\" aria-expanded=\"false\">\n\t\t\t\t\t\t\t\t\t\t\t\t<span class=\"elementor-toggle-icon elementor-toggle-icon-left\" aria-hidden=\"true\">\n\t\t\t\t\t\t\t\t\t\t\t\t\t\t\t<span class=\"elementor-toggle-icon-closed\"><i class=\"fas fa-caret-right\"><\/i><\/span>\n\t\t\t\t\t\t\t\t<span class=\"elementor-toggle-icon-opened\"><i class=\"elementor-toggle-icon-opened fas fa-caret-up\"><\/i><\/span>\n\t\t\t\t\t\t\t\t\t\t\t\t\t<\/span>\n\t\t\t\t\t\t\t\t\t\t\t\t<a class=\"elementor-toggle-title\" tabindex=\"0\">R\u00e1ba dolgoz\u00f3knak<\/a>\n\t\t\t\t\t<\/div>\n\n\t\t\t\t\t<div id=\"elementor-tab-content-2396\" class=\"elementor-tab-content elementor-clearfix\" data-tab=\"6\" role=\"region\" aria-labelledby=\"elementor-tab-title-2396\"><p><a href=\"\/wp-content\/uploads\/letoltheto_dokumentumok\/Kedvezmenyes_Telekom_mobil_elofizetes.pdf\" target=\"_blank\" rel=\"noopener\">Kedvezm\u00e9nyes Telekom mobil el\u0151fizet\u00e9s<\/a><\/p><\/div>\n\t\t\t\t<\/div>\n\t\t\t\t\t\t\t\t<\/div>\n\t\t\t\t\t\t<\/div>\n\t\t\t\t<\/div>\n\t\t\t\t\t<\/div>\n\t\t<\/div>\n\t\t\t\t<div class=\"elementor-column elementor-col-50 elementor-top-column elementor-element elementor-element-7401470\" data-id=\"7401470\" data-element_type=\"column\" data-e-type=\"column\">\n\t\t\t<div class=\"elementor-widget-wrap\">\n\t\t\t\t\t\t\t<\/div>\n\t\t<\/div>\n\t\t\t\t\t<\/div>\n\t\t<\/section>\n\t\t\t\t<\/div>\n\t\t","protected":false},"excerpt":{"rendered":"<p>let\u00f6lthet\u0151 dokumentumok K\u00e9rd\u0151\u00edvek fut\u00f3m\u0171vek azonos\u00edt\u00e1s\u00e1hoz K\u00e9rd\u0151\u00edvek (EN\/HU) (Excel 2003 form\u00e1tum) K\u00e9rd\u0151\u00edv teherg\u00e9pkocsi vagy aut\u00f3busz mells\u0151 fut\u00f3m\u0171vek r\u00e9sz\u00e9re K\u00e9rd\u0151\u00edv teherg\u00e9pkocsi hajtott mells\u0151 fut\u00f3m\u0171vek r\u00e9sz\u00e9re K\u00e9rd\u0151\u00edv teherg\u00e9pkocsi hajtott h\u00e1ts\u00f3 fut\u00f3m\u0171vek r\u00e9sz\u00e9re K\u00e9rd\u0151\u00edv aut\u00f3buszok \u00e9s trolibuszok hajtott h\u00e1ts\u00f3 fut\u00f3m\u0171vei r\u00e9sz\u00e9re K\u00e9rd\u0151\u00edv aut\u00f3buszok \u00e9s trolibuszok hajtott h\u00e1ts\u00f3 port\u00e1l fut\u00f3m\u0171vei r\u00e9sz\u00e9re\u00a0 K\u00e9rd\u0151\u00edv mez\u0151gazdas\u00e1gi j\u00e1rm\u0171vek fut\u00f3m\u0171vei r\u00e9sz\u00e9re K\u00e9rd\u0151\u00edv munkag\u00e9pek nedvesf\u00e9kes fut\u00f3m\u0171veihez &#8230; <a title=\"DOWNLOADABLE DOCUMENTS\" class=\"read-more\" href=\"\/en\/letoltheto-documents\/\" aria-label=\"Read more about Let\u00f6lthet\u0151 dokumentumok\">Read more<\/a><\/p>","protected":false},"author":1,"featured_media":0,"parent":0,"menu_order":0,"comment_status":"closed","ping_status":"closed","template":"elementor_header_footer","meta":{"footnotes":""},"class_list":["post-1282","page","type-page","status-publish"],"publishpress_future_action":{"enabled":false,"date":"2026-05-21 13:51:52","action":"change-status","newStatus":"draft","terms":[],"taxonomy":"","extraData":[]},"publishpress_future_workflow_manual_trigger":{"enabledWorkflows":[]},"_links":{"self":[{"href":"\/en\/wp-json\/wp\/v2\/pages\/1282","targetHints":{"allow":["GET"]}}],"collection":[{"href":"\/en\/wp-json\/wp\/v2\/pages"}],"about":[{"href":"\/en\/wp-json\/wp\/v2\/types\/page"}],"author":[{"embeddable":true,"href":"\/en\/wp-json\/wp\/v2\/users\/1"}],"replies":[{"embeddable":true,"href":"\/en\/wp-json\/wp\/v2\/comments?post=1282"}],"version-history":[{"count":25,"href":"\/en\/wp-json\/wp\/v2\/pages\/1282\/revisions"}],"predecessor-version":[{"id":14291,"href":"\/en\/wp-json\/wp\/v2\/pages\/1282\/revisions\/14291"}],"wp:attachment":[{"href":"\/en\/wp-json\/wp\/v2\/media?parent=1282"}],"curies":[{"name":"wp","href":"https:\/\/api.w.org\/{rel}","templated":true}]}}