{"id":11036,"date":"2022-09-09T13:38:20","date_gmt":"2022-09-09T11:38:20","guid":{"rendered":"https:\/\/raba.hu\/?page_id=11036"},"modified":"2024-11-21T14:43:36","modified_gmt":"2024-11-21T13:43:36","slug":"blog","status":"publish","type":"page","link":"\/en\/blog\/","title":{"rendered":"Blog"},"content":{"rendered":"\t\t<div data-elementor-type=\"wp-page\" data-elementor-id=\"11036\" class=\"elementor elementor-11036\" data-elementor-post-type=\"page\">\n\t\t\t\t\t\t<section class=\"elementor-section elementor-top-section elementor-element elementor-element-9f37c4f elementor-section-stretched elementor-section-height-min-height elementor-section-boxed elementor-section-height-default elementor-section-items-middle\" data-id=\"9f37c4f\" data-element_type=\"section\" data-e-type=\"section\" data-settings=\"{&quot;stretch_section&quot;:&quot;section-stretched&quot;,&quot;background_background&quot;:&quot;classic&quot;,&quot;jet_parallax_layout_list&quot;:[{&quot;jet_parallax_layout_image&quot;:{&quot;url&quot;:&quot;&quot;,&quot;id&quot;:&quot;&quot;,&quot;size&quot;:&quot;&quot;},&quot;_id&quot;:&quot;64af405&quot;,&quot;jet_parallax_layout_image_tablet&quot;:{&quot;url&quot;:&quot;&quot;,&quot;id&quot;:&quot;&quot;,&quot;size&quot;:&quot;&quot;},&quot;jet_parallax_layout_image_mobile&quot;:{&quot;url&quot;:&quot;&quot;,&quot;id&quot;:&quot;&quot;,&quot;size&quot;:&quot;&quot;},&quot;jet_parallax_layout_speed&quot;:{&quot;unit&quot;:&quot;%&quot;,&quot;size&quot;:50,&quot;sizes&quot;:[]},&quot;jet_parallax_layout_type&quot;:&quot;scroll&quot;,&quot;jet_parallax_layout_direction&quot;:&quot;1&quot;,&quot;jet_parallax_layout_fx_direction&quot;:null,&quot;jet_parallax_layout_z_index&quot;:&quot;&quot;,&quot;jet_parallax_layout_bg_x&quot;:50,&quot;jet_parallax_layout_bg_x_tablet&quot;:&quot;&quot;,&quot;jet_parallax_layout_bg_x_mobile&quot;:&quot;&quot;,&quot;jet_parallax_layout_bg_y&quot;:50,&quot;jet_parallax_layout_bg_y_tablet&quot;:&quot;&quot;,&quot;jet_parallax_layout_bg_y_mobile&quot;:&quot;&quot;,&quot;jet_parallax_layout_bg_size&quot;:&quot;auto&quot;,&quot;jet_parallax_layout_bg_size_tablet&quot;:&quot;&quot;,&quot;jet_parallax_layout_bg_size_mobile&quot;:&quot;&quot;,&quot;jet_parallax_layout_animation_prop&quot;:&quot;transform&quot;,&quot;jet_parallax_layout_on&quot;:[&quot;desktop&quot;,&quot;tablet&quot;]}]}\">\n\t\t\t\t\t\t\t<div class=\"elementor-background-overlay\"><\/div>\n\t\t\t\t\t\t\t<div class=\"elementor-container elementor-column-gap-default\">\n\t\t\t\t\t<div class=\"elementor-column elementor-col-100 elementor-top-column elementor-element elementor-element-38592fd\" data-id=\"38592fd\" data-element_type=\"column\" data-e-type=\"column\">\n\t\t\t<div class=\"elementor-widget-wrap elementor-element-populated\">\n\t\t\t\t\t\t<div class=\"elementor-element elementor-element-1e16497 elementor-widget elementor-widget-heading\" data-id=\"1e16497\" data-element_type=\"widget\" data-e-type=\"widget\" data-widget_type=\"heading.default\">\n\t\t\t\t<div class=\"elementor-widget-container\">\n\t\t\t\t\t<h1 class=\"elementor-heading-title elementor-size-default\">blog<\/h1>\t\t\t\t<\/div>\n\t\t\t\t<\/div>\n\t\t\t\t\t<\/div>\n\t\t<\/div>\n\t\t\t\t\t<\/div>\n\t\t<\/section>\n\t\t\t\t<section class=\"elementor-section elementor-top-section elementor-element elementor-element-5e326b8 elementor-section-boxed elementor-section-height-default elementor-section-height-default\" data-id=\"5e326b8\" data-element_type=\"section\" data-e-type=\"section\" data-settings=\"{&quot;jet_parallax_layout_list&quot;:[]}\">\n\t\t\t\t\t\t<div class=\"elementor-container elementor-column-gap-default\">\n\t\t\t\t\t<div class=\"elementor-column elementor-col-100 elementor-top-column elementor-element elementor-element-d9e8457\" data-id=\"d9e8457\" data-element_type=\"column\" data-e-type=\"column\">\n\t\t\t<div class=\"elementor-widget-wrap elementor-element-populated\">\n\t\t\t\t\t\t<div class=\"elementor-element elementor-element-4af87fa elementor-grid-3 elementor-grid-tablet-2 elementor-grid-mobile-1 elementor-posts--thumbnail-top elementor-card-shadow-yes elementor-posts__hover-gradient elementor-widget elementor-widget-posts\" data-id=\"4af87fa\" data-element_type=\"widget\" data-e-type=\"widget\" id=\"blog\" data-settings=\"{&quot;pagination_type&quot;:&quot;numbers&quot;,&quot;cards_columns&quot;:&quot;3&quot;,&quot;cards_columns_tablet&quot;:&quot;2&quot;,&quot;cards_columns_mobile&quot;:&quot;1&quot;,&quot;cards_row_gap&quot;:{&quot;unit&quot;:&quot;px&quot;,&quot;size&quot;:35,&quot;sizes&quot;:[]},&quot;cards_row_gap_tablet&quot;:{&quot;unit&quot;:&quot;px&quot;,&quot;size&quot;:&quot;&quot;,&quot;sizes&quot;:[]},&quot;cards_row_gap_mobile&quot;:{&quot;unit&quot;:&quot;px&quot;,&quot;size&quot;:&quot;&quot;,&quot;sizes&quot;:[]}}\" data-widget_type=\"posts.cards\">\n\t\t\t\t<div class=\"elementor-widget-container\">\n\t\t\t\t\t\t\t<div class=\"elementor-posts-container elementor-posts elementor-posts--skin-cards elementor-grid\" role=\"list\">\n\t\t\t\t<article class=\"elementor-post elementor-grid-item post-14475 post type-post status-publish format-standard has-post-thumbnail hentry\" role=\"listitem\">\n\t\t\t<div class=\"elementor-post__card\">\n\t\t\t\t<a class=\"elementor-post__thumbnail__link\" href=\"\/en\/a-raba-tortenete-laprol-lapra-mostantol-digitalis-formaban-is\/\" tabindex=\"-1\"><div class=\"elementor-post__thumbnail\"><img fetchpriority=\"high\" decoding=\"async\" width=\"1100\" height=\"788\" src=\"https:\/\/raba.hu\/wp-content\/uploads\/2025\/12\/Bejegyzeskep-57.png\" class=\"attachment-full size-full wp-image-14487\" alt=\"\" srcset=\"https:\/\/raba.hu\/wp-content\/uploads\/2025\/12\/Bejegyzeskep-57.png 1100w, https:\/\/raba.hu\/wp-content\/uploads\/2025\/12\/Bejegyzeskep-57-300x215.png 300w, https:\/\/raba.hu\/wp-content\/uploads\/2025\/12\/Bejegyzeskep-57-1024x734.png 1024w, https:\/\/raba.hu\/wp-content\/uploads\/2025\/12\/Bejegyzeskep-57-768x550.png 768w, https:\/\/raba.hu\/wp-content\/uploads\/2025\/12\/Bejegyzeskep-57-18x12.png 18w\" sizes=\"(max-width: 1100px) 100vw, 1100px\" \/><\/div><\/a>\n\t\t\t\t<div class=\"elementor-post__text\">\n\t\t\t\t<h3 class=\"elementor-post__title\">\n\t\t\t<a href=\"\/en\/a-raba-tortenete-laprol-lapra-mostantol-digitalis-formaban-is\/\">\n\t\t\t\tA R\u00e1ba t\u00f6rt\u00e9nete lapr\u00f3l lapra, mostant\u00f3l digit\u00e1lis form\u00e1ban is\t\t\t<\/a>\n\t\t<\/h3>\n\t\t\t\t<div class=\"elementor-post__excerpt\">\n\t\t\t<p>Fontos m\u00e9rf\u00f6ldk\u0151h\u00f6z \u00e9rkezett a R\u00e1ba \u00edrott \u00f6r\u00f6ks\u00e9g\u00e9nek meg\u0151rz\u00e9se: sikeresen lez\u00e1rult a R\u00e1ba Magazin \u00e9s el\u0151djeinek teljes k\u00f6r\u0171 digitaliz\u00e1l\u00e1sa. Ennek eredm\u00e9nyek\u00e9nt az 1950-t\u0151l megjelent lapsz\u00e1mok imm\u00e1r<\/p>\n\t\t<\/div>\n\t\t\n\t\t<a class=\"elementor-post__read-more\" href=\"\/en\/a-raba-tortenete-laprol-lapra-mostantol-digitalis-formaban-is\/\" aria-label=\"Read more about A R\u00e1ba t\u00f6rt\u00e9nete lapr\u00f3l lapra, mostant\u00f3l digit\u00e1lis form\u00e1ban is\" tabindex=\"-1\">\n\t\t\tTov\u00e1bb olvasom &gt;&gt;\t\t<\/a>\n\n\t\t\t\t<\/div>\n\t\t\t\t<div class=\"elementor-post__meta-data\">\n\t\t\t\t\t<span class=\"elementor-post-date\">\n\t\t\t2025.12.19.\t\t<\/span>\n\t\t\t\t<\/div>\n\t\t\t\t\t<\/div>\n\t\t<\/article>\n\t\t\t\t<article class=\"elementor-post elementor-grid-item post-14455 post type-post status-publish format-standard has-post-thumbnail hentry\" role=\"listitem\">\n\t\t\t<div class=\"elementor-post__card\">\n\t\t\t\t<a class=\"elementor-post__thumbnail__link\" href=\"\/en\/hosszu-evtizedek-emberi-tortenetek-a-raba-torzsgarda-jubileuma-2025-ben\/\" tabindex=\"-1\"><div class=\"elementor-post__thumbnail\"><img decoding=\"async\" width=\"935\" height=\"519\" src=\"https:\/\/raba.hu\/wp-content\/uploads\/2025\/12\/Torzsgarda_Raba.png\" class=\"attachment-full size-full wp-image-14457\" alt=\"\" srcset=\"https:\/\/raba.hu\/wp-content\/uploads\/2025\/12\/Torzsgarda_Raba.png 935w, https:\/\/raba.hu\/wp-content\/uploads\/2025\/12\/Torzsgarda_Raba-300x167.png 300w, https:\/\/raba.hu\/wp-content\/uploads\/2025\/12\/Torzsgarda_Raba-768x426.png 768w, https:\/\/raba.hu\/wp-content\/uploads\/2025\/12\/Torzsgarda_Raba-18x10.png 18w\" sizes=\"(max-width: 935px) 100vw, 935px\" \/><\/div><\/a>\n\t\t\t\t<div class=\"elementor-post__text\">\n\t\t\t\t<h3 class=\"elementor-post__title\">\n\t\t\t<a href=\"\/en\/hosszu-evtizedek-emberi-tortenetek-a-raba-torzsgarda-jubileuma-2025-ben\/\">\n\t\t\t\tHossz\u00fa \u00e9vtizedek, emberi t\u00f6rt\u00e9netek \u2013 a R\u00e1ba T\u00f6rzsg\u00e1rda jubileuma 2025-ben\t\t\t<\/a>\n\t\t<\/h3>\n\t\t\t\t<div class=\"elementor-post__excerpt\">\n\t\t\t<p>A R\u00c1BA Nyrt. a hagyom\u00e1nyoknak megfelel\u0151en 2025. november 25-\u00e9n ism\u00e9t megrendezte a R\u00e1ba T\u00f6rzsg\u00e1rda jubileumi g\u00e1lavacsor\u00e1t. A rendezv\u00e9ny imm\u00e1r kilencedik alkalommal teremt alkalmat arra, hogy<\/p>\n\t\t<\/div>\n\t\t\n\t\t<a class=\"elementor-post__read-more\" href=\"\/en\/hosszu-evtizedek-emberi-tortenetek-a-raba-torzsgarda-jubileuma-2025-ben\/\" aria-label=\"Read more about Hossz\u00fa \u00e9vtizedek, emberi t\u00f6rt\u00e9netek \u2013 a R\u00e1ba T\u00f6rzsg\u00e1rda jubileuma 2025-ben\" tabindex=\"-1\">\n\t\t\tTov\u00e1bb olvasom &gt;&gt;\t\t<\/a>\n\n\t\t\t\t<\/div>\n\t\t\t\t<div class=\"elementor-post__meta-data\">\n\t\t\t\t\t<span class=\"elementor-post-date\">\n\t\t\t2025.12.03.\t\t<\/span>\n\t\t\t\t<\/div>\n\t\t\t\t\t<\/div>\n\t\t<\/article>\n\t\t\t\t<article class=\"elementor-post elementor-grid-item post-14327 post type-post status-publish format-standard has-post-thumbnail hentry\" role=\"listitem\">\n\t\t\t<div class=\"elementor-post__card\">\n\t\t\t\t<a class=\"elementor-post__thumbnail__link\" href=\"\/en\/nagy-tervek-valos-lehetosegek-egyetemistakent-a-rabanal\/\" tabindex=\"-1\"><div class=\"elementor-post__thumbnail\"><img decoding=\"async\" width=\"1920\" height=\"2560\" src=\"https:\/\/raba.hu\/wp-content\/uploads\/2025\/08\/IMG_6378-scaled.jpg\" class=\"attachment-full size-full wp-image-14329\" alt=\"\" srcset=\"https:\/\/raba.hu\/wp-content\/uploads\/2025\/08\/IMG_6378-scaled.jpg 1920w, https:\/\/raba.hu\/wp-content\/uploads\/2025\/08\/IMG_6378-225x300.jpg 225w, https:\/\/raba.hu\/wp-content\/uploads\/2025\/08\/IMG_6378-768x1024.jpg 768w, https:\/\/raba.hu\/wp-content\/uploads\/2025\/08\/IMG_6378-1152x1536.jpg 1152w, https:\/\/raba.hu\/wp-content\/uploads\/2025\/08\/IMG_6378-1536x2048.jpg 1536w, https:\/\/raba.hu\/wp-content\/uploads\/2025\/08\/IMG_6378-9x12.jpg 9w\" sizes=\"(max-width: 1920px) 100vw, 1920px\" \/><\/div><\/a>\n\t\t\t\t<div class=\"elementor-post__text\">\n\t\t\t\t<h3 class=\"elementor-post__title\">\n\t\t\t<a href=\"\/en\/nagy-tervek-valos-lehetosegek-egyetemistakent-a-rabanal\/\">\n\t\t\t\tNagy tervek, val\u00f3s lehet\u0151s\u00e9gek \u2013 egyetemistak\u00e9nt a R\u00e1b\u00e1n\u00e1l\t\t\t<\/a>\n\t\t<\/h3>\n\t\t\t\t<div class=\"elementor-post__excerpt\">\n\t\t\t<p>A fels\u0151oktat\u00e1si ponthat\u00e1rok kihirdet\u00e9se id\u00e9n is sz\u00e1mos fiatal sz\u00e1m\u00e1ra nyitja meg az egyetemi tanulm\u00e1nyok kapuj\u00e1t. A R\u00e1b\u00e1n\u00e1l kiemelt jelent\u0151s\u00e9get tulajdon\u00edtunk annak, hogy a fels\u0151oktat\u00e1s ne<\/p>\n\t\t<\/div>\n\t\t\n\t\t<a class=\"elementor-post__read-more\" href=\"\/en\/nagy-tervek-valos-lehetosegek-egyetemistakent-a-rabanal\/\" aria-label=\"Read more about Nagy tervek, val\u00f3s lehet\u0151s\u00e9gek \u2013 egyetemistak\u00e9nt a R\u00e1b\u00e1n\u00e1l\" tabindex=\"-1\">\n\t\t\tTov\u00e1bb olvasom &gt;&gt;\t\t<\/a>\n\n\t\t\t\t<\/div>\n\t\t\t\t<div class=\"elementor-post__meta-data\">\n\t\t\t\t\t<span class=\"elementor-post-date\">\n\t\t\t2025.08.14.\t\t<\/span>\n\t\t\t\t<\/div>\n\t\t\t\t\t<\/div>\n\t\t<\/article>\n\t\t\t\t<article class=\"elementor-post elementor-grid-item post-14306 post type-post status-publish format-standard has-post-thumbnail hentry\" role=\"listitem\">\n\t\t\t<div class=\"elementor-post__card\">\n\t\t\t\t<a class=\"elementor-post__thumbnail__link\" href=\"\/en\/raba-futomu-az-eszakkelet-magyarorszagi-ipartorteneti-emlekparkban\/\" tabindex=\"-1\"><div class=\"elementor-post__thumbnail\"><img loading=\"lazy\" decoding=\"async\" width=\"2560\" height=\"964\" src=\"https:\/\/raba.hu\/wp-content\/uploads\/2025\/07\/DSC0785622-scaled.jpg\" class=\"attachment-full size-full wp-image-14315\" alt=\"\" srcset=\"https:\/\/raba.hu\/wp-content\/uploads\/2025\/07\/DSC0785622-scaled.jpg 2560w, https:\/\/raba.hu\/wp-content\/uploads\/2025\/07\/DSC0785622-300x113.jpg 300w, https:\/\/raba.hu\/wp-content\/uploads\/2025\/07\/DSC0785622-1024x386.jpg 1024w, https:\/\/raba.hu\/wp-content\/uploads\/2025\/07\/DSC0785622-768x289.jpg 768w, https:\/\/raba.hu\/wp-content\/uploads\/2025\/07\/DSC0785622-1536x578.jpg 1536w, https:\/\/raba.hu\/wp-content\/uploads\/2025\/07\/DSC0785622-2048x771.jpg 2048w, https:\/\/raba.hu\/wp-content\/uploads\/2025\/07\/DSC0785622-18x7.jpg 18w\" sizes=\"(max-width: 2560px) 100vw, 2560px\" \/><\/div><\/a>\n\t\t\t\t<div class=\"elementor-post__text\">\n\t\t\t\t<h3 class=\"elementor-post__title\">\n\t\t\t<a href=\"\/en\/raba-futomu-az-eszakkelet-magyarorszagi-ipartorteneti-emlekparkban\/\">\n\t\t\t\tR\u00e1ba fut\u00f3m\u0171 az \u00c9szakkelet-Magyarorsz\u00e1gi Ipart\u00f6rt\u00e9neti Eml\u00e9kparkban\t\t\t<\/a>\n\t\t<\/h3>\n\t\t\t\t<div class=\"elementor-post__excerpt\">\n\t\t\t<p>Egy k\u00fcl\u00f6nleges R\u00e1ba-alkatr\u00e9sszel gazdagodott az \u00c9szakkelet-Magyarorsz\u00e1g Ipart\u00f6rt\u00e9net\u00e9nek \u00c1pol\u00e1s\u00e1\u00e9rt Alap\u00edtv\u00e1ny gy\u0171jtem\u00e9nye: a R\u00e1ba a 932.21 t\u00edpus\u00fa, t\u00e1rcsaf\u00e9kes mells\u0151 fut\u00f3m\u0171v\u00e9t bocs\u00e1totta az Alap\u00edtv\u00e1ny rendelkez\u00e9s\u00e9re, amely mostant\u00f3l \u00e1lland\u00f3<\/p>\n\t\t<\/div>\n\t\t\n\t\t<a class=\"elementor-post__read-more\" href=\"\/en\/raba-futomu-az-eszakkelet-magyarorszagi-ipartorteneti-emlekparkban\/\" aria-label=\"Read more about R\u00e1ba fut\u00f3m\u0171 az \u00c9szakkelet-Magyarorsz\u00e1gi Ipart\u00f6rt\u00e9neti Eml\u00e9kparkban\" tabindex=\"-1\">\n\t\t\tTov\u00e1bb olvasom &gt;&gt;\t\t<\/a>\n\n\t\t\t\t<\/div>\n\t\t\t\t<div class=\"elementor-post__meta-data\">\n\t\t\t\t\t<span class=\"elementor-post-date\">\n\t\t\t2025.07.07.\t\t<\/span>\n\t\t\t\t<\/div>\n\t\t\t\t\t<\/div>\n\t\t<\/article>\n\t\t\t\t<article class=\"elementor-post elementor-grid-item post-14263 post type-post status-publish format-standard has-post-thumbnail hentry\" role=\"listitem\">\n\t\t\t<div class=\"elementor-post__card\">\n\t\t\t\t<a class=\"elementor-post__thumbnail__link\" href=\"\/en\/atlathato-mukodes-zoldebb-jovo-bemutatkozik-a-raba-csoport-elso-fenntarthatosagi-jelentese\/\" tabindex=\"-1\"><div class=\"elementor-post__thumbnail\"><img loading=\"lazy\" decoding=\"async\" width=\"2048\" height=\"1535\" src=\"https:\/\/raba.hu\/wp-content\/uploads\/2025\/06\/dr.Buday-Zsolt.png\" class=\"attachment-full size-full wp-image-14275\" alt=\"\" srcset=\"https:\/\/raba.hu\/wp-content\/uploads\/2025\/06\/dr.Buday-Zsolt.png 2048w, https:\/\/raba.hu\/wp-content\/uploads\/2025\/06\/dr.Buday-Zsolt-300x225.png 300w, https:\/\/raba.hu\/wp-content\/uploads\/2025\/06\/dr.Buday-Zsolt-1024x768.png 1024w, https:\/\/raba.hu\/wp-content\/uploads\/2025\/06\/dr.Buday-Zsolt-768x576.png 768w, https:\/\/raba.hu\/wp-content\/uploads\/2025\/06\/dr.Buday-Zsolt-1536x1151.png 1536w, https:\/\/raba.hu\/wp-content\/uploads\/2025\/06\/dr.Buday-Zsolt-16x12.png 16w\" sizes=\"(max-width: 2048px) 100vw, 2048px\" \/><\/div><\/a>\n\t\t\t\t<div class=\"elementor-post__text\">\n\t\t\t\t<h3 class=\"elementor-post__title\">\n\t\t\t<a href=\"\/en\/atlathato-mukodes-zoldebb-jovo-bemutatkozik-a-raba-csoport-elso-fenntarthatosagi-jelentese\/\">\n\t\t\t\t\u00c1tl\u00e1that\u00f3 m\u0171k\u00f6d\u00e9s, z\u00f6ldebb j\u00f6v\u0151 \u2013 bemutatkozik a R\u00e1ba csoport els\u0151 Fenntarthat\u00f3s\u00e1gi jelent\u00e9se\t\t\t<\/a>\n\t\t<\/h3>\n\t\t\t\t<div class=\"elementor-post__excerpt\">\n\t\t\t<p>Mi az a fenntarthat\u00f3s\u00e1gi jelent\u00e9s? Kinek k\u00f6telez\u0151, \u00e9s mi\u00e9rt fontos ez a v\u00e1llalatok sz\u00e1m\u00e1ra? A k\u00f6rnyezetv\u00e9delmi vil\u00e1gnap alkalm\u00e1b\u00f3l ezekre a k\u00e9rd\u00e9sekre is v\u00e1laszt ad a<\/p>\n\t\t<\/div>\n\t\t\n\t\t<a class=\"elementor-post__read-more\" href=\"\/en\/atlathato-mukodes-zoldebb-jovo-bemutatkozik-a-raba-csoport-elso-fenntarthatosagi-jelentese\/\" aria-label=\"Read more about \u00c1tl\u00e1that\u00f3 m\u0171k\u00f6d\u00e9s, z\u00f6ldebb j\u00f6v\u0151 \u2013 bemutatkozik a R\u00e1ba csoport els\u0151 Fenntarthat\u00f3s\u00e1gi jelent\u00e9se\" tabindex=\"-1\">\n\t\t\tTov\u00e1bb olvasom &gt;&gt;\t\t<\/a>\n\n\t\t\t\t<\/div>\n\t\t\t\t<div class=\"elementor-post__meta-data\">\n\t\t\t\t\t<span class=\"elementor-post-date\">\n\t\t\t2025.06.05.\t\t<\/span>\n\t\t\t\t<\/div>\n\t\t\t\t\t<\/div>\n\t\t<\/article>\n\t\t\t\t<article class=\"elementor-post elementor-grid-item post-14223 post type-post status-publish format-standard has-post-thumbnail hentry\" role=\"listitem\">\n\t\t\t<div class=\"elementor-post__card\">\n\t\t\t\t<a class=\"elementor-post__thumbnail__link\" href=\"\/en\/ismert-vezeto-kettos-kuldetes\/\" tabindex=\"-1\"><div class=\"elementor-post__thumbnail\"><img loading=\"lazy\" decoding=\"async\" width=\"2560\" height=\"1440\" src=\"https:\/\/raba.hu\/wp-content\/uploads\/2025\/05\/VL_borito-scaled.jpg\" class=\"attachment-full size-full wp-image-14225\" alt=\"\" srcset=\"https:\/\/raba.hu\/wp-content\/uploads\/2025\/05\/VL_borito-scaled.jpg 2560w, https:\/\/raba.hu\/wp-content\/uploads\/2025\/05\/VL_borito-300x169.jpg 300w, https:\/\/raba.hu\/wp-content\/uploads\/2025\/05\/VL_borito-1024x576.jpg 1024w, https:\/\/raba.hu\/wp-content\/uploads\/2025\/05\/VL_borito-768x432.jpg 768w, https:\/\/raba.hu\/wp-content\/uploads\/2025\/05\/VL_borito-1536x864.jpg 1536w, https:\/\/raba.hu\/wp-content\/uploads\/2025\/05\/VL_borito-2048x1152.jpg 2048w, https:\/\/raba.hu\/wp-content\/uploads\/2025\/05\/VL_borito-18x10.jpg 18w\" sizes=\"(max-width: 2560px) 100vw, 2560px\" \/><\/div><\/a>\n\t\t\t\t<div class=\"elementor-post__text\">\n\t\t\t\t<h3 class=\"elementor-post__title\">\n\t\t\t<a href=\"\/en\/ismert-vezeto-kettos-kuldetes\/\">\n\t\t\t\tIsmert vezet\u0151 \u2013 kett\u0151s k\u00fcldet\u00e9s\t\t\t<\/a>\n\t\t<\/h3>\n\t\t\t\t<div class=\"elementor-post__excerpt\">\n\t\t\t<p>Vida L\u00e1szl\u00f3 2025. m\u00e1rcius 3-\u00e1n vette \u00e1t a R\u00e1ba Fut\u00f3m\u0171 Kft. \u00fcgyvezet\u0151i poz\u00edci\u00f3j\u00e1t. Az az\u00f3ta eltelt h\u00f3napok sor\u00e1n szerzett tapasztalatok, valamint az \u00e1ltala vezetett csapat<\/p>\n\t\t<\/div>\n\t\t\n\t\t<a class=\"elementor-post__read-more\" href=\"\/en\/ismert-vezeto-kettos-kuldetes\/\" aria-label=\"Read more about Ismert vezet\u0151 \u2013 kett\u0151s k\u00fcldet\u00e9s\" tabindex=\"-1\">\n\t\t\tTov\u00e1bb olvasom &gt;&gt;\t\t<\/a>\n\n\t\t\t\t<\/div>\n\t\t\t\t<div class=\"elementor-post__meta-data\">\n\t\t\t\t\t<span class=\"elementor-post-date\">\n\t\t\t2025.05.12.\t\t<\/span>\n\t\t\t\t<\/div>\n\t\t\t\t\t<\/div>\n\t\t<\/article>\n\t\t\t\t<\/div>\n\t\t\n\t\t\t\t<div class=\"e-load-more-anchor\" data-page=\"1\" data-max-page=\"11\" data-next-page=\"https:\/\/raba.hu\/wp-json\/wp\/v2\/pages\/11036\/page\/2\/\"><\/div>\n\t\t\t\t<nav class=\"elementor-pagination\" aria-label=\"Pagination\">\n\t\t\t<span aria-current=\"page\" class=\"page-numbers current\"><span class=\"elementor-screen-only\">Page<\/span>1<\/span>\n<a class=\"page-numbers\" href=\"https:\/\/raba.hu\/wp-json\/wp\/v2\/pages\/11036\/page\/2\/\"><span class=\"elementor-screen-only\">Page<\/span>2<\/a>\n<a class=\"page-numbers\" href=\"https:\/\/raba.hu\/wp-json\/wp\/v2\/pages\/11036\/page\/3\/\"><span class=\"elementor-screen-only\">Page<\/span>3<\/a>\n<a class=\"page-numbers\" href=\"https:\/\/raba.hu\/wp-json\/wp\/v2\/pages\/11036\/page\/4\/\"><span class=\"elementor-screen-only\">Page<\/span>4<\/a>\n<a class=\"page-numbers\" href=\"https:\/\/raba.hu\/wp-json\/wp\/v2\/pages\/11036\/page\/5\/\"><span class=\"elementor-screen-only\">Page<\/span>5<\/a>\t\t<\/nav>\n\t\t\t\t\t\t<\/div>\n\t\t\t\t<\/div>\n\t\t\t\t\t<\/div>\n\t\t<\/div>\n\t\t\t\t\t<\/div>\n\t\t<\/section>\n\t\t\t\t<\/div>\n\t\t","protected":false},"excerpt":{"rendered":"","protected":false},"author":1,"featured_media":0,"parent":0,"menu_order":0,"comment_status":"closed","ping_status":"closed","template":"elementor_header_footer","meta":{"footnotes":""},"class_list":["post-11036","page","type-page","status-publish","hentry"],"publishpress_future_action":{"enabled":false,"date":"2026-05-21 13:52:36","action":"change-status","newStatus":"draft","terms":[],"taxonomy":"","extraData":[]},"publishpress_future_workflow_manual_trigger":{"enabledWorkflows":[]},"_links":{"self":[{"href":"\/en\/wp-json\/wp\/v2\/pages\/11036","targetHints":{"allow":["GET"]}}],"collection":[{"href":"\/en\/wp-json\/wp\/v2\/pages"}],"about":[{"href":"\/en\/wp-json\/wp\/v2\/types\/page"}],"author":[{"embeddable":true,"href":"\/en\/wp-json\/wp\/v2\/users\/1"}],"replies":[{"embeddable":true,"href":"\/en\/wp-json\/wp\/v2\/comments?post=11036"}],"version-history":[{"count":3,"href":"\/en\/wp-json\/wp\/v2\/pages\/11036\/revisions"}],"predecessor-version":[{"id":13899,"href":"\/en\/wp-json\/wp\/v2\/pages\/11036\/revisions\/13899"}],"wp:attachment":[{"href":"\/en\/wp-json\/wp\/v2\/media?parent=11036"}],"curies":[{"name":"wp","href":"https:\/\/api.w.org\/{rel}","templated":true}]}}